{"id":4209,"date":"2022-12-12T17:08:58","date_gmt":"2022-12-12T17:08:58","guid":{"rendered":"https:\/\/nissantravelguide.com\/manifesto-andel\/"},"modified":"2022-12-12T17:08:58","modified_gmt":"2022-12-12T17:08:58","slug":"manifesto-andel","status":"publish","type":"page","link":"https:\/\/nissantravelguide.com\/fr\/prague\/manifesto-andel\/","title":{"rendered":"Manifesto And\u011bl"},"content":{"rendered":"<p class=\"p1\">Vous voulez d\u00e9couvrir l\u2019un des (nombreux) hauts lieux tendance de Prague\u00a0? Le Manifesto Market \u00e0 And\u011bl, lieu de r\u00e9union et de restauration au c\u0153ur de la ville, est certainement un lieu \u00e0 d\u00e9couvrir. Transformant ce qui \u00e9tait un espace oubli\u00e9 et sous-utilis\u00e9 en une destination sociale et culturelle populaire, le Manifesto And\u011bl offre une vari\u00e9t\u00e9 de restaurants et deux bars dans une atmosph\u00e8re anim\u00e9e et festive. Faites votre choix parmi une gamme de plats authentiques provenant de 14 cuisines diff\u00e9rentes, tout en d\u00e9gustant des boissons de fournisseurs et de brasseries locaux. Ouvert tous les jours et toute l\u2019ann\u00e9e, de 11 h \u00e0 22 h.<\/p>\n","protected":false},"excerpt":{"rendered":"<p>Vous voulez d\u00e9couvrir l\u2019un des (nombreux) hauts lieux tendance de Prague\u00a0? Le Manifesto Market \u00e0 And\u011bl, lieu de r\u00e9union et de restauration au c\u0153ur de la ville, est certainement un lieu \u00e0 d\u00e9couvrir. Transformant ce qui \u00e9tait un espace oubli\u00e9 et sous-utilis\u00e9 en une destination sociale et culturelle populaire, le Manifesto And\u011bl offre une vari\u00e9t\u00e9 [&hellip;]<\/p>\n","protected":false},"author":1,"featured_media":3625,"parent":4232,"menu_order":0,"comment_status":"closed","ping_status":"closed","template":"tpl-location.php","meta":{"_acf_changed":false,"footnotes":""},"acf":{"address":"Ostrovsk\u00e9ho 34, 150 00 Praha 5-And\u011bl, Czechia","location_type":"interest","map_link":"https:\/\/www.google.com\/maps\/place\/Manifesto+Market+And%C4%9Bl\/@50.0693087,14.4041424,17z\/data=!3m1!4b1!4m5!3m4!1s0x470b95d52bab27a7:0xebe4d36ea0f3d796!8m2!3d50.0693087!4d14.4041424","trip_advisor":"https:\/\/www.tripadvisor.com\/Restaurant_Review-g274707-d23650020-Reviews-Manifesto_Market_Andel-Prague_Bohemia.html","coordinates":{"latitude":"50.0693087","longitude":"14.4041424"},"charging_stations":[{"charging_station":"Milevska 922 (5km \/ 14 min)"}]},"aioseo_notices":[],"_links":{"self":[{"href":"https:\/\/nissantravelguide.com\/fr\/wp-json\/wp\/v2\/pages\/4209"}],"collection":[{"href":"https:\/\/nissantravelguide.com\/fr\/wp-json\/wp\/v2\/pages"}],"about":[{"href":"https:\/\/nissantravelguide.com\/fr\/wp-json\/wp\/v2\/types\/page"}],"author":[{"embeddable":true,"href":"https:\/\/nissantravelguide.com\/fr\/wp-json\/wp\/v2\/users\/1"}],"replies":[{"embeddable":true,"href":"https:\/\/nissantravelguide.com\/fr\/wp-json\/wp\/v2\/comments?post=4209"}],"version-history":[{"count":0,"href":"https:\/\/nissantravelguide.com\/fr\/wp-json\/wp\/v2\/pages\/4209\/revisions"}],"up":[{"embeddable":true,"href":"https:\/\/nissantravelguide.com\/fr\/wp-json\/wp\/v2\/pages\/4232"}],"wp:featuredmedia":[{"embeddable":true,"href":"https:\/\/nissantravelguide.com\/fr\/wp-json\/wp\/v2\/media\/3625"}],"wp:attachment":[{"href":"https:\/\/nissantravelguide.com\/fr\/wp-json\/wp\/v2\/media?parent=4209"}],"curies":[{"name":"wp","href":"https:\/\/api.w.org\/{rel}","templated":true}]}}