{"id":4210,"date":"2022-12-12T17:09:30","date_gmt":"2022-12-12T17:09:30","guid":{"rendered":"https:\/\/nissantravelguide.com\/marches-fermiers-naplavka-et-autres\/"},"modified":"2022-12-12T17:09:30","modified_gmt":"2022-12-12T17:09:30","slug":"marches-fermiers-naplavka-et-autres","status":"publish","type":"page","link":"https:\/\/nissantravelguide.com\/fr\/prague\/marches-fermiers-naplavka-et-autres\/","title":{"rendered":"March\u00e9s fermiers (Naplavka et autres)"},"content":{"rendered":"<p class=\"p1\">Voici comment d\u00e9couvrir les produits tch\u00e8ques les plus frais et les plus raffin\u00e9s sur les rives du fleuve Vltava. Parcourez plus de 90 \u00e9tals au march\u00e9 fermier de Naplavka, qui se tient le samedi depuis 2010\u00a0et qui est maintenant un lieu incontournable du week-end de Prague. Outre les produits frais, vous trouverez des cosm\u00e9tiques naturels et \u00e9thiques, des articles artisanaux faits maison, du caf\u00e9, des confitures, des fleurs fra\u00eeches et bien plus encore&#8230; Oh, et il y a \u00e9galement de d\u00e9licieux plats et de la musique live \u00e0 savourer pendant que vous vous promenez sur le march\u00e9.<\/p>\n<p class=\"p1\">Remarque\u00a0: Ouvert le samedi de f\u00e9vrier \u00e0 No\u00ebl, de 8h00 \u00e0 14h00. Les visiteurs sont encourag\u00e9s \u00e0 apporter leurs propres sacs, de pr\u00e9f\u00e9rence fabriqu\u00e9s \u00e0 partir de mat\u00e9riaux durables.<span class=\"Apple-converted-space\">\u00a0<\/span><\/p>\n","protected":false},"excerpt":{"rendered":"<p>Voici comment d\u00e9couvrir les produits tch\u00e8ques les plus frais et les plus raffin\u00e9s sur les rives du fleuve Vltava. Parcourez plus de 90 \u00e9tals au march\u00e9 fermier de Naplavka, qui se tient le samedi depuis 2010\u00a0et qui est maintenant un lieu incontournable du week-end de Prague. Outre les produits frais, vous trouverez des cosm\u00e9tiques naturels [&hellip;]<\/p>\n","protected":false},"author":1,"featured_media":3580,"parent":4232,"menu_order":0,"comment_status":"closed","ping_status":"closed","template":"tpl-location.php","meta":{"_acf_changed":false,"footnotes":""},"acf":{"address":"Ra\u0161\u00ednovo n\u00e1b\u0159e\u017e\u00ed Vltavsk\u00e1, N\u00e1plavka, 120 00 Praha 2, Czechia","location_type":"interest","map_link":"https:\/\/www.google.com\/maps\/place\/Farmers'+Saturday+market\/@50.0706661,14.4140813,15z\/data=!4m5!3m4!1s0x0:0xbe27b6c2d22d02c2!8m2!3d50.0706661!4d14.4140813","trip_advisor":"https:\/\/www.tripadvisor.com\/Attraction_Review-g274707-d7623543-Reviews-Naplavka_Farmer_s_Market-Prague_Bohemia.html","coordinates":{"latitude":"50.0706661","longitude":"14.4140813"},"charging_stations":[{"charging_station":"Type 2 (22kW): Sokolovska 11 (2.7km \/ 9 min)"}]},"aioseo_notices":[],"_links":{"self":[{"href":"https:\/\/nissantravelguide.com\/fr\/wp-json\/wp\/v2\/pages\/4210"}],"collection":[{"href":"https:\/\/nissantravelguide.com\/fr\/wp-json\/wp\/v2\/pages"}],"about":[{"href":"https:\/\/nissantravelguide.com\/fr\/wp-json\/wp\/v2\/types\/page"}],"author":[{"embeddable":true,"href":"https:\/\/nissantravelguide.com\/fr\/wp-json\/wp\/v2\/users\/1"}],"replies":[{"embeddable":true,"href":"https:\/\/nissantravelguide.com\/fr\/wp-json\/wp\/v2\/comments?post=4210"}],"version-history":[{"count":0,"href":"https:\/\/nissantravelguide.com\/fr\/wp-json\/wp\/v2\/pages\/4210\/revisions"}],"up":[{"embeddable":true,"href":"https:\/\/nissantravelguide.com\/fr\/wp-json\/wp\/v2\/pages\/4232"}],"wp:featuredmedia":[{"embeddable":true,"href":"https:\/\/nissantravelguide.com\/fr\/wp-json\/wp\/v2\/media\/3580"}],"wp:attachment":[{"href":"https:\/\/nissantravelguide.com\/fr\/wp-json\/wp\/v2\/media?parent=4210"}],"curies":[{"name":"wp","href":"https:\/\/api.w.org\/{rel}","templated":true}]}}