{"id":4211,"date":"2022-12-12T17:09:46","date_gmt":"2022-12-12T17:09:46","guid":{"rendered":"https:\/\/nissantravelguide.com\/nila\/"},"modified":"2022-12-12T17:09:46","modified_gmt":"2022-12-12T17:09:46","slug":"nila","status":"publish","type":"page","link":"https:\/\/nissantravelguide.com\/fr\/prague\/nila\/","title":{"rendered":"NILA"},"content":{"rendered":"<p class=\"p1\">Passionn\u00e9s de mode\u00a0: ceci est fait pour vous. D\u00e9couvrez une gamme de v\u00eatements, d\u2019accessoires, de d\u00e9corations d\u2019int\u00e9rieur et de produits de beaut\u00e9 et de style de vie durables et \u00e9quitables de plus de 150\u00a0marques du monde entier au Nila, une boutique tendance avec de nombreux sites \u00e0 Prague. Nila adopte une approche \u00e9thique de la mode, contre la surproduction et les d\u00e9chets, en choisissant uniquement les mat\u00e9riaux de la plus haute qualit\u00e9, qui sont r\u00e9guli\u00e8rement \u00e9valu\u00e9s pour leur durabilit\u00e9 et leur valeur globale.<span class=\"Apple-converted-space\">\u00a0<\/span><\/p>\n","protected":false},"excerpt":{"rendered":"<p>Passionn\u00e9s de mode\u00a0: ceci est fait pour vous. D\u00e9couvrez une gamme de v\u00eatements, d\u2019accessoires, de d\u00e9corations d\u2019int\u00e9rieur et de produits de beaut\u00e9 et de style de vie durables et \u00e9quitables de plus de 150\u00a0marques du monde entier au Nila, une boutique tendance avec de nombreux sites \u00e0 Prague. Nila adopte une approche \u00e9thique de la [&hellip;]<\/p>\n","protected":false},"author":1,"featured_media":3640,"parent":4232,"menu_order":0,"comment_status":"closed","ping_status":"closed","template":"tpl-location.php","meta":{"_acf_changed":false,"footnotes":""},"acf":{"address":"M. Hor\u00e1kov\u00e9 690\/4, 170 00 Praha 7-Hole\u0161ovice, Czechia","location_type":"interest","map_link":"https:\/\/www.google.com\/maps\/place\/Nila+Letn%C3%A1\/@50.0990299,14.4325605,17z\/data=!4m5!3m4!1s0x470b953da20aeab3:0x4449d5195ff8e16c!8m2!3d50.0991104!4d14.4325968","trip_advisor":"https:\/\/www.tripadvisor.com\/Attraction_Review-g274707-d7789481-Reviews-NILA-Prague_Bohemia.html","coordinates":{"latitude":"50.0990299","longitude":"14.4325605"},"charging_stations":[{"charging_station":"Type 2 (22kW): Sokolovska 11 (1.8km \/ 5 min)"}]},"aioseo_notices":[],"_links":{"self":[{"href":"https:\/\/nissantravelguide.com\/fr\/wp-json\/wp\/v2\/pages\/4211"}],"collection":[{"href":"https:\/\/nissantravelguide.com\/fr\/wp-json\/wp\/v2\/pages"}],"about":[{"href":"https:\/\/nissantravelguide.com\/fr\/wp-json\/wp\/v2\/types\/page"}],"author":[{"embeddable":true,"href":"https:\/\/nissantravelguide.com\/fr\/wp-json\/wp\/v2\/users\/1"}],"replies":[{"embeddable":true,"href":"https:\/\/nissantravelguide.com\/fr\/wp-json\/wp\/v2\/comments?post=4211"}],"version-history":[{"count":0,"href":"https:\/\/nissantravelguide.com\/fr\/wp-json\/wp\/v2\/pages\/4211\/revisions"}],"up":[{"embeddable":true,"href":"https:\/\/nissantravelguide.com\/fr\/wp-json\/wp\/v2\/pages\/4232"}],"wp:featuredmedia":[{"embeddable":true,"href":"https:\/\/nissantravelguide.com\/fr\/wp-json\/wp\/v2\/media\/3640"}],"wp:attachment":[{"href":"https:\/\/nissantravelguide.com\/fr\/wp-json\/wp\/v2\/media?parent=4211"}],"curies":[{"name":"wp","href":"https:\/\/api.w.org\/{rel}","templated":true}]}}