{"id":4212,"date":"2022-12-12T17:10:05","date_gmt":"2022-12-12T17:10:05","guid":{"rendered":"https:\/\/nissantravelguide.com\/bohempia\/"},"modified":"2022-12-12T17:10:05","modified_gmt":"2022-12-12T17:10:05","slug":"bohempia","status":"publish","type":"page","link":"https:\/\/nissantravelguide.com\/fr\/prague\/bohempia\/","title":{"rendered":"Bohempia"},"content":{"rendered":"<p class=\"p1\">Si vous aimez le chanvre, ne cherchez pas plus loin ! Fond\u00e9e en 2015, Bohempia est une marque de v\u00eatements innovante qui utilise le chanvre comme mat\u00e9riau cl\u00e9. En mettant l\u2019accent sur la durabilit\u00e9 \u00e9cologique et sociale, Bohempia rend tous ses produits aussi locaux que possible et donne \u00e0 chacun l\u2019occasion de d\u00e9couvrir \u00e0 quel point le chanvre est polyvalent et puissant.<\/p>\n","protected":false},"excerpt":{"rendered":"<p>Si vous aimez le chanvre, ne cherchez pas plus loin ! Fond\u00e9e en 2015, Bohempia est une marque de v\u00eatements innovante qui utilise le chanvre comme mat\u00e9riau cl\u00e9. En mettant l\u2019accent sur la durabilit\u00e9 \u00e9cologique et sociale, Bohempia rend tous ses produits aussi locaux que possible et donne \u00e0 chacun l\u2019occasion de d\u00e9couvrir \u00e0 quel [&hellip;]<\/p>\n","protected":false},"author":1,"featured_media":3530,"parent":4232,"menu_order":0,"comment_status":"closed","ping_status":"closed","template":"tpl-location.php","meta":{"_acf_changed":false,"footnotes":""},"acf":{"address":"76, Sokolovsk\u00e1 105, Karl\u00edn, 186 00 Praha 8, Czechia","location_type":"interest","map_link":"https:\/\/www.google.com\/maps\/place\/Bohempia+store\/@50.0934829,14.4495996,15z\/data=!4m5!3m4!1s0x0:0x71f970a3010475fd!8m2!3d50.0934829!4d14.4495996","trip_advisor":"https:\/\/www.tripadvisor.com\/Attraction_Review-g274707-d13085009-Reviews-Bohempia-Prague_Bohemia.html","coordinates":{"latitude":"50.0934829","longitude":"14.4495996"},"charging_stations":[{"charging_station":"Type 2 (22kW): Sokolovska 11 (1.6km \/ 5 min) "}]},"aioseo_notices":[],"_links":{"self":[{"href":"https:\/\/nissantravelguide.com\/fr\/wp-json\/wp\/v2\/pages\/4212"}],"collection":[{"href":"https:\/\/nissantravelguide.com\/fr\/wp-json\/wp\/v2\/pages"}],"about":[{"href":"https:\/\/nissantravelguide.com\/fr\/wp-json\/wp\/v2\/types\/page"}],"author":[{"embeddable":true,"href":"https:\/\/nissantravelguide.com\/fr\/wp-json\/wp\/v2\/users\/1"}],"replies":[{"embeddable":true,"href":"https:\/\/nissantravelguide.com\/fr\/wp-json\/wp\/v2\/comments?post=4212"}],"version-history":[{"count":0,"href":"https:\/\/nissantravelguide.com\/fr\/wp-json\/wp\/v2\/pages\/4212\/revisions"}],"up":[{"embeddable":true,"href":"https:\/\/nissantravelguide.com\/fr\/wp-json\/wp\/v2\/pages\/4232"}],"wp:featuredmedia":[{"embeddable":true,"href":"https:\/\/nissantravelguide.com\/fr\/wp-json\/wp\/v2\/media\/3530"}],"wp:attachment":[{"href":"https:\/\/nissantravelguide.com\/fr\/wp-json\/wp\/v2\/media?parent=4212"}],"curies":[{"name":"wp","href":"https:\/\/api.w.org\/{rel}","templated":true}]}}