{"id":4213,"date":"2022-12-12T17:10:15","date_gmt":"2022-12-12T17:10:15","guid":{"rendered":"https:\/\/nissantravelguide.com\/green-decor\/"},"modified":"2022-12-13T12:41:49","modified_gmt":"2022-12-13T12:41:49","slug":"green-decor","status":"publish","type":"page","link":"https:\/\/nissantravelguide.com\/fr\/prague\/green-decor\/","title":{"rendered":"Green D\u00e9cor"},"content":{"rendered":"<p class=\"p1\">Green D\u00e9cor est un magasin de fleurs durable, qui se concentre sur l\u2019augmentation de la disponibilit\u00e9 des vari\u00e9t\u00e9s de fleurs nationales tout en r\u00e9duisant les importations. Guid\u00e9 par la philosophie selon laquelle la production de fleurs doit apporter autant de joie que leur consommation, Green D\u00e9cor suit une politique compl\u00e8te de faible gaspillage. Cela inclut l\u2019utilisation des transports publics pour les livraisons dans Prague, les pratiques d\u2019\u00e9conomie d\u2019\u00e9nergie, l\u2019agriculture biologique, le tri des d\u00e9chets, le recyclage et la r\u00e9utilisation, et bien plus encore.<\/p>\n","protected":false},"excerpt":{"rendered":"<p>Green D\u00e9cor est un magasin de fleurs durable, qui se concentre sur l\u2019augmentation de la disponibilit\u00e9 des vari\u00e9t\u00e9s de fleurs nationales tout en r\u00e9duisant les importations. Guid\u00e9 par la philosophie selon laquelle la production de fleurs doit apporter autant de joie que leur consommation, Green D\u00e9cor suit une politique compl\u00e8te de faible gaspillage. Cela inclut [&hellip;]<\/p>\n","protected":false},"author":1,"featured_media":3590,"parent":4232,"menu_order":0,"comment_status":"closed","ping_status":"closed","template":"tpl-location.php","meta":{"_acf_changed":false,"footnotes":""},"acf":{"address":"Dejvick\u00e1 3, 160 00 Praha 6, Czechia","location_type":"interest","map_link":"https:\/\/www.google.co.uk\/maps\/place\/Green+Decor+Dejvice\/@50.0979336,14.334768,13z\/data=!4m9!1m2!2m1!1sGreen+Decor+near+Prague,+Czechia!3m5!1s0x470b9528216ac8db:0xbbccbfe7bba5c661!8m2!3d50.0979224!4d14.4006762!15sCiBHcmVlbiBEZWNvciBuZWFyIFByYWd1ZSwgQ3plY2hpYVohIh9ncmVlbiBkZWNvciBuZWFyIHByYWd1ZSBjemVjaGlhkgEHZmxvcmlzdOABAA","trip_advisor":"https:\/\/www.google.co.uk\/maps\/place\/Green+Decor+Dejvice\/@50.0979336,14.334768,13z\/data=!4m11!1m2!2m1!1sGreen+Decor+near+Prague,+Czechia!3m7!1s0x470b9528216ac8db:0xbbccbfe7bba5c661!8m2!3d50.0979224!4d14.4006762!9m1!1b1!15sCiBHcmVlbiBEZWNvciBuZWFyIFByYWd1ZSwgQ3plY2hpYVohIh9ncmVlbiBkZWNvciBuZWFyIHByYWd1ZSBjemVjaGlhkgEHZmxvcmlzdOABAA","coordinates":{"latitude":"50.0979336","longitude":"14.334768"},"charging_stations":[{"charging_station":"Type 2 (22kW): Sokolovska 11 (1.5km \/ 5 min)"}]},"aioseo_notices":[],"_links":{"self":[{"href":"https:\/\/nissantravelguide.com\/fr\/wp-json\/wp\/v2\/pages\/4213"}],"collection":[{"href":"https:\/\/nissantravelguide.com\/fr\/wp-json\/wp\/v2\/pages"}],"about":[{"href":"https:\/\/nissantravelguide.com\/fr\/wp-json\/wp\/v2\/types\/page"}],"author":[{"embeddable":true,"href":"https:\/\/nissantravelguide.com\/fr\/wp-json\/wp\/v2\/users\/1"}],"replies":[{"embeddable":true,"href":"https:\/\/nissantravelguide.com\/fr\/wp-json\/wp\/v2\/comments?post=4213"}],"version-history":[{"count":1,"href":"https:\/\/nissantravelguide.com\/fr\/wp-json\/wp\/v2\/pages\/4213\/revisions"}],"predecessor-version":[{"id":4463,"href":"https:\/\/nissantravelguide.com\/fr\/wp-json\/wp\/v2\/pages\/4213\/revisions\/4463"}],"up":[{"embeddable":true,"href":"https:\/\/nissantravelguide.com\/fr\/wp-json\/wp\/v2\/pages\/4232"}],"wp:featuredmedia":[{"embeddable":true,"href":"https:\/\/nissantravelguide.com\/fr\/wp-json\/wp\/v2\/media\/3590"}],"wp:attachment":[{"href":"https:\/\/nissantravelguide.com\/fr\/wp-json\/wp\/v2\/media?parent=4213"}],"curies":[{"name":"wp","href":"https:\/\/api.w.org\/{rel}","templated":true}]}}