{"id":4214,"date":"2022-12-12T17:10:28","date_gmt":"2022-12-12T17:10:28","guid":{"rendered":"https:\/\/nissantravelguide.com\/dox\/"},"modified":"2022-12-12T17:10:28","modified_gmt":"2022-12-12T17:10:28","slug":"dox","status":"publish","type":"page","link":"https:\/\/nissantravelguide.com\/fr\/prague\/dox\/","title":{"rendered":"DOX"},"content":{"rendered":"<p class=\"p1\">D\u00e9couvrez l\u2019une des institutions les plus progressistes de la R\u00e9publique tch\u00e8que en mati\u00e8re d\u2019art et de culture au DOX Centre for Contemporary Arts, g\u00e9r\u00e9 de mani\u00e8re ind\u00e9pendante. Ancien complexe industriel, le b\u00e2timent DOX et les structures du navire Gulliver Airship sont reconnus comme des exemples avant-gardistes d\u2019architecture contemporaine, qui ont requis le travail de certains des architectes les plus r\u00e9put\u00e9s du pays. Son programme actuel couvre l\u2019art visuel, la litt\u00e9rature, le th\u00e9\u00e2tre et la musique contemporaine, tout en encourageant les conversations sur certains des dilemmes sociaux les plus urgents de la soci\u00e9t\u00e9. Et si cela est trop lourd pour les jeunes familles, DOX propose \u00e9galement des programmes \u00e9ducatifs plus informels pour les enfants.<span class=\"Apple-converted-space\">\u00a0<\/span><\/p>\n","protected":false},"excerpt":{"rendered":"<p>D\u00e9couvrez l\u2019une des institutions les plus progressistes de la R\u00e9publique tch\u00e8que en mati\u00e8re d\u2019art et de culture au DOX Centre for Contemporary Arts, g\u00e9r\u00e9 de mani\u00e8re ind\u00e9pendante. Ancien complexe industriel, le b\u00e2timent DOX et les structures du navire Gulliver Airship sont reconnus comme des exemples avant-gardistes d\u2019architecture contemporaine, qui ont requis le travail de certains [&hellip;]<\/p>\n","protected":false},"author":1,"featured_media":3550,"parent":4232,"menu_order":0,"comment_status":"closed","ping_status":"closed","template":"tpl-location.php","meta":{"_acf_changed":false,"footnotes":""},"acf":{"address":"Poup\u011btova 1, 170 00 Praha 7-Hole\u0161ovice, Czechia","location_type":"interest","map_link":"https:\/\/www.google.com\/maps\/place\/DOX+Centre+for+Contemporary+Art\/@50.1068153,14.4478283,15z\/data=!4m5!3m4!1s0x0:0x97fffe8c62059191!8m2!3d50.1068153!4d14.4478283","trip_advisor":"https:\/\/www.tripadvisor.com\/Attraction_Review-g274707-d1490973-Reviews-DOX_Centre_for_Contemporary_Art-Prague_Bohemia.html","coordinates":{"latitude":"50.1068153","longitude":"14.4478283"},"charging_stations":[{"charging_station":"Type 2 (22kW): Sokolovska 11 (2.9km \/ 9 min)"}]},"aioseo_notices":[],"_links":{"self":[{"href":"https:\/\/nissantravelguide.com\/fr\/wp-json\/wp\/v2\/pages\/4214"}],"collection":[{"href":"https:\/\/nissantravelguide.com\/fr\/wp-json\/wp\/v2\/pages"}],"about":[{"href":"https:\/\/nissantravelguide.com\/fr\/wp-json\/wp\/v2\/types\/page"}],"author":[{"embeddable":true,"href":"https:\/\/nissantravelguide.com\/fr\/wp-json\/wp\/v2\/users\/1"}],"replies":[{"embeddable":true,"href":"https:\/\/nissantravelguide.com\/fr\/wp-json\/wp\/v2\/comments?post=4214"}],"version-history":[{"count":0,"href":"https:\/\/nissantravelguide.com\/fr\/wp-json\/wp\/v2\/pages\/4214\/revisions"}],"up":[{"embeddable":true,"href":"https:\/\/nissantravelguide.com\/fr\/wp-json\/wp\/v2\/pages\/4232"}],"wp:featuredmedia":[{"embeddable":true,"href":"https:\/\/nissantravelguide.com\/fr\/wp-json\/wp\/v2\/media\/3550"}],"wp:attachment":[{"href":"https:\/\/nissantravelguide.com\/fr\/wp-json\/wp\/v2\/media?parent=4214"}],"curies":[{"name":"wp","href":"https:\/\/api.w.org\/{rel}","templated":true}]}}