{"id":4215,"date":"2022-12-12T17:10:46","date_gmt":"2022-12-12T17:10:46","guid":{"rendered":"https:\/\/nissantravelguide.com\/kutna-hora\/"},"modified":"2022-12-12T17:10:46","modified_gmt":"2022-12-12T17:10:46","slug":"kutna-hora","status":"publish","type":"page","link":"https:\/\/nissantravelguide.com\/fr\/prague\/kutna-hora\/","title":{"rendered":"Kutn\u00e1 Hora"},"content":{"rendered":"<p class=\"p1\">Situ\u00e9e \u00e0 seulement une heure de route de Prague, Kutn\u00e1 Hora est une ville m\u00e9di\u00e9vale aux magnifiques structures anciennes. Ancien centre financier de la Boh\u00eame, la ville \u00e9galait autrefois l\u2019opulence de Prague. Elle est connue pour l\u2019\u00e9glise gothique Sainte-Barbara, ainsi que pour l\u2019Ossuaire Sedlec, une chapelle catholique romaine d\u00e9cor\u00e9e d\u2019os, connue comme l\u2019\u00c9glise des os. Et pendant votre s\u00e9jour, ne manquez pas de visiter la galerie d\u2019art de la vieille ville ou GASK, inscrite au patrimoine mondial de l\u2019UNESCO.<\/p>\n","protected":false},"excerpt":{"rendered":"<p>Situ\u00e9e \u00e0 seulement une heure de route de Prague, Kutn\u00e1 Hora est une ville m\u00e9di\u00e9vale aux magnifiques structures anciennes. Ancien centre financier de la Boh\u00eame, la ville \u00e9galait autrefois l\u2019opulence de Prague. Elle est connue pour l\u2019\u00e9glise gothique Sainte-Barbara, ainsi que pour l\u2019Ossuaire Sedlec, une chapelle catholique romaine d\u00e9cor\u00e9e d\u2019os, connue comme l\u2019\u00c9glise des os. [&hellip;]<\/p>\n","protected":false},"author":1,"featured_media":3610,"parent":4232,"menu_order":0,"comment_status":"closed","ping_status":"closed","template":"tpl-location.php","meta":{"_acf_changed":false,"footnotes":""},"acf":{"address":"Kutn\u00e1 Hora, Czechia","location_type":"beauty","map_link":"https:\/\/www.google.com\/maps\/place\/Kutna+Hora,+Czechia\/@49.9492142,15.2820633,13z\/data=!3m1!4b1!4m5!3m4!1s0x470c41050983008f:0x400af0f66154f30!8m2!3d49.9524314!4d15.2686536","trip_advisor":"https:\/\/www.tripadvisor.com\/Tourism-g274701-Kutna_Hora_Central_Bohemian_Region_Bohemia-Vacations.html","coordinates":{"latitude":"49.9492142","longitude":"15.2820633"},"charging_stations":[{"charging_station":"Bilkova 289 (27.8km \/ 27 min)"}]},"aioseo_notices":[],"_links":{"self":[{"href":"https:\/\/nissantravelguide.com\/fr\/wp-json\/wp\/v2\/pages\/4215"}],"collection":[{"href":"https:\/\/nissantravelguide.com\/fr\/wp-json\/wp\/v2\/pages"}],"about":[{"href":"https:\/\/nissantravelguide.com\/fr\/wp-json\/wp\/v2\/types\/page"}],"author":[{"embeddable":true,"href":"https:\/\/nissantravelguide.com\/fr\/wp-json\/wp\/v2\/users\/1"}],"replies":[{"embeddable":true,"href":"https:\/\/nissantravelguide.com\/fr\/wp-json\/wp\/v2\/comments?post=4215"}],"version-history":[{"count":0,"href":"https:\/\/nissantravelguide.com\/fr\/wp-json\/wp\/v2\/pages\/4215\/revisions"}],"up":[{"embeddable":true,"href":"https:\/\/nissantravelguide.com\/fr\/wp-json\/wp\/v2\/pages\/4232"}],"wp:featuredmedia":[{"embeddable":true,"href":"https:\/\/nissantravelguide.com\/fr\/wp-json\/wp\/v2\/media\/3610"}],"wp:attachment":[{"href":"https:\/\/nissantravelguide.com\/fr\/wp-json\/wp\/v2\/media?parent=4215"}],"curies":[{"name":"wp","href":"https:\/\/api.w.org\/{rel}","templated":true}]}}