{"id":4216,"date":"2022-12-12T17:11:29","date_gmt":"2022-12-12T17:11:29","guid":{"rendered":"https:\/\/nissantravelguide.com\/vinne-sklepy-kutna-hora\/"},"modified":"2022-12-12T17:11:29","modified_gmt":"2022-12-12T17:11:29","slug":"vinne-sklepy-kutna-hora","status":"publish","type":"page","link":"https:\/\/nissantravelguide.com\/fr\/prague\/vinne-sklepy-kutna-hora\/","title":{"rendered":"Vinn\u00e9 Sklepy Kutn\u00e1 Hora\u200b"},"content":{"rendered":"<p class=\"p1\">Pour les amateurs de Pinot Noir, le vignoble Vinn\u00e9 Sklepy de Kutn\u00e1 Hora est incontournable. Cr\u00e9\u00e9 en 2002, c\u2019est le seul vignoble de R\u00e9publique tch\u00e8que \u00e0 poss\u00e9der le prestigieux certificat DEMETER. La propri\u00e9t\u00e9 s\u2019\u00e9tend sur 80\u00a0hectares, dont la moiti\u00e9 sont des vignobles, l\u2019autre moiti\u00e9 \u00e9tant utilis\u00e9e comme p\u00e2turages, vergers et champs idylliques. Ils produisent \u00e9galement des vins biodynamiques, \u00e9vitant l\u2019utilisation d\u2019additifs et de pesticides.<\/p>\n","protected":false},"excerpt":{"rendered":"<p>Pour les amateurs de Pinot Noir, le vignoble Vinn\u00e9 Sklepy de Kutn\u00e1 Hora est incontournable. Cr\u00e9\u00e9 en 2002, c\u2019est le seul vignoble de R\u00e9publique tch\u00e8que \u00e0 poss\u00e9der le prestigieux certificat DEMETER. La propri\u00e9t\u00e9 s\u2019\u00e9tend sur 80\u00a0hectares, dont la moiti\u00e9 sont des vignobles, l\u2019autre moiti\u00e9 \u00e9tant utilis\u00e9e comme p\u00e2turages, vergers et champs idylliques. Ils produisent \u00e9galement [&hellip;]<\/p>\n","protected":false},"author":1,"featured_media":3680,"parent":4232,"menu_order":0,"comment_status":"closed","ping_status":"closed","template":"tpl-location.php","meta":{"_acf_changed":false,"footnotes":""},"acf":{"address":"J. z Pod\u011bbrad 288\/13, 284 01 Kutn\u00e1 Hora, Czechia","location_type":"beauty","map_link":"https:\/\/www.google.com\/maps\/place\/Wine+Cellars+Kutna+Hora\/@49.9524199,15.2674202,17.09z\/data=!4m13!1m7!3m6!1s0x470c41050983008f:0x400af0f66154f30!2sKutna+Hora,+Czechia!3b1!8m2!3d49.9524314!4d15.2686536!3m4!1s0x470c41a856b278a7:0xf72967354a1b2b60!8m2!3d49.952057!4d15.2679803","trip_advisor":"https:\/\/www.tripadvisor.com\/Attraction_Review-g274701-d10637962-Reviews-Vinne_sklepy_Kutna_Hora-Kutna_Hora_Central_Bohemian_Region_Bohemia.html","coordinates":{"latitude":"49.9524199","longitude":"15.2674202"},"charging_stations":[{"charging_station":"Bilkova 289 (27.9km \/ 27 min)"}]},"aioseo_notices":[],"_links":{"self":[{"href":"https:\/\/nissantravelguide.com\/fr\/wp-json\/wp\/v2\/pages\/4216"}],"collection":[{"href":"https:\/\/nissantravelguide.com\/fr\/wp-json\/wp\/v2\/pages"}],"about":[{"href":"https:\/\/nissantravelguide.com\/fr\/wp-json\/wp\/v2\/types\/page"}],"author":[{"embeddable":true,"href":"https:\/\/nissantravelguide.com\/fr\/wp-json\/wp\/v2\/users\/1"}],"replies":[{"embeddable":true,"href":"https:\/\/nissantravelguide.com\/fr\/wp-json\/wp\/v2\/comments?post=4216"}],"version-history":[{"count":0,"href":"https:\/\/nissantravelguide.com\/fr\/wp-json\/wp\/v2\/pages\/4216\/revisions"}],"up":[{"embeddable":true,"href":"https:\/\/nissantravelguide.com\/fr\/wp-json\/wp\/v2\/pages\/4232"}],"wp:featuredmedia":[{"embeddable":true,"href":"https:\/\/nissantravelguide.com\/fr\/wp-json\/wp\/v2\/media\/3680"}],"wp:attachment":[{"href":"https:\/\/nissantravelguide.com\/fr\/wp-json\/wp\/v2\/media?parent=4216"}],"curies":[{"name":"wp","href":"https:\/\/api.w.org\/{rel}","templated":true}]}}