{"id":4217,"date":"2022-12-12T17:11:47","date_gmt":"2022-12-12T17:11:47","guid":{"rendered":"https:\/\/nissantravelguide.com\/vignoble-de-sonberk\/"},"modified":"2022-12-12T17:11:47","modified_gmt":"2022-12-12T17:11:47","slug":"vignoble-de-sonberk","status":"publish","type":"page","link":"https:\/\/nissantravelguide.com\/fr\/prague\/vignoble-de-sonberk\/","title":{"rendered":"Vignoble de Sonberk"},"content":{"rendered":"<p class=\"p1\">D\u00e9couvrez une vue spectaculaire sur les collines de P\u00e1lava au Sonberk Winery, un vignoble du XIIIe si\u00e8cle situ\u00e9 sur les pentes de Popice pr\u00e8s de Mikulov. Bien que le cadre soit pittoresque \u00e0 lui seul, le b\u00e2timent viticole est \u00e9galement une merveille architecturale, con\u00e7u en harmonie avec le paysage environnant. Sonberk est fier de cultiver certains des raisins de la plus haute qualit\u00e9 de R\u00e9publique tch\u00e8que, qui produisent certains des meilleurs vins de la r\u00e9gion. Et si vous cherchez des divertissements \u00e0 ajouter \u00e0 votre exp\u00e9rience, vous pouvez \u00e9galement assister au Festival d\u2019\u00e9t\u00e9 du vin et de la culture de Sonberk en \u00e9t\u00e9.<span class=\"Apple-converted-space\">\u00a0<\/span><\/p>\n","protected":false},"excerpt":{"rendered":"<p>D\u00e9couvrez une vue spectaculaire sur les collines de P\u00e1lava au Sonberk Winery, un vignoble du XIIIe si\u00e8cle situ\u00e9 sur les pentes de Popice pr\u00e8s de Mikulov. Bien que le cadre soit pittoresque \u00e0 lui seul, le b\u00e2timent viticole est \u00e9galement une merveille architecturale, con\u00e7u en harmonie avec le paysage environnant. Sonberk est fier de cultiver [&hellip;]<\/p>\n","protected":false},"author":1,"featured_media":4080,"parent":4232,"menu_order":0,"comment_status":"closed","ping_status":"closed","template":"tpl-location.php","meta":{"_acf_changed":false,"footnotes":""},"acf":{"address":"Sonberk 393, 691 27 Popice, Czechia","location_type":"beauty","map_link":"https:\/\/www.google.com\/maps\/place\/Sonberk\/@48.927488,16.6933179,15z\/data=!4m5!3m4!1s0x0:0xe616ee301bd9ca96!8m2!3d48.927488!4d16.6933179","trip_advisor":"https:\/\/www.tripadvisor.com\/Attraction_Review-g3819945-d3819947-Reviews-Sonberk-Popice_South_Moravian_Region_Moravia.html","coordinates":{"latitude":"48.927488","longitude":"16.6933179"},"charging_stations":[{"charging_station":"Stara Posta 750 (29.1km \/ 32 min)"}]},"aioseo_notices":[],"_links":{"self":[{"href":"https:\/\/nissantravelguide.com\/fr\/wp-json\/wp\/v2\/pages\/4217"}],"collection":[{"href":"https:\/\/nissantravelguide.com\/fr\/wp-json\/wp\/v2\/pages"}],"about":[{"href":"https:\/\/nissantravelguide.com\/fr\/wp-json\/wp\/v2\/types\/page"}],"author":[{"embeddable":true,"href":"https:\/\/nissantravelguide.com\/fr\/wp-json\/wp\/v2\/users\/1"}],"replies":[{"embeddable":true,"href":"https:\/\/nissantravelguide.com\/fr\/wp-json\/wp\/v2\/comments?post=4217"}],"version-history":[{"count":0,"href":"https:\/\/nissantravelguide.com\/fr\/wp-json\/wp\/v2\/pages\/4217\/revisions"}],"up":[{"embeddable":true,"href":"https:\/\/nissantravelguide.com\/fr\/wp-json\/wp\/v2\/pages\/4232"}],"wp:featuredmedia":[{"embeddable":true,"href":"https:\/\/nissantravelguide.com\/fr\/wp-json\/wp\/v2\/media\/4080"}],"wp:attachment":[{"href":"https:\/\/nissantravelguide.com\/fr\/wp-json\/wp\/v2\/media?parent=4217"}],"curies":[{"name":"wp","href":"https:\/\/api.w.org\/{rel}","templated":true}]}}