{"id":4218,"date":"2022-12-12T17:11:58","date_gmt":"2022-12-12T17:11:58","guid":{"rendered":"https:\/\/nissantravelguide.com\/sonnentor\/"},"modified":"2022-12-12T17:11:58","modified_gmt":"2022-12-12T17:11:58","slug":"sonnentor","status":"publish","type":"page","link":"https:\/\/nissantravelguide.com\/fr\/prague\/sonnentor\/","title":{"rendered":"Sonnentor"},"content":{"rendered":"<p class=\"p1\">D\u00e9couvrez les go\u00fbts et ar\u00f4mes uniques des th\u00e9s, \u00e9pices et herbes fines au Sonnentor, l\u2019une des plus anciennes entreprises bio de R\u00e9publique tch\u00e8que. En plus de vendre des produits de commerce \u00e9quitable et neutres en carbone, Sonnentor propose de nombreuses visites de ses unit\u00e9s de traitement du th\u00e9 et des \u00e9pices, afin que vous puissiez d\u00e9couvrir la gen\u00e8se de vos sachets de th\u00e9 infus\u00e9s pr\u00e9f\u00e9r\u00e9s\u00a0!<\/p>\n","protected":false},"excerpt":{"rendered":"<p>D\u00e9couvrez les go\u00fbts et ar\u00f4mes uniques des th\u00e9s, \u00e9pices et herbes fines au Sonnentor, l\u2019une des plus anciennes entreprises bio de R\u00e9publique tch\u00e8que. En plus de vendre des produits de commerce \u00e9quitable et neutres en carbone, Sonnentor propose de nombreuses visites de ses unit\u00e9s de traitement du th\u00e9 et des \u00e9pices, afin que vous puissiez [&hellip;]<\/p>\n","protected":false},"author":1,"featured_media":3655,"parent":4232,"menu_order":0,"comment_status":"closed","ping_status":"closed","template":"tpl-location.php","meta":{"_acf_changed":false,"footnotes":""},"acf":{"address":"P\u0159\u00edhon 943, 696 15 \u010cejkovice, Czechia","location_type":"beauty","map_link":"https:\/\/www.google.com\/maps\/place\/Sonnentor+s.r.o.\/@48.9023209,16.9448633,17z\/data=!3m1!4b1!4m5!3m4!1s0x4712d7bfa2136867:0x3a03e1f6c6183136!8m2!3d48.9023209!4d16.947052?shorturl=1","trip_advisor":"https:\/\/www.tripadvisor.com\/Attraction_Review-g4591497-d10412446-Reviews-SONNENTOR_Experience-Cejkovice_South_Moravian_Region_Moravia.html","coordinates":{"latitude":"48.9023209","longitude":"16.9448633"},"charging_stations":[{"charging_station":"Stara Posta 750 (50.6km \/ 45 min)"}]},"aioseo_notices":[],"_links":{"self":[{"href":"https:\/\/nissantravelguide.com\/fr\/wp-json\/wp\/v2\/pages\/4218"}],"collection":[{"href":"https:\/\/nissantravelguide.com\/fr\/wp-json\/wp\/v2\/pages"}],"about":[{"href":"https:\/\/nissantravelguide.com\/fr\/wp-json\/wp\/v2\/types\/page"}],"author":[{"embeddable":true,"href":"https:\/\/nissantravelguide.com\/fr\/wp-json\/wp\/v2\/users\/1"}],"replies":[{"embeddable":true,"href":"https:\/\/nissantravelguide.com\/fr\/wp-json\/wp\/v2\/comments?post=4218"}],"version-history":[{"count":0,"href":"https:\/\/nissantravelguide.com\/fr\/wp-json\/wp\/v2\/pages\/4218\/revisions"}],"up":[{"embeddable":true,"href":"https:\/\/nissantravelguide.com\/fr\/wp-json\/wp\/v2\/pages\/4232"}],"wp:featuredmedia":[{"embeddable":true,"href":"https:\/\/nissantravelguide.com\/fr\/wp-json\/wp\/v2\/media\/3655"}],"wp:attachment":[{"href":"https:\/\/nissantravelguide.com\/fr\/wp-json\/wp\/v2\/media?parent=4218"}],"curies":[{"name":"wp","href":"https:\/\/api.w.org\/{rel}","templated":true}]}}