{"id":4219,"date":"2022-12-12T17:12:57","date_gmt":"2022-12-12T17:12:57","guid":{"rendered":"https:\/\/nissantravelguide.com\/boutiquehotel-stadthalle\/"},"modified":"2022-12-12T17:12:57","modified_gmt":"2022-12-12T17:12:57","slug":"boutiquehotel-stadthalle","status":"publish","type":"page","link":"https:\/\/nissantravelguide.com\/fr\/vienne\/boutiquehotel-stadthalle\/","title":{"rendered":"Boutiquehotel Stadthalle"},"content":{"rendered":"<p class=\"p1\">\u00c0 quelques pas de l\u2019ar\u00e8ne Wiener Stadthalle et du centre-ville de Vienne, le Boutique-h\u00f4tel Stadthalle est le premier h\u00f4tel de Vienne \u00e0 offrir un \u00e9quilibre \u00e9nerg\u00e9tique z\u00e9ro. En tant qu\u2019h\u00f4tel qui prend au s\u00e9rieux la conscience environnementale, l\u2019\u00e9tablissement produit sa propre \u00e9lectricit\u00e9 durant toute l\u2019ann\u00e9e. Outre le jardin int\u00e9rieur de la cour, l\u2019h\u00f4tel dispose d\u2019un toit de lavande abritant des abeilles qui produisent le miel utilis\u00e9 par les cuisines de l\u2019h\u00f4tel.<\/p>\n","protected":false},"excerpt":{"rendered":"<p>\u00c0 quelques pas de l\u2019ar\u00e8ne Wiener Stadthalle et du centre-ville de Vienne, le Boutique-h\u00f4tel Stadthalle est le premier h\u00f4tel de Vienne \u00e0 offrir un \u00e9quilibre \u00e9nerg\u00e9tique z\u00e9ro. En tant qu\u2019h\u00f4tel qui prend au s\u00e9rieux la conscience environnementale, l\u2019\u00e9tablissement produit sa propre \u00e9lectricit\u00e9 durant toute l\u2019ann\u00e9e. Outre le jardin int\u00e9rieur de la cour, l\u2019h\u00f4tel dispose d\u2019un [&hellip;]<\/p>\n","protected":false},"author":1,"featured_media":3703,"parent":4233,"menu_order":0,"comment_status":"closed","ping_status":"closed","template":"tpl-location.php","meta":{"_acf_changed":false,"footnotes":""},"acf":{"address":"Hackengasse 20, 1150 Wien, Austria","location_type":"hotel","map_link":"https:\/\/www.google.com\/maps\/place\/Boutiquehotel+Stadthalle\/@48.1992118,16.3338114,17z\/data=!4m8!3m7!1s0x476d07f6e066d5d7:0xb21eb629e546beaf!5m2!4m1!1i2!8m2!3d48.1991774!4d16.3337591","trip_advisor":"https:\/\/www.tripadvisor.co.uk\/Hotel_Review-g190454-d229702-Reviews-Boutiquehotel_Stadthalle-Vienna.html","coordinates":{"latitude":"48.1992118","longitude":"16.3338114"},"charging_stations":[{"charging_station":"Type 2 (3.7kW): Europaplatz 2\/4\/3, 1150 Wien (1.7km \/ 6 min)"}]},"aioseo_notices":[],"_links":{"self":[{"href":"https:\/\/nissantravelguide.com\/fr\/wp-json\/wp\/v2\/pages\/4219"}],"collection":[{"href":"https:\/\/nissantravelguide.com\/fr\/wp-json\/wp\/v2\/pages"}],"about":[{"href":"https:\/\/nissantravelguide.com\/fr\/wp-json\/wp\/v2\/types\/page"}],"author":[{"embeddable":true,"href":"https:\/\/nissantravelguide.com\/fr\/wp-json\/wp\/v2\/users\/1"}],"replies":[{"embeddable":true,"href":"https:\/\/nissantravelguide.com\/fr\/wp-json\/wp\/v2\/comments?post=4219"}],"version-history":[{"count":0,"href":"https:\/\/nissantravelguide.com\/fr\/wp-json\/wp\/v2\/pages\/4219\/revisions"}],"up":[{"embeddable":true,"href":"https:\/\/nissantravelguide.com\/fr\/wp-json\/wp\/v2\/pages\/4233"}],"wp:featuredmedia":[{"embeddable":true,"href":"https:\/\/nissantravelguide.com\/fr\/wp-json\/wp\/v2\/media\/3703"}],"wp:attachment":[{"href":"https:\/\/nissantravelguide.com\/fr\/wp-json\/wp\/v2\/media?parent=4219"}],"curies":[{"name":"wp","href":"https:\/\/api.w.org\/{rel}","templated":true}]}}