{"id":4220,"date":"2022-12-12T17:13:09","date_gmt":"2022-12-12T17:13:09","guid":{"rendered":"https:\/\/nissantravelguide.com\/habibi-hawara\/"},"modified":"2023-01-23T14:18:04","modified_gmt":"2023-01-23T14:18:04","slug":"habibi-hawara","status":"publish","type":"page","link":"https:\/\/nissantravelguide.com\/fr\/vienne\/habibi-hawara\/","title":{"rendered":"Habibi &#038; Hawara"},"content":{"rendered":"<p class=\"p1\">Lanc\u00e9 en 2016\u00a0avec le d\u00e9sir d\u2019offrir aux r\u00e9fugi\u00e9s et aux migrants de nouvelles opportunit\u00e9s, ce restaurant fusion autrichien-oriental s\u2019est depuis d\u00e9velopp\u00e9 pour s\u2019\u00e9tendre \u00e0 cinq sites \u00e0 Vienne. Si vous avez envie d\u2019un repas raffin\u00e9 avec des ingr\u00e9dients provenant de toutes les r\u00e9gions du Moyen-Orient associ\u00e9s au charme de Vienne, Habibi &amp; Hawara est l\u2019endroit id\u00e9al.<\/p>\n","protected":false},"excerpt":{"rendered":"<p>Lanc\u00e9 en 2016\u00a0avec le d\u00e9sir d\u2019offrir aux r\u00e9fugi\u00e9s et aux migrants de nouvelles opportunit\u00e9s, ce restaurant fusion autrichien-oriental s\u2019est depuis d\u00e9velopp\u00e9 pour s\u2019\u00e9tendre \u00e0 cinq sites \u00e0 Vienne. Si vous avez envie d\u2019un repas raffin\u00e9 avec des ingr\u00e9dients provenant de toutes les r\u00e9gions du Moyen-Orient associ\u00e9s au charme de Vienne, Habibi &amp; Hawara est l\u2019endroit [&hellip;]<\/p>\n","protected":false},"author":1,"featured_media":3738,"parent":4233,"menu_order":0,"comment_status":"closed","ping_status":"closed","template":"tpl-location.php","meta":{"_acf_changed":false,"footnotes":""},"acf":{"address":"Wipplingerstra\u00dfe 29, 1010 Wien, Austria","location_type":"restaurant","map_link":"https:\/\/www.google.co.uk\/maps\/place\/Habibi+%26+Hawara\/@48.2134283,16.2353361,12z\/data=!3m1!5s0x476d07bd2b2cdf55:0x367ee4931d29fdb0!4m9!1m2!2m1!1sHabibi+%26+Hawara!3m5!1s0x476d07bd2ad65fc5:0xac955d0151587a68!8m2!3d48.2134283!4d16.367172!15sCg9IYWJpYmkgJiBIYXdhcmEiA4gBAVoRIg9oYWJpYmkgJiBoYXdhcmGSARltaWRkbGVfZWFzdGVybl9yZXN0YXVyYW504AEA","trip_advisor":"https:\/\/www.tripadvisor.com\/Restaurant_Review-g190454-d10303176-Reviews-or15-Habibi_Hawara-Vienna.html","coordinates":{"latitude":"48.2134283","longitude":"16.2353361"},"charging_stations":[{"charging_station":"Type 2 (3.7kW): Europaplatz 2\/4\/3, 1150 Wien (2.1km \/ 9 min)"}]},"aioseo_notices":[],"_links":{"self":[{"href":"https:\/\/nissantravelguide.com\/fr\/wp-json\/wp\/v2\/pages\/4220"}],"collection":[{"href":"https:\/\/nissantravelguide.com\/fr\/wp-json\/wp\/v2\/pages"}],"about":[{"href":"https:\/\/nissantravelguide.com\/fr\/wp-json\/wp\/v2\/types\/page"}],"author":[{"embeddable":true,"href":"https:\/\/nissantravelguide.com\/fr\/wp-json\/wp\/v2\/users\/1"}],"replies":[{"embeddable":true,"href":"https:\/\/nissantravelguide.com\/fr\/wp-json\/wp\/v2\/comments?post=4220"}],"version-history":[{"count":1,"href":"https:\/\/nissantravelguide.com\/fr\/wp-json\/wp\/v2\/pages\/4220\/revisions"}],"predecessor-version":[{"id":4528,"href":"https:\/\/nissantravelguide.com\/fr\/wp-json\/wp\/v2\/pages\/4220\/revisions\/4528"}],"up":[{"embeddable":true,"href":"https:\/\/nissantravelguide.com\/fr\/wp-json\/wp\/v2\/pages\/4233"}],"wp:featuredmedia":[{"embeddable":true,"href":"https:\/\/nissantravelguide.com\/fr\/wp-json\/wp\/v2\/media\/3738"}],"wp:attachment":[{"href":"https:\/\/nissantravelguide.com\/fr\/wp-json\/wp\/v2\/media?parent=4220"}],"curies":[{"name":"wp","href":"https:\/\/api.w.org\/{rel}","templated":true}]}}