{"id":4221,"date":"2022-12-12T17:13:21","date_gmt":"2022-12-12T17:13:21","guid":{"rendered":"https:\/\/nissantravelguide.com\/luftburg-kolarik\/"},"modified":"2022-12-12T17:13:21","modified_gmt":"2022-12-12T17:13:21","slug":"luftburg-kolarik","status":"publish","type":"page","link":"https:\/\/nissantravelguide.com\/fr\/vienne\/luftburg-kolarik\/","title":{"rendered":"Luftburg Kolarik"},"content":{"rendered":"<p class=\"p1\">D\u00e9gustez une cuisine autrichienne traditionnelle au c\u0153ur du parc d\u2019attractions Wiener Prater. La durabilit\u00e9 \u00e9cologique et sociale est un \u00e9l\u00e9ment essentiel du plus grand restaurant enti\u00e8rement certifi\u00e9 bio au monde. Des plats incontournables \u00e0 l\u2019aire de jeux pour les enfants, il y a quelque chose pour faire sourire tout le monde. Alors, rendez-vous \u00e0 Luftburg Kolarik pour une exp\u00e9rience familiale\u00a0!<\/p>\n","protected":false},"excerpt":{"rendered":"<p>D\u00e9gustez une cuisine autrichienne traditionnelle au c\u0153ur du parc d\u2019attractions Wiener Prater. La durabilit\u00e9 \u00e9cologique et sociale est un \u00e9l\u00e9ment essentiel du plus grand restaurant enti\u00e8rement certifi\u00e9 bio au monde. Des plats incontournables \u00e0 l\u2019aire de jeux pour les enfants, il y a quelque chose pour faire sourire tout le monde. Alors, rendez-vous \u00e0 Luftburg [&hellip;]<\/p>\n","protected":false},"author":1,"featured_media":3768,"parent":4233,"menu_order":0,"comment_status":"closed","ping_status":"closed","template":"tpl-location.php","meta":{"_acf_changed":false,"footnotes":""},"acf":{"address":"Prater, Waldsteingartenstra\u00dfe 128, 1020 Wien, Austria","location_type":"restaurant","map_link":"https:\/\/www.google.com\/maps\/place\/Luftburg+-+Kolarik+im+Prater\/@48.2133015,16.4031243,17z\/data=!3m1!4b1!4m5!3m4!1s0x476d0716d5e2df85:0x5f2720405b0a6139!8m2!3d48.2133015!4d16.4031243","trip_advisor":"https:\/\/www.tripadvisor.co.uk\/Restaurant_Review-g190454-d1788654-Reviews-Luftburg_Kolarik_im_Prater-Vienna.html","coordinates":{"latitude":"48.2133015","longitude":"16.4031243"},"charging_stations":[{"charging_station":"1 Messeplatz Wien 1020 (750m \/ 3 min)"}]},"aioseo_notices":[],"_links":{"self":[{"href":"https:\/\/nissantravelguide.com\/fr\/wp-json\/wp\/v2\/pages\/4221"}],"collection":[{"href":"https:\/\/nissantravelguide.com\/fr\/wp-json\/wp\/v2\/pages"}],"about":[{"href":"https:\/\/nissantravelguide.com\/fr\/wp-json\/wp\/v2\/types\/page"}],"author":[{"embeddable":true,"href":"https:\/\/nissantravelguide.com\/fr\/wp-json\/wp\/v2\/users\/1"}],"replies":[{"embeddable":true,"href":"https:\/\/nissantravelguide.com\/fr\/wp-json\/wp\/v2\/comments?post=4221"}],"version-history":[{"count":0,"href":"https:\/\/nissantravelguide.com\/fr\/wp-json\/wp\/v2\/pages\/4221\/revisions"}],"up":[{"embeddable":true,"href":"https:\/\/nissantravelguide.com\/fr\/wp-json\/wp\/v2\/pages\/4233"}],"wp:featuredmedia":[{"embeddable":true,"href":"https:\/\/nissantravelguide.com\/fr\/wp-json\/wp\/v2\/media\/3768"}],"wp:attachment":[{"href":"https:\/\/nissantravelguide.com\/fr\/wp-json\/wp\/v2\/media?parent=4221"}],"curies":[{"name":"wp","href":"https:\/\/api.w.org\/{rel}","templated":true}]}}