{"id":4222,"date":"2022-12-12T17:13:33","date_gmt":"2022-12-12T17:13:33","guid":{"rendered":"https:\/\/nissantravelguide.com\/palmenhaus\/"},"modified":"2022-12-12T17:13:33","modified_gmt":"2022-12-12T17:13:33","slug":"palmenhaus","status":"publish","type":"page","link":"https:\/\/nissantravelguide.com\/fr\/vienne\/palmenhaus\/","title":{"rendered":"Palmenhaus"},"content":{"rendered":"<p class=\"p1\">Suivez les traces des dirigeants imp\u00e9riaux autrichiens au Palmenhaus, un caf\u00e9, bar et salon, install\u00e9 dans une ancienne serre construite pour les empereurs du pays. Impr\u00e9gnez-vous de la magie de l\u2019environnement, tout en savourant une s\u00e9lection de plats autrichiens et internationaux. Pendant votre s\u00e9jour, n\u2019oubliez pas de visiter le Schmetterlinghaus ou la \u00ab\u00a0Maison des papillons\u00a0\u00bb. Vous pourriez m\u00eame tomber sur les chevaux blancs de l\u2019\u00e9cole d\u2019\u00e9quitation espagnole, tout en vous promenant dans l\u2019oasis verte.<\/p>\n","protected":false},"excerpt":{"rendered":"<p>Suivez les traces des dirigeants imp\u00e9riaux autrichiens au Palmenhaus, un caf\u00e9, bar et salon, install\u00e9 dans une ancienne serre construite pour les empereurs du pays. Impr\u00e9gnez-vous de la magie de l\u2019environnement, tout en savourant une s\u00e9lection de plats autrichiens et internationaux. Pendant votre s\u00e9jour, n\u2019oubliez pas de visiter le Schmetterlinghaus ou la \u00ab\u00a0Maison des papillons\u00a0\u00bb. [&hellip;]<\/p>\n","protected":false},"author":1,"featured_media":3798,"parent":4233,"menu_order":0,"comment_status":"closed","ping_status":"closed","template":"tpl-location.php","meta":{"_acf_changed":false,"footnotes":""},"acf":{"address":"Burggarten 1, 1010 Wien, Austria","location_type":"restaurant","map_link":"https:\/\/www.google.com\/maps\/place\/Brasserie+Palmenhaus+Wien\/@48.2051071,16.3645346,17z\/data=!3m1!4b1!4m5!3m4!1s0x476da7e17fff0d83:0x1755573d1d568b9d!8m2!3d48.2051027!4d16.3667273","trip_advisor":"https:\/\/www.tripadvisor.co.uk\/Restaurant_Review-g190454-d928973-Reviews-Palmenhaus-Vienna.html","coordinates":{"latitude":"48.2051071","longitude":"16.3645346"},"charging_stations":[{"charging_station":"Type 2 (11.1kW): Haidingergasse 16, 1030 Wien (3.6km \/ 15 min) "}]},"aioseo_notices":[],"_links":{"self":[{"href":"https:\/\/nissantravelguide.com\/fr\/wp-json\/wp\/v2\/pages\/4222"}],"collection":[{"href":"https:\/\/nissantravelguide.com\/fr\/wp-json\/wp\/v2\/pages"}],"about":[{"href":"https:\/\/nissantravelguide.com\/fr\/wp-json\/wp\/v2\/types\/page"}],"author":[{"embeddable":true,"href":"https:\/\/nissantravelguide.com\/fr\/wp-json\/wp\/v2\/users\/1"}],"replies":[{"embeddable":true,"href":"https:\/\/nissantravelguide.com\/fr\/wp-json\/wp\/v2\/comments?post=4222"}],"version-history":[{"count":0,"href":"https:\/\/nissantravelguide.com\/fr\/wp-json\/wp\/v2\/pages\/4222\/revisions"}],"up":[{"embeddable":true,"href":"https:\/\/nissantravelguide.com\/fr\/wp-json\/wp\/v2\/pages\/4233"}],"wp:featuredmedia":[{"embeddable":true,"href":"https:\/\/nissantravelguide.com\/fr\/wp-json\/wp\/v2\/media\/3798"}],"wp:attachment":[{"href":"https:\/\/nissantravelguide.com\/fr\/wp-json\/wp\/v2\/media?parent=4222"}],"curies":[{"name":"wp","href":"https:\/\/api.w.org\/{rel}","templated":true}]}}