{"id":4223,"date":"2022-12-12T17:13:49","date_gmt":"2022-12-12T17:13:49","guid":{"rendered":"https:\/\/nissantravelguide.com\/parc-national-de-donau-auen\/"},"modified":"2022-12-12T17:13:49","modified_gmt":"2022-12-12T17:13:49","slug":"parc-national-de-donau-auen","status":"publish","type":"page","link":"https:\/\/nissantravelguide.com\/fr\/vienne\/parc-national-de-donau-auen\/","title":{"rendered":"Parc national de Donau-Auen"},"content":{"rendered":"<p class=\"p1\">Pour les amoureux de la nature, le parc national de Donau-Auen est l\u2019endroit id\u00e9al. Bien que la beaut\u00e9 du paysage de 9 600\u00a0hectares soit suffisante pour justifier une visite, le parc offre une vari\u00e9t\u00e9 de visites pour explorer les plus grands mar\u00e9cages riverains naturels (ceux qui se trouvent sur les rives d\u2019une rivi\u00e8re) d\u2019Europe centrale et les nombreuses plantes et animaux en voie de disparition qu\u2019ils abritent. Il s\u2019agit d\u2019un ruban vert entre les villes de Vienne et Bratislava et il subit l\u2019influence vitale de la partie pratiquement sauvage du Danube qui le traverse.<\/p>\n","protected":false},"excerpt":{"rendered":"<p>Pour les amoureux de la nature, le parc national de Donau-Auen est l\u2019endroit id\u00e9al. Bien que la beaut\u00e9 du paysage de 9 600\u00a0hectares soit suffisante pour justifier une visite, le parc offre une vari\u00e9t\u00e9 de visites pour explorer les plus grands mar\u00e9cages riverains naturels (ceux qui se trouvent sur les rives d\u2019une rivi\u00e8re) d\u2019Europe centrale [&hellip;]<\/p>\n","protected":false},"author":1,"featured_media":3728,"parent":4233,"menu_order":0,"comment_status":"closed","ping_status":"closed","template":"tpl-location.php","meta":{"_acf_changed":false,"footnotes":""},"acf":{"address":"Schlo\u00dfpl. 1, 2304 Orth an der Donau, Austria","location_type":"beauty","map_link":"https:\/\/www.google.com\/maps\/place\/Danube-Auen+National+Park\/@48.1447168,16.7004541,17z\/data=!3m1!4b1!4m5!3m4!1s0x476cf81537095a4d:0xabe9b89748410546!8m2!3d48.1447168!4d16.7004541","trip_advisor":"https:\/\/www.tripadvisor.com\/ShowUserReviews-g1071607-d3520193-r479188659-Nationalpark_Donau_Auen-Orth_an_der_Donau_Lower_Austria.html","coordinates":{"latitude":"48.1447168","longitude":"16.7004541"},"charging_stations":[{"charging_station":"2304 Orth an der Donau (71m \/ 1 min)"}]},"aioseo_notices":[],"_links":{"self":[{"href":"https:\/\/nissantravelguide.com\/fr\/wp-json\/wp\/v2\/pages\/4223"}],"collection":[{"href":"https:\/\/nissantravelguide.com\/fr\/wp-json\/wp\/v2\/pages"}],"about":[{"href":"https:\/\/nissantravelguide.com\/fr\/wp-json\/wp\/v2\/types\/page"}],"author":[{"embeddable":true,"href":"https:\/\/nissantravelguide.com\/fr\/wp-json\/wp\/v2\/users\/1"}],"replies":[{"embeddable":true,"href":"https:\/\/nissantravelguide.com\/fr\/wp-json\/wp\/v2\/comments?post=4223"}],"version-history":[{"count":0,"href":"https:\/\/nissantravelguide.com\/fr\/wp-json\/wp\/v2\/pages\/4223\/revisions"}],"up":[{"embeddable":true,"href":"https:\/\/nissantravelguide.com\/fr\/wp-json\/wp\/v2\/pages\/4233"}],"wp:featuredmedia":[{"embeddable":true,"href":"https:\/\/nissantravelguide.com\/fr\/wp-json\/wp\/v2\/media\/3728"}],"wp:attachment":[{"href":"https:\/\/nissantravelguide.com\/fr\/wp-json\/wp\/v2\/media?parent=4223"}],"curies":[{"name":"wp","href":"https:\/\/api.w.org\/{rel}","templated":true}]}}