{"id":4224,"date":"2022-12-12T17:14:04","date_gmt":"2022-12-12T17:14:04","guid":{"rendered":"https:\/\/nissantravelguide.com\/ile-du-danube\/"},"modified":"2022-12-12T17:14:04","modified_gmt":"2022-12-12T17:14:04","slug":"ile-du-danube","status":"publish","type":"page","link":"https:\/\/nissantravelguide.com\/fr\/vienne\/ile-du-danube\/","title":{"rendered":"\u00cele du Danube"},"content":{"rendered":"<p class=\"p1\">Un paradis de loisirs populaire avec les habitants. Et, avec des activit\u00e9s telles que la natation, le v\u00e9lo, la navigation de plaisance, l\u2019aviron, le beach-volleyball et le surf, l\u2019\u00eele du Danube de 21\u00a0km de long s\u2019av\u00e8re souvent \u00eatre une exp\u00e9rience inoubliable pour les visiteurs de Vienne \u00e9galement. \u00c0 deux pas du centre-ville, l\u2019\u00eele abrite une plage familiale, un terrain de jeu aquatique, un parc d\u2019escalade et le plus grand centre de trampoline flottant au monde.<\/p>\n","protected":false},"excerpt":{"rendered":"<p>Un paradis de loisirs populaire avec les habitants. Et, avec des activit\u00e9s telles que la natation, le v\u00e9lo, la navigation de plaisance, l\u2019aviron, le beach-volleyball et le surf, l\u2019\u00eele du Danube de 21\u00a0km de long s\u2019av\u00e8re souvent \u00eatre une exp\u00e9rience inoubliable pour les visiteurs de Vienne \u00e9galement. \u00c0 deux pas du centre-ville, l\u2019\u00eele abrite une [&hellip;]<\/p>\n","protected":false},"author":1,"featured_media":3718,"parent":4233,"menu_order":0,"comment_status":"closed","ping_status":"closed","template":"tpl-location.php","meta":{"_acf_changed":false,"footnotes":""},"acf":{"address":"","location_type":"beauty","map_link":"https:\/\/www.google.com\/maps\/place\/Donauinsel\/@48.2267849,16.2973444,11z\/data=!3m1!4b1!4m5!3m4!1s0x476d06d127a831ab:0x7cc9686bc88d5e87!8m2!3d48.2106899!4d16.4350074?shorturl=1","trip_advisor":"https:\/\/www.tripadvisor.co.uk\/Attraction_Review-g190454-d2041749-Reviews-Donauinsel-Vienna.html","coordinates":{"latitude":"48.2267849","longitude":"16.2973444"},"charging_stations":[{"charging_station":"1 Messeplatz Wien 1020 (6.0km \/ 12 min)"}]},"aioseo_notices":[],"_links":{"self":[{"href":"https:\/\/nissantravelguide.com\/fr\/wp-json\/wp\/v2\/pages\/4224"}],"collection":[{"href":"https:\/\/nissantravelguide.com\/fr\/wp-json\/wp\/v2\/pages"}],"about":[{"href":"https:\/\/nissantravelguide.com\/fr\/wp-json\/wp\/v2\/types\/page"}],"author":[{"embeddable":true,"href":"https:\/\/nissantravelguide.com\/fr\/wp-json\/wp\/v2\/users\/1"}],"replies":[{"embeddable":true,"href":"https:\/\/nissantravelguide.com\/fr\/wp-json\/wp\/v2\/comments?post=4224"}],"version-history":[{"count":0,"href":"https:\/\/nissantravelguide.com\/fr\/wp-json\/wp\/v2\/pages\/4224\/revisions"}],"up":[{"embeddable":true,"href":"https:\/\/nissantravelguide.com\/fr\/wp-json\/wp\/v2\/pages\/4233"}],"wp:featuredmedia":[{"embeddable":true,"href":"https:\/\/nissantravelguide.com\/fr\/wp-json\/wp\/v2\/media\/3718"}],"wp:attachment":[{"href":"https:\/\/nissantravelguide.com\/fr\/wp-json\/wp\/v2\/media?parent=4224"}],"curies":[{"name":"wp","href":"https:\/\/api.w.org\/{rel}","templated":true}]}}