{"id":4225,"date":"2022-12-12T17:14:18","date_gmt":"2022-12-12T17:14:18","guid":{"rendered":"https:\/\/nissantravelguide.com\/jardins-botaniques-hirschstetten\/"},"modified":"2022-12-12T17:14:18","modified_gmt":"2022-12-12T17:14:18","slug":"jardins-botaniques-hirschstetten","status":"publish","type":"page","link":"https:\/\/nissantravelguide.com\/fr\/vienne\/jardins-botaniques-hirschstetten\/","title":{"rendered":"Jardins botaniques Hirschstetten"},"content":{"rendered":"<p class=\"p1\">Le spectaculaire globe botanique des jardins botaniques de Hirschstetten abrite une vari\u00e9t\u00e9 de jardins \u00e0 th\u00e8me, tels que les jardins indiens, mexicains, amour ou de la ville du film. Les Jardins servent \u00e9galement leur objectif traditionnel d\u2019approvisionnement en fleurs et en arbustes pour le vaste programme de plantation de Vienne dans les parcs urbains et d\u2019autres lieux, apportant une v\u00e9g\u00e9tation suppl\u00e9mentaire \u00e0 une ville d\u00e9j\u00e0 pittoresque.<\/p>\n","protected":false},"excerpt":{"rendered":"<p>Le spectaculaire globe botanique des jardins botaniques de Hirschstetten abrite une vari\u00e9t\u00e9 de jardins \u00e0 th\u00e8me, tels que les jardins indiens, mexicains, amour ou de la ville du film. Les Jardins servent \u00e9galement leur objectif traditionnel d\u2019approvisionnement en fleurs et en arbustes pour le vaste programme de plantation de Vienne dans les parcs urbains et [&hellip;]<\/p>\n","protected":false},"author":1,"featured_media":3743,"parent":4233,"menu_order":0,"comment_status":"closed","ping_status":"closed","template":"tpl-location.php","meta":{"_acf_changed":false,"footnotes":""},"acf":{"address":"1220 Vienna","location_type":"beauty","map_link":"https:\/\/www.google.com\/maps\/place\/Hirschstetten,+1220+Vienna,+Austria\/@48.2545308,16.4460732,13z\/data=!3m1!4b1!4m5!3m4!1s0x476d01586704d015:0x921981464363113a!8m2!3d48.2514298!4d16.4773321?shorturl=1","trip_advisor":"https:\/\/www.tripadvisor.co.uk\/Attraction_Review-g190454-d3559599-Reviews-Blumengaerten_Hirschstetten-Vienna.html","coordinates":{"latitude":"48.2545308","longitude":"16.4460732"},"charging_stations":[{"charging_station":"1 Messeplatz Wien 1020 (9.7km \/ 16 min)"}]},"aioseo_notices":[],"_links":{"self":[{"href":"https:\/\/nissantravelguide.com\/fr\/wp-json\/wp\/v2\/pages\/4225"}],"collection":[{"href":"https:\/\/nissantravelguide.com\/fr\/wp-json\/wp\/v2\/pages"}],"about":[{"href":"https:\/\/nissantravelguide.com\/fr\/wp-json\/wp\/v2\/types\/page"}],"author":[{"embeddable":true,"href":"https:\/\/nissantravelguide.com\/fr\/wp-json\/wp\/v2\/users\/1"}],"replies":[{"embeddable":true,"href":"https:\/\/nissantravelguide.com\/fr\/wp-json\/wp\/v2\/comments?post=4225"}],"version-history":[{"count":0,"href":"https:\/\/nissantravelguide.com\/fr\/wp-json\/wp\/v2\/pages\/4225\/revisions"}],"up":[{"embeddable":true,"href":"https:\/\/nissantravelguide.com\/fr\/wp-json\/wp\/v2\/pages\/4233"}],"wp:featuredmedia":[{"embeddable":true,"href":"https:\/\/nissantravelguide.com\/fr\/wp-json\/wp\/v2\/media\/3743"}],"wp:attachment":[{"href":"https:\/\/nissantravelguide.com\/fr\/wp-json\/wp\/v2\/media?parent=4225"}],"curies":[{"name":"wp","href":"https:\/\/api.w.org\/{rel}","templated":true}]}}