{"id":4226,"date":"2022-12-12T17:14:37","date_gmt":"2022-12-12T17:14:37","guid":{"rendered":"https:\/\/nissantravelguide.com\/opera-national-de-vienne\/"},"modified":"2022-12-12T17:14:37","modified_gmt":"2022-12-12T17:14:37","slug":"opera-national-de-vienne","status":"publish","type":"page","link":"https:\/\/nissantravelguide.com\/fr\/vienne\/opera-national-de-vienne\/","title":{"rendered":"Op\u00e9ra national de Vienne"},"content":{"rendered":"<p class=\"p1\">Cet op\u00e9ra mondialement connu, Wiener Staatsoper, a un pass\u00e9 ancr\u00e9 dans la tradition. Accueillant une grande vari\u00e9t\u00e9 de spectacles et d\u2019\u00e9v\u00e9nements, son programme saisonnier comprend 350\u00a0spectacles de plus de 60\u00a0op\u00e9ras et ballets diff\u00e9rents. Chaque soir, vous pourrez \u00e9couter des artistes de renomm\u00e9e mondiale sur sc\u00e8ne et au pupitre du chef d\u2019orchestre, accompagn\u00e9s d\u2019un orchestre unique\u00a0: l\u2019orchestre de Wiener Staatsoper, dont les membres composent \u00e9galement l\u2019orchestre philharmonique de Vienne.<\/p>\n","protected":false},"excerpt":{"rendered":"<p>Cet op\u00e9ra mondialement connu, Wiener Staatsoper, a un pass\u00e9 ancr\u00e9 dans la tradition. Accueillant une grande vari\u00e9t\u00e9 de spectacles et d\u2019\u00e9v\u00e9nements, son programme saisonnier comprend 350\u00a0spectacles de plus de 60\u00a0op\u00e9ras et ballets diff\u00e9rents. Chaque soir, vous pourrez \u00e9couter des artistes de renomm\u00e9e mondiale sur sc\u00e8ne et au pupitre du chef d\u2019orchestre, accompagn\u00e9s d\u2019un orchestre unique\u00a0: [&hellip;]<\/p>\n","protected":false},"author":1,"featured_media":3823,"parent":4233,"menu_order":0,"comment_status":"closed","ping_status":"closed","template":"tpl-location.php","meta":{"_acf_changed":false,"footnotes":""},"acf":{"address":"Opernring 2, 1010 Wien, Austria","location_type":"interest","map_link":"https:\/\/www.google.com\/maps\/place\/Vienna+Operahouse\/@48.2033188,16.3697379,17z\/data=!3m1!4b1!4m5!3m4!1s0x476d079c861dbfd5:0xfd59268d25377d56!8m2!3d48.2033188!4d16.3697379","trip_advisor":"https:\/\/www.tripadvisor.co.uk\/Attraction_Review-g190454-d194164-Reviews-Wiener_Staatsoper-Vienna.html","coordinates":{"latitude":"48.2033188","longitude":"16.3697379"},"charging_stations":[{"charging_station":"Type 2 (11.1kW): Haidingergrasse 16, 1030 Wien (3.1km \/ 13 min)"}]},"aioseo_notices":[],"_links":{"self":[{"href":"https:\/\/nissantravelguide.com\/fr\/wp-json\/wp\/v2\/pages\/4226"}],"collection":[{"href":"https:\/\/nissantravelguide.com\/fr\/wp-json\/wp\/v2\/pages"}],"about":[{"href":"https:\/\/nissantravelguide.com\/fr\/wp-json\/wp\/v2\/types\/page"}],"author":[{"embeddable":true,"href":"https:\/\/nissantravelguide.com\/fr\/wp-json\/wp\/v2\/users\/1"}],"replies":[{"embeddable":true,"href":"https:\/\/nissantravelguide.com\/fr\/wp-json\/wp\/v2\/comments?post=4226"}],"version-history":[{"count":0,"href":"https:\/\/nissantravelguide.com\/fr\/wp-json\/wp\/v2\/pages\/4226\/revisions"}],"up":[{"embeddable":true,"href":"https:\/\/nissantravelguide.com\/fr\/wp-json\/wp\/v2\/pages\/4233"}],"wp:featuredmedia":[{"embeddable":true,"href":"https:\/\/nissantravelguide.com\/fr\/wp-json\/wp\/v2\/media\/3823"}],"wp:attachment":[{"href":"https:\/\/nissantravelguide.com\/fr\/wp-json\/wp\/v2\/media?parent=4226"}],"curies":[{"name":"wp","href":"https:\/\/api.w.org\/{rel}","templated":true}]}}