{"id":4227,"date":"2022-12-12T17:14:52","date_gmt":"2022-12-12T17:14:52","guid":{"rendered":"https:\/\/nissantravelguide.com\/mak-musee-des-arts-appliques\/"},"modified":"2022-12-12T17:14:52","modified_gmt":"2022-12-12T17:14:52","slug":"mak-musee-des-arts-appliques","status":"publish","type":"page","link":"https:\/\/nissantravelguide.com\/fr\/vienne\/mak-musee-des-arts-appliques\/","title":{"rendered":"MAK, Mus\u00e9e des arts appliqu\u00e9s"},"content":{"rendered":"<p class=\"p1\"><span class=\"s1\">Fond\u00e9 en 1863, le MAK, Mus\u00e9e des arts appliqu\u00e9s abrite une collection unique d\u2019arts appliqu\u00e9s, de design, d\u2019art contemporain et d\u2019architecture. Il propose une puissante combinaison du pass\u00e9 et du futur, ce dont vous aurez une id\u00e9e claire en visitant sa vaste collection, ses grandes salles d\u2019exposition, ses expositions sp\u00e9ciales \u00e0 th\u00e8me et son programme vari\u00e9 d\u2019\u00e9v\u00e9nements.<\/span><\/p>\n","protected":false},"excerpt":{"rendered":"<p>Fond\u00e9 en 1863, le MAK, Mus\u00e9e des arts appliqu\u00e9s abrite une collection unique d\u2019arts appliqu\u00e9s, de design, d\u2019art contemporain et d\u2019architecture. Il propose une puissante combinaison du pass\u00e9 et du futur, ce dont vous aurez une id\u00e9e claire en visitant sa vaste collection, ses grandes salles d\u2019exposition, ses expositions sp\u00e9ciales \u00e0 th\u00e8me et son programme [&hellip;]<\/p>\n","protected":false},"author":1,"featured_media":3778,"parent":4233,"menu_order":0,"comment_status":"closed","ping_status":"closed","template":"tpl-location.php","meta":{"_acf_changed":false,"footnotes":""},"acf":{"address":"Stubenring 5, 1010 Wien, Austria","location_type":"interest","map_link":"https:\/\/www.google.com\/maps\/place\/Museum+of+Applied+Arts\/@48.2076494,16.3795077,17z\/data=!3m1!4b1!4m5!3m4!1s0x476d077521e1b063:0xa501c28c5fde062f!8m2!3d48.2076458!4d16.3816964?shorturl=1","trip_advisor":"https:\/\/www.tripadvisor.co.uk\/Attraction_Review-g190454-d191395-Reviews-MAK_Austrian_Museum_of_Applied_Arts_Contemporary_Art-Vienna.html","coordinates":{"latitude":"48.2076494","longitude":"16.3795077"},"charging_stations":[{"charging_station":"Type 2 (11.1kW): Haidingergrasse 16, 1030 Wien(2.3km \/ 9 min)"}]},"aioseo_notices":[],"_links":{"self":[{"href":"https:\/\/nissantravelguide.com\/fr\/wp-json\/wp\/v2\/pages\/4227"}],"collection":[{"href":"https:\/\/nissantravelguide.com\/fr\/wp-json\/wp\/v2\/pages"}],"about":[{"href":"https:\/\/nissantravelguide.com\/fr\/wp-json\/wp\/v2\/types\/page"}],"author":[{"embeddable":true,"href":"https:\/\/nissantravelguide.com\/fr\/wp-json\/wp\/v2\/users\/1"}],"replies":[{"embeddable":true,"href":"https:\/\/nissantravelguide.com\/fr\/wp-json\/wp\/v2\/comments?post=4227"}],"version-history":[{"count":0,"href":"https:\/\/nissantravelguide.com\/fr\/wp-json\/wp\/v2\/pages\/4227\/revisions"}],"up":[{"embeddable":true,"href":"https:\/\/nissantravelguide.com\/fr\/wp-json\/wp\/v2\/pages\/4233"}],"wp:featuredmedia":[{"embeddable":true,"href":"https:\/\/nissantravelguide.com\/fr\/wp-json\/wp\/v2\/media\/3778"}],"wp:attachment":[{"href":"https:\/\/nissantravelguide.com\/fr\/wp-json\/wp\/v2\/media?parent=4227"}],"curies":[{"name":"wp","href":"https:\/\/api.w.org\/{rel}","templated":true}]}}