{"id":4228,"date":"2022-12-12T17:15:09","date_gmt":"2022-12-12T17:15:09","guid":{"rendered":"https:\/\/nissantravelguide.com\/museumsquartier-de-vienne\/"},"modified":"2022-12-12T17:15:09","modified_gmt":"2022-12-12T17:15:09","slug":"museumsquartier-de-vienne","status":"publish","type":"page","link":"https:\/\/nissantravelguide.com\/fr\/vienne\/museumsquartier-de-vienne\/","title":{"rendered":"MuseumsQuartier de Vienne"},"content":{"rendered":"<p class=\"p1\">Les b\u00e2timents baroques rencontrent l\u2019architecture moderne dans l\u2019un des plus grands quartiers culturels au monde, le MuseumsQuartier. Ne vous inqui\u00e9tez pas si vous avez l\u2019impression qu\u2019il est trop grand pour \u00eatre explor\u00e9. Il existe de nombreuses options de visite, qui vous permettent de d\u00e9couvrir diff\u00e9rents aspects de ce qui \u00e9tait autrefois des \u00e9curies de cour imp\u00e9riale et qui n\u2019abrite aujourd\u2019hui pas moins de neuf institutions culturelles et artistiques.<\/p>\n","protected":false},"excerpt":{"rendered":"<p>Les b\u00e2timents baroques rencontrent l\u2019architecture moderne dans l\u2019un des plus grands quartiers culturels au monde, le MuseumsQuartier. Ne vous inqui\u00e9tez pas si vous avez l\u2019impression qu\u2019il est trop grand pour \u00eatre explor\u00e9. Il existe de nombreuses options de visite, qui vous permettent de d\u00e9couvrir diff\u00e9rents aspects de ce qui \u00e9tait autrefois des \u00e9curies de cour [&hellip;]<\/p>\n","protected":false},"author":1,"featured_media":3788,"parent":4233,"menu_order":0,"comment_status":"closed","ping_status":"closed","template":"tpl-location.php","meta":{"_acf_changed":false,"footnotes":""},"acf":{"address":"Museumsplatz 1, 1070 Wien, Austria","location_type":"interest","map_link":"https:\/\/www.google.com\/maps\/place\/MuseumsQuartier\/@48.2033405,16.3564226,17z\/data=!3m1!4b1!4m5!3m4!1s0x476d07903eeb4fdf:0x94d429b3eb41ebff!8m2!3d48.2033369!4d16.3586166","trip_advisor":"https:\/\/www.tripadvisor.co.uk\/Attraction_Review-g190454-d246439-Reviews-MuseumsQuartier_Wien-Vienna.html","coordinates":{"latitude":"48.2033405","longitude":"16.3564226"},"charging_stations":[{"charging_station":"Type 2 (3.7kW): Europaplatz 2\/4\/3, 1150 Wien (3.8km \/ 12 min)"}]},"aioseo_notices":[],"_links":{"self":[{"href":"https:\/\/nissantravelguide.com\/fr\/wp-json\/wp\/v2\/pages\/4228"}],"collection":[{"href":"https:\/\/nissantravelguide.com\/fr\/wp-json\/wp\/v2\/pages"}],"about":[{"href":"https:\/\/nissantravelguide.com\/fr\/wp-json\/wp\/v2\/types\/page"}],"author":[{"embeddable":true,"href":"https:\/\/nissantravelguide.com\/fr\/wp-json\/wp\/v2\/users\/1"}],"replies":[{"embeddable":true,"href":"https:\/\/nissantravelguide.com\/fr\/wp-json\/wp\/v2\/comments?post=4228"}],"version-history":[{"count":0,"href":"https:\/\/nissantravelguide.com\/fr\/wp-json\/wp\/v2\/pages\/4228\/revisions"}],"up":[{"embeddable":true,"href":"https:\/\/nissantravelguide.com\/fr\/wp-json\/wp\/v2\/pages\/4233"}],"wp:featuredmedia":[{"embeddable":true,"href":"https:\/\/nissantravelguide.com\/fr\/wp-json\/wp\/v2\/media\/3788"}],"wp:attachment":[{"href":"https:\/\/nissantravelguide.com\/fr\/wp-json\/wp\/v2\/media?parent=4228"}],"curies":[{"name":"wp","href":"https:\/\/api.w.org\/{rel}","templated":true}]}}