{"id":4229,"date":"2022-12-12T17:15:25","date_gmt":"2022-12-12T17:15:25","guid":{"rendered":"https:\/\/nissantravelguide.com\/parc-dattractions-prater-wien\/"},"modified":"2022-12-12T17:15:25","modified_gmt":"2022-12-12T17:15:25","slug":"parc-dattractions-prater-wien","status":"publish","type":"page","link":"https:\/\/nissantravelguide.com\/fr\/vienne\/parc-dattractions-prater-wien\/","title":{"rendered":"Parc d\u2019attractions Prater Wien"},"content":{"rendered":"<p class=\"p1\">L\u2019aventure, la tradition et le charme viennois se retrouvent au Prater Wien Amusement Park. Pour une journ\u00e9e riche en sensations fortes, partez \u00e0 la d\u00e9couverte des montagnes russes, des trains fant\u00f4mes effrayants et des attractions de toutes sortes. Si vous n\u2019avez pas trop peur des hauteurs, vous voudrez faire un tour sur la Wiener Riesenrad, la plus ancienne grande roue au monde, qui vous emm\u00e8ne \u00e0 pr\u00e8s de 65\u00a0m\u00e8tres de haut.<\/p>\n","protected":false},"excerpt":{"rendered":"<p>L\u2019aventure, la tradition et le charme viennois se retrouvent au Prater Wien Amusement Park. Pour une journ\u00e9e riche en sensations fortes, partez \u00e0 la d\u00e9couverte des montagnes russes, des trains fant\u00f4mes effrayants et des attractions de toutes sortes. Si vous n\u2019avez pas trop peur des hauteurs, vous voudrez faire un tour sur la Wiener Riesenrad, [&hellip;]<\/p>\n","protected":false},"author":1,"featured_media":3813,"parent":4233,"menu_order":0,"comment_status":"closed","ping_status":"closed","template":"tpl-location.php","meta":{"_acf_changed":false,"footnotes":""},"acf":{"address":"1020 Vienna, Austria","location_type":"interest","map_link":"https:\/\/www.google.com\/maps\/place\/Prater\/@48.2167398,16.3980327,17z\/data=!3m1!4b1!4m5!3m4!1s0x476d073f4daba163:0xfce7699ce9a8b1f4!8m2!3d48.2167398!4d16.3980327","trip_advisor":"https:\/\/www.tripadvisor.co.uk\/Attraction_Review-g190454-d5966675-Reviews-Prater-Vienna.html","coordinates":{"latitude":"48.2167398","longitude":"16.3980327"},"charging_stations":[{"charging_station":"1 Messeplatz Wien 1020 (750m \/ 3 min)"}]},"aioseo_notices":[],"_links":{"self":[{"href":"https:\/\/nissantravelguide.com\/fr\/wp-json\/wp\/v2\/pages\/4229"}],"collection":[{"href":"https:\/\/nissantravelguide.com\/fr\/wp-json\/wp\/v2\/pages"}],"about":[{"href":"https:\/\/nissantravelguide.com\/fr\/wp-json\/wp\/v2\/types\/page"}],"author":[{"embeddable":true,"href":"https:\/\/nissantravelguide.com\/fr\/wp-json\/wp\/v2\/users\/1"}],"replies":[{"embeddable":true,"href":"https:\/\/nissantravelguide.com\/fr\/wp-json\/wp\/v2\/comments?post=4229"}],"version-history":[{"count":0,"href":"https:\/\/nissantravelguide.com\/fr\/wp-json\/wp\/v2\/pages\/4229\/revisions"}],"up":[{"embeddable":true,"href":"https:\/\/nissantravelguide.com\/fr\/wp-json\/wp\/v2\/pages\/4233"}],"wp:featuredmedia":[{"embeddable":true,"href":"https:\/\/nissantravelguide.com\/fr\/wp-json\/wp\/v2\/media\/3813"}],"wp:attachment":[{"href":"https:\/\/nissantravelguide.com\/fr\/wp-json\/wp\/v2\/media?parent=4229"}],"curies":[{"name":"wp","href":"https:\/\/api.w.org\/{rel}","templated":true}]}}