{"id":4262,"date":"2022-12-13T08:55:30","date_gmt":"2022-12-13T08:55:30","guid":{"rendered":"https:\/\/nissantravelguide.com\/terms-of-use\/"},"modified":"2023-01-27T09:54:51","modified_gmt":"2023-01-27T09:54:51","slug":"terms-of-use","status":"publish","type":"page","link":"https:\/\/nissantravelguide.com\/fr\/terms-of-use\/","title":{"rendered":"Conditions d\u2019utilisation"},"content":{"rendered":"<ol>\n<li>\n<div>\n<div>INTRODUCTION<\/div>\n<\/div>\n<ol>\n<li>\n<div>\n<div>Les conditions ci-dessous r\u00e9gissent votre utilisation de ce site Web (le \u00abSite Web \u00bb) et, en acc\u00e9dant \u00e0 ce Site Web, vous acceptez d\u2019\u00eatre li\u00e9 par ces conditions. Si vous n\u2019acceptez pas ces conditions, veuillez quitter le site Web.<\/div>\n<\/div>\n<\/li>\n<li>Ce site Web vous est fourni par Nissan Motor (GB) Limited, une soci\u00e9t\u00e9 enregistr\u00e9e en Angleterre et au Pays de Galles sous le num\u00e9ro d\u2019immatriculation02514418 (\u00abNissan\u00bb, \u00abnous\u00bb, \u00abnotre\u00bb ou \u00abnos\u00bb). Notre si\u00e8ge social est situ\u00e9 \u00e0 The Rivers Office Park, Denham Way, Maple Cross, Rickmansworth, WD39YS.<\/li>\n<li>Nous pouvons modifier ces conditions \u00e0 tout moment sans pr\u00e9avis en mettant \u00e0 jour les conditions publi\u00e9es sur ce site Web. Il vous appartient de consulter les conditions du site Web chaque fois que vous y acc\u00e9dez pour vous assurer de conna\u00eetre nos derni\u00e8res conditions d\u2019utilisation. Votre utilisation de ce site Web apr\u00e8s une modification signifie que vous acceptez les conditions r\u00e9vis\u00e9es.<\/li>\n<\/ol>\n<\/li>\n<li>UTILISATION DE NOTRE SITE WEB\n<ol>\n<li>Vous, en tant qu\u2019utilisateur de notre site Web (\u00abvous\u00bb, \u00abvotre\u00bb et \u00abvous-m\u00eame\u00bb), pouvez utiliser notre site Web pour votre usage personnel noncommercial.<\/li>\n<li>\n<p class=\"p1\">L\u2019acc\u00e8s \u00e0 notre Site Web est autoris\u00e9 \u00e0 titre temporaire et nous nous r\u00e9servons le droit de retirer ou de modifier le service sans pr\u00e9avis. Il vous incombe de prendre toutes les dispositions n\u00e9cessaires pour acc\u00e9der \u00e0 ce site Web. Il vous incombe \u00e9galement de veiller \u00e0 ce que toutes les personnes acc\u00e9dant \u00e0 notre Site Web par le biais de votre connexion Internet connaissent ces conditions.<\/p>\n<\/li>\n<li>\n<p class=\"p1\">Vous n\u2019\u00eates pas autoris\u00e9 \u00e0 utiliser, ou \u00e0 laisser d\u2019autres personnes utiliser, un syst\u00e8me ou un logiciel automatis\u00e9 pour extraire du contenu ou des donn\u00e9es de notre Site Web, sauf dans les cas o\u00f9 vous ou un tiers concern\u00e9 avez conclu un accord \u00e9crit avec nous qui permet express\u00e9ment une telle activit\u00e9.<\/p>\n<\/li>\n<\/ol>\n<\/li>\n<li>RISQUE ET RESPONSABILIT\u00c9\n<ol>\n<li>\n<p class=\"p1\">Nous ne sommes responsables envers vous que dans le cadre de votre utilisation de notre Site Web pour les pertes que vous subissez en cons\u00e9quence directe de notre violation des pr\u00e9sentes conditions. Nous ne serons pas responsables des dommages ou pertes indirects, sp\u00e9ciaux, accessoires ou cons\u00e9cutifs, ou des pertes commerciales que vous pourriez subir, y compris, mais sans s\u2019y limiter, la perte de donn\u00e9es, la perte de profits ou l\u2019interruption de l\u2019activit\u00e9.<\/p>\n<\/li>\n<li>Nous n\u2019excluons pas notre responsabilit\u00e9 (le cas \u00e9ch\u00e9ant) envers vous en cas de:\n<ol>\n<li>pr\u00e9judice corporel ou d\u00e9c\u00e8s r\u00e9sultant de notre n\u00e9gligence;<\/li>\n<li>fraude ou fausse d\u00e9claration frauduleuse; ou<\/li>\n<li>toute question pour laquelle il serait ill\u00e9gal pour nous d\u2019exclure ou de tenter d\u2019exclure notre responsabilit\u00e9.<\/li>\n<\/ol>\n<\/li>\n<li>Vous convenez que nous ne pouvons pas garantir que notre Site Web:\n<ol>\n<li>restera inchang\u00e9, car nous pouvons le modifier ou le supprimer, ou faire en sorte que son acc\u00e8s soit soumis \u00e0 une inscription ou \u00e0 des frais;<\/li>\n<li>sera compatible avec tout ou partie du mat\u00e9riel informatique ou des logiciels que vous pourriez utiliser;<\/li>\n<li>sera disponible en permanence ou \u00e0 tout moment sp\u00e9cifique;<\/li>\n<li>sera exact et \u00e0 jour; ou<\/li>\n<li>sera exempt d\u2019erreurs ou de virus, de bogues \u00e9lectroniques, de chevaux de Troie ou d\u2019autres composants nuisibles.Vous devez donc prendre vos propres pr\u00e9cautions en cons\u00e9quence.<\/li>\n<\/ol>\n<\/li>\n<li>\n<p class=\"p1\">Vous convenez \u00e9galement que:<\/p>\n<ol>\n<li>nous ne pouvons garantir la vitesse ou la s\u00e9curit\u00e9 du Site Web\u00a0; et<\/li>\n<li>nous ne serons pas responsables des dommages ou pertes que vous pourriez subir directement ou indirectement en raison d\u2019une attaque de virus qui peut \u00eatre retrac\u00e9e sur notre Site Web dans toute la mesure permise par la loi.<\/li>\n<\/ol>\n<\/li>\n<\/ol>\n<\/li>\n<li>UTILISATION DU GUIDE DE VOYAGE\n<ol>\n<li>Nissan s\u2019efforce constamment d\u2019am\u00e9liorer ses offres. Par cons\u00e9quent, toutes les informations sur ce site sont susceptibles d\u2019\u00eatre modifi\u00e9es et sont fournies uniquement \u00e0 titre d\u2019information g\u00e9n\u00e9rale.<\/li>\n<li>Tout le contenu de ce site Web, notamment les images, textes, vid\u00e9os, cartes ou suggestions de lieux et d\u2019itin\u00e9raires de voyage, n\u2019est pas d\u00e9finitif et peut \u00eatre modifi\u00e9 sans pr\u00e9avis<\/li>\n<li>Vous acceptez que Nissan ne peut \u00eatre tenue responsable de toute perte, tout dommage ou tout d\u00e9sagr\u00e9ment subis en raison du suivi des suggestions du Guide de voyage.<\/li>\n<\/ol>\n<\/li>\n<li>PRODUITS ET PRIX\n<ol>\n<li>Nissan s\u2019efforce constamment d\u2019am\u00e9liorer ses produits. Par cons\u00e9quent, toutes les informations sur ce site sont susceptibles d\u2019\u00eatre modifi\u00e9es et sont fournies uniquement \u00e0 titre d\u2019information g\u00e9n\u00e9rale.<\/li>\n<li>Veuillez contacter votre concessionnaire Nissan agr\u00e9\u00e9 local ou, si vous \u00eates un client de flotte, votre responsable de flotte ou le centre de contact client\u00e8le de votre flotte pour obtenir les informations les plus r\u00e9centes, des conseils ou des directives suppl\u00e9mentaires avant de prendre toute mesure bas\u00e9e sur les informations contenues sur notre site Web ou g\u00e9n\u00e9r\u00e9es par celui-ci.<\/li>\n<li>Nous ne sommes pas responsables de toute perte ou tout dommage r\u00e9sultant de la confiance que vous accordez aux informations disponibles sur notre Site Web dans toute la mesure permise par la loi.<\/li>\n<\/ol>\n<\/li>\n<li>PROPRI\u00c9T\u00c9 INTELLECTUELLE\n<ol>\n<li>Notre Site Web et l\u2019ensemble des informations, images, photographies et autres contenus affich\u00e9s sur le Site Web (le \u00ab\u00a0Mat\u00e9riel\u00a0\u00bb) sont prot\u00e9g\u00e9s par certains droits. Ces droits comprennent tous les brevets, les droits sur les inventions, les droits d\u2019auteur et droits connexes, les droits moraux, les marques de commerce et de service, les noms d\u2019entreprise et de domaine, le fonds de commerce et le droit de poursuivre en justice pour fraude ou concurrence d\u00e9loyale, les droits sur les dessins et mod\u00e8les, et tous les autres droits de propri\u00e9t\u00e9 intellectuelle, dans chaque cas, qu\u2019ils soient enregistr\u00e9s ou non (les \u00ab\u00a0Droits\u00a0\u00bb). Ces Droits appartiennent directement \u00e0 Nissan ou nous sont conc\u00e9d\u00e9s sous licence par leurs propri\u00e9taires ou conc\u00e9dants respectifs.<\/li>\n<li>Vous ne pouvez copier aucun \u00e9l\u00e9ment du site sans l\u2019autorisation de Nissan. Vous avez uniquement le droit de consulter le site et d\u2019en imprimer des \u00e9l\u00e9ments. Vous ne disposez de ce droit que pour votre usage personnel et non commercial et\/ou pour vous permettre de prendre des d\u00e9cisions \u00e9clair\u00e9es concernant les produits Nissan. Vous devez vous abstenir de\u00a0:\n<ol>\n<li>copier, publier ou modifier quoi que ce soit sur le site ou revendre des informations que vous avez consult\u00e9es ou imprim\u00e9es \u00e0 partir de celui-ci ;<\/li>\n<li>supprimer tout droit d\u2019auteur ou autre avis de propri\u00e9t\u00e9 contenus dans le Mat\u00e9riel ;<\/li>\n<li>utiliser tout Mat\u00e9riel de notre Site Web d\u2019une mani\u00e8re susceptible d\u2019enfreindre l\u2019un quelconque de nos Droits ou les Droits d\u2019un tiers ; ou<\/li>\n<li>reproduire, modifier, afficher, pr\u00e9senter, publier, distribuer, faire circuler, diffuser, encadrer, communiquer au public ou faire circuler \u00e0 un tiers ou exploiter notre Site Web et\/ou le Mat\u00e9riel de quelque mani\u00e8re que ce soit, y compris \u00e0 des fins commerciales, sans notre consentement \u00e9crit pr\u00e9alable.<\/li>\n<\/ol>\n<\/li>\n<li>Toute utilisation du Site Web ou du Mat\u00e9riel d\u2019une mani\u00e8re non express\u00e9ment autoris\u00e9e par les pr\u00e9sentes conditions peut constituer une violation de nos Droits ou des Droits de nos Conc\u00e9dants. Nous et nos Conc\u00e9dants de licence nous r\u00e9servons le droit d\u2019exercer tous les droits et recours disponibles en cas de violation des Droits sur le Site Web ou le Mat\u00e9riel accessible sur celui-ci.<\/li>\n<\/ol>\n<\/li>\n<li>MARQUES COMMERCIALES\n<ol>\n<li>Nous nous r\u00e9servons tous les Droits sur le nom de domaine nissantravelguide.com et tous les domaines et sous-domaines associ\u00e9s, le nom \u00ab\u00a0Nissan\u00a0\u00bb, notre logo et nos marques de service, noms de marque, noms commerciaux et\/ou marques commerciales apparaissant sur le Site Web. Les autres marques commerciales, produits et noms de soci\u00e9t\u00e9s mentionn\u00e9s sur le Site Web peuvent \u00eatre les marques commerciales de leurs propri\u00e9taires ou conc\u00e9dants respectifs, et les Droits sur ces marques sont r\u00e9serv\u00e9s \u00e0 leurs propri\u00e9taires ou conc\u00e9dants respectifs.<\/li>\n<li>Aucune disposition des pr\u00e9sentes conditions ne doit \u00eatre interpr\u00e9t\u00e9e comme accordant une licence ou un droit d\u2019utiliser une telle marque commerciale ou un tel nom de domaine.<\/li>\n<\/ol>\n<\/li>\n<li>VOTRE VIE PRIV\u00c9E\n<ol>\n<li>Nous accordons une grande importance \u00e0 la confidentialit\u00e9 de vos donn\u00e9es \u00e0 caract\u00e8re personnel. Veuillez consulter notre Politique de confidentialit\u00e9, qui fait partie des pr\u00e9sentes conditions, pour plus de d\u00e9tails sur la mani\u00e8re dont nous traiterons vos donn\u00e9es \u00e0 caract\u00e8re personnel.<\/li>\n<\/ol>\n<\/li>\n<li>NOTRE UTILISATION DES COOKIES\n<ol>\n<li>Ce Site Web utilise des cookies. Veuillez consulter notre Politique relative aux cookies, qui fait partie des pr\u00e9sentes conditions, pour plus de d\u00e9tails.<\/li>\n<\/ol>\n<\/li>\n<li>CONTENU TIERS\n<ol>\n<li>Notre Site Web et\/ou le Mat\u00e9riel peuvent contenir des liens vers des sites de soci\u00e9t\u00e9s affili\u00e9es et non affili\u00e9es.<\/li>\n<li>Nissan ne modifie ni ne contr\u00f4le ces sites. Les liens vers ces sites ne constituent en aucun cas une approbation ou une association entre Nissan et ces sites, et Nissan n\u2019est pas responsable du contenu, des produits, des services, de la publicit\u00e9, de l\u2019exactitude, des opinions ou de toute autre question pr\u00e9sent\u00e9e sur ces sites. L\u2019acc\u00e8s \u00e0 des sites affili\u00e9s ou non affili\u00e9s et leur utilisation sont soumis \u00e0 leurs propres Conditions d\u2019utilisation et politiques de confidentialit\u00e9 et, si vous d\u00e9cidez de visiter un site tiers, vous le faites \u00e0 vos propres risques.<\/li>\n<\/ol>\n<\/li>\n<li>LIEN VERS NOTRE SITE WEB\n<ol>\n<li>Vous pouvez cr\u00e9er un lien vers n\u2019importe quelle page de notre Site Web, \u00e0 des fins non commerciales, \u00e0 condition que vous le fassiez d\u2019une mani\u00e8re \u00e9quitable et l\u00e9gale, et qui ne porte pas atteinte \u00e0 notre r\u00e9putation ni n\u2019en profite.<\/li>\n<li>Vous ne devez pas cr\u00e9er de lien vers notre Site Web de mani\u00e8re \u00e0 sugg\u00e9rer toute forme d\u2019association, d\u2019approbation ou de soutien de notre part lorsqu\u2019il n\u2019en existe pas.<\/li>\n<li>Vous ne devez pas supprimer, masquer ou modifier de quelque mani\u00e8re que ce soit les publicit\u00e9s, avis de droit d\u2019auteur ou autres informations sur notre Site Web. Notre site Web ne doit pas \u00eatre encadr\u00e9 sur un autre site.<\/li>\n<li>Si vous souhaitez cr\u00e9er un lien vers notre site Web \u00e0 des fins commerciales ou \u00e0 toute fin non incluse ci-dessus, veuillez nous contacter en utilisant les coordonn\u00e9es ci-dessous.<\/li>\n<li>Nous nous r\u00e9servons le droit de retirer l\u2019autorisation de liaison \u00e0 tout moment et sans pr\u00e9avis.<\/li>\n<\/ol>\n<\/li>\n<li>G\u00c9N\u00c9RALIT\u00c9S\n<ol>\n<li>Vous ne pouvez pas c\u00e9der, conc\u00e9der en sous-licence ou autrement transf\u00e9rer l\u2019un quelconque de vos droits en vertu des pr\u00e9sentes conditions.<\/li>\n<li>Si une disposition des pr\u00e9sentes conditions est jug\u00e9e invalide pour quelque raison que ce soit, l\u2019invalidit\u00e9 de cette disposition n\u2019affectera pas les dispositions restantes des pr\u00e9sentes conditions, qui resteront pleinement en vigueur.<\/li>\n<li>Le fait que l\u2019un d\u2019entre nous n\u2019exerce pas un droit ou un recours en vertu des pr\u00e9sentes conditions ne constitue pas une renonciation \u00e0 ce droit ou \u00e0 ce recours.<\/li>\n<\/ol>\n<\/li>\n<li>DROIT APPLICABLE\n<ol>\n<li>Vous acceptez que le droit fran\u00e7ais r\u00e9gisse votre utilisation du Site Web et votre relation avec Nissan, et vous acceptez que les tribunaux fran\u00e7ais aient la comp\u00e9tence exclusive sur toute r\u00e9clamation d\u00e9coulant de ou li\u00e9e \u00e0 ce Site Web.<\/li>\n<\/ol>\n<\/li>\n<li>NOUS CONTACTER\n<ol>\n<li>Si vous avez des questions, appelez-nous au 0330\u00a0123\u00a01231.<br \/>\nSi vous avez besoin de nous appeler depuis l\u2019\u00e9tranger, ou si vous pr\u00e9f\u00e9rez ne pas utiliser notre num\u00e9ro publi\u00e9, appelez le 0044\u00a0191\u00a0335\u00a02879.<br \/>\nVous pouvez nous contacter de 8\u00a0h \u00e0 20\u00a0h, du lundi au vendredi, et de 8\u00a0h \u00e0 14\u00a0h le samedi (sauf jours f\u00e9ri\u00e9s). En dehors de ces heures, veuillez laisser un message et nous vous rappellerons le jour ouvrable suivant.<\/li>\n<\/ol>\n<\/li>\n<\/ol>\n","protected":false},"excerpt":{"rendered":"<p>INTRODUCTION Les conditions ci-dessous r\u00e9gissent votre utilisation de ce site Web (le \u00abSite Web \u00bb) et, en acc\u00e9dant \u00e0 ce Site Web, vous acceptez d\u2019\u00eatre li\u00e9 par ces conditions. Si vous n\u2019acceptez pas ces conditions, veuillez quitter le site Web. Ce site Web vous est fourni par Nissan Motor (GB) Limited, une soci\u00e9t\u00e9 enregistr\u00e9e en [&hellip;]<\/p>\n","protected":false},"author":1,"featured_media":0,"parent":0,"menu_order":0,"comment_status":"closed","ping_status":"closed","template":"tpl-content.php","meta":{"_acf_changed":false,"footnotes":""},"acf":[],"aioseo_notices":[],"_links":{"self":[{"href":"https:\/\/nissantravelguide.com\/fr\/wp-json\/wp\/v2\/pages\/4262"}],"collection":[{"href":"https:\/\/nissantravelguide.com\/fr\/wp-json\/wp\/v2\/pages"}],"about":[{"href":"https:\/\/nissantravelguide.com\/fr\/wp-json\/wp\/v2\/types\/page"}],"author":[{"embeddable":true,"href":"https:\/\/nissantravelguide.com\/fr\/wp-json\/wp\/v2\/users\/1"}],"replies":[{"embeddable":true,"href":"https:\/\/nissantravelguide.com\/fr\/wp-json\/wp\/v2\/comments?post=4262"}],"version-history":[{"count":3,"href":"https:\/\/nissantravelguide.com\/fr\/wp-json\/wp\/v2\/pages\/4262\/revisions"}],"predecessor-version":[{"id":4550,"href":"https:\/\/nissantravelguide.com\/fr\/wp-json\/wp\/v2\/pages\/4262\/revisions\/4550"}],"wp:attachment":[{"href":"https:\/\/nissantravelguide.com\/fr\/wp-json\/wp\/v2\/media?parent=4262"}],"curies":[{"name":"wp","href":"https:\/\/api.w.org\/{rel}","templated":true}]}}