{"id":488,"date":"2022-06-28T08:19:07","date_gmt":"2022-06-28T08:19:07","guid":{"rendered":"https:\/\/nissantravelguide.com\/stockholm\/hotel-hobo\/"},"modified":"2022-12-13T11:02:59","modified_gmt":"2022-12-13T11:02:59","slug":"hotel-hobo","status":"publish","type":"page","link":"https:\/\/nissantravelguide.com\/fr\/stockholm\/hotel-hobo\/","title":{"rendered":"H\u00f4tel HOBO\u00a0"},"content":{"rendered":"<p>Vous recherchez une exp\u00e9rience incomparable de voyage urbain ? Alors cet h\u00f4tel-boutique est fait pour vous. Id\u00e9alement situ\u00e9, simple et si scandinave, il vous offrira un point de d\u00e9part unique pour d\u00e9couvrir Stockholm. Il y a aussi beaucoup \u00e0 faire \u00e0 l\u2019h\u00f4tel m\u00eame, l\u2019h\u00f4tel accueillant r\u00e9guli\u00e8rement des artistes et des start-up locaux.<\/p>\n<p>HOBO dispose \u00e9galement de tous les atouts n\u00e9cessaires pour participer \u00e0 vos voyages durables, de ses pratiques d\u2019entretien m\u00e9nager qui \u00e9conomisent plus de 100 000 litres chaque ann\u00e9e aux services de location de v\u00e9los qui vous offrent un moyen plus \u00e9cologique d\u2019explorer le quartier. \u00c0 propos : les cuisines ne fonctionnent qu\u2019avec les meilleurs produits de saison d\u2019origine locale. C\u2019est probablement le seul endroit o\u00f9 vous trouverez des ingr\u00e9dients de petit-d\u00e9jeuner recycl\u00e9s pour rendre une heure de cocktail sp\u00e9ciale. Vous vous demandez comment ? Essayez le \u00ab Cereal Killer \u00bb \u00e0 la prochaine \u00e9tape !<\/p>\n","protected":false},"excerpt":{"rendered":"<p>Vous recherchez une exp\u00e9rience incomparable de voyage urbain ? Alors cet h\u00f4tel-boutique est fait pour vous. Id\u00e9alement situ\u00e9, simple et si scandinave, il vous offrira un point de d\u00e9part unique pour d\u00e9couvrir Stockholm. Il y a aussi beaucoup \u00e0 faire \u00e0 l\u2019h\u00f4tel m\u00eame, l\u2019h\u00f4tel accueillant r\u00e9guli\u00e8rement des artistes et des start-up locaux. HOBO dispose \u00e9galement [&hellip;]<\/p>\n","protected":false},"author":1,"featured_media":1094,"parent":487,"menu_order":8,"comment_status":"closed","ping_status":"closed","template":"tpl-location.php","meta":{"_acf_changed":false,"footnotes":""},"acf":{"address":"S\u00f6dra Blasieholmshamnen 8, Norrmalm, Stockholm","location_type":"hotel","map_link":"https:\/\/goo.gl\/maps\/8icteL7gAz2Wzr1e8","trip_advisor":"https:\/\/www.tripadvisor.co.uk\/Hotel_Review-g189852-d10847243-Reviews-Hobo-Stockholm.html","coordinates":{"latitude":"59.3279317","longitude":"18.038513"},"charging_stations":[{"charging_station":"3.7 kW Type 2: Hamngatan 37, 111 53 Stockholm, Sweden"}]},"aioseo_notices":[],"_links":{"self":[{"href":"https:\/\/nissantravelguide.com\/fr\/wp-json\/wp\/v2\/pages\/488"}],"collection":[{"href":"https:\/\/nissantravelguide.com\/fr\/wp-json\/wp\/v2\/pages"}],"about":[{"href":"https:\/\/nissantravelguide.com\/fr\/wp-json\/wp\/v2\/types\/page"}],"author":[{"embeddable":true,"href":"https:\/\/nissantravelguide.com\/fr\/wp-json\/wp\/v2\/users\/1"}],"replies":[{"embeddable":true,"href":"https:\/\/nissantravelguide.com\/fr\/wp-json\/wp\/v2\/comments?post=488"}],"version-history":[{"count":1,"href":"https:\/\/nissantravelguide.com\/fr\/wp-json\/wp\/v2\/pages\/488\/revisions"}],"predecessor-version":[{"id":888,"href":"https:\/\/nissantravelguide.com\/fr\/wp-json\/wp\/v2\/pages\/488\/revisions\/888"}],"up":[{"embeddable":true,"href":"https:\/\/nissantravelguide.com\/fr\/wp-json\/wp\/v2\/pages\/487"}],"wp:featuredmedia":[{"embeddable":true,"href":"https:\/\/nissantravelguide.com\/fr\/wp-json\/wp\/v2\/media\/1094"}],"wp:attachment":[{"href":"https:\/\/nissantravelguide.com\/fr\/wp-json\/wp\/v2\/media?parent=488"}],"curies":[{"name":"wp","href":"https:\/\/api.w.org\/{rel}","templated":true}]}}