{"id":489,"date":"2022-06-28T08:20:05","date_gmt":"2022-06-28T08:20:05","guid":{"rendered":"https:\/\/nissantravelguide.com\/stockholm\/hotel-yasuragi\/"},"modified":"2022-12-13T11:05:02","modified_gmt":"2022-12-13T11:05:02","slug":"hotel-yasuragi","status":"publish","type":"page","link":"https:\/\/nissantravelguide.com\/fr\/stockholm\/hotel-yasuragi\/","title":{"rendered":"H\u00f4tel Yasuragi"},"content":{"rendered":"<p>Avez-vous d\u00e9j\u00e0 p\u00e9n\u00e9tr\u00e9 dans un bain chaud pour et vous retrouver \u00e0 l\u00e2cher un long et profond soupir tout en sentant ce poids tomber de vos \u00e9paules alors que vous vous d\u00e9tendez ? C\u2019est la sensation que le mot japonais \u00ab Yasuragi \u00bb incarne, et l\u2019\u00e9ponyme h\u00f4tel Yasuragi, situ\u00e9 \u00e0 20 minutes de Stockholm, offre vraiment ce sentiment.<\/p>\n<p>Un h\u00f4tel-spa qui vous offre une exp\u00e9rience authentique dans les bains japonais, et il a m\u00eame sa propre source chaude ! Le sanctuaire id\u00e9al pour ceux qui cherchent \u00e0 s\u2019\u00e9loigner de l\u2019agitation de la ville, il vous donne l\u2019occasion de vous \u00e9vader dans la nature. Explorez la for\u00eat nordique voisine et admirez la beaut\u00e9 naturelle \u00e9poustouflante de l\u2019archipel qui entoure l\u2019h\u00f4tel tout en ressour\u00e7ant votre corps et votre esprit dans ce refuge relaxant.<\/p>\n","protected":false},"excerpt":{"rendered":"<p>Avez-vous d\u00e9j\u00e0 p\u00e9n\u00e9tr\u00e9 dans un bain chaud pour et vous retrouver \u00e0 l\u00e2cher un long et profond soupir tout en sentant ce poids tomber de vos \u00e9paules alors que vous vous d\u00e9tendez ? C\u2019est la sensation que le mot japonais \u00ab Yasuragi \u00bb incarne, et l\u2019\u00e9ponyme h\u00f4tel Yasuragi, situ\u00e9 \u00e0 20 minutes de Stockholm, offre [&hellip;]<\/p>\n","protected":false},"author":1,"featured_media":1527,"parent":487,"menu_order":13,"comment_status":"closed","ping_status":"closed","template":"tpl-location.php","meta":{"_acf_changed":false,"footnotes":""},"acf":{"address":"Hamndalsv\u00e4gen 8, 132 81 Saltsj\u00f6-Boo, Stockholm","location_type":"hotel","map_link":"https:\/\/www.google.co.uk\/maps\/place\/Yasuragi\/@59.3458178,18.2382682,17z\/data=!4m16!1m7!3m6!1s0x465f8235ae8ec91d:0x4af19c7cab53473e!2sHamndalsv%C3%A4gen+8,+132+39+Saltsj%C3%B6-boo,+Sweden!3b1!8m2!3d59.3458151!4d18.2404622!3m7!1s0x465f8235ae8ec4e3:0x318fdc3be1cbab58!5m2!4m1!1i2!8m2!3d59.3458151!4d18.2404622","trip_advisor":"https:\/\/www.tripadvisor.com\/Hotel_Review-g1799695-d497649-Reviews-Yasuragi-Saltsjo_Boo.html","coordinates":{"latitude":"59.3458178","longitude":"18.2382682"},"charging_stations":[{"charging_station":"3.7kw Type 2"}]},"aioseo_notices":[],"_links":{"self":[{"href":"https:\/\/nissantravelguide.com\/fr\/wp-json\/wp\/v2\/pages\/489"}],"collection":[{"href":"https:\/\/nissantravelguide.com\/fr\/wp-json\/wp\/v2\/pages"}],"about":[{"href":"https:\/\/nissantravelguide.com\/fr\/wp-json\/wp\/v2\/types\/page"}],"author":[{"embeddable":true,"href":"https:\/\/nissantravelguide.com\/fr\/wp-json\/wp\/v2\/users\/1"}],"replies":[{"embeddable":true,"href":"https:\/\/nissantravelguide.com\/fr\/wp-json\/wp\/v2\/comments?post=489"}],"version-history":[{"count":1,"href":"https:\/\/nissantravelguide.com\/fr\/wp-json\/wp\/v2\/pages\/489\/revisions"}],"predecessor-version":[{"id":629,"href":"https:\/\/nissantravelguide.com\/fr\/wp-json\/wp\/v2\/pages\/489\/revisions\/629"}],"up":[{"embeddable":true,"href":"https:\/\/nissantravelguide.com\/fr\/wp-json\/wp\/v2\/pages\/487"}],"wp:featuredmedia":[{"embeddable":true,"href":"https:\/\/nissantravelguide.com\/fr\/wp-json\/wp\/v2\/media\/1527"}],"wp:attachment":[{"href":"https:\/\/nissantravelguide.com\/fr\/wp-json\/wp\/v2\/media?parent=489"}],"curies":[{"name":"wp","href":"https:\/\/api.w.org\/{rel}","templated":true}]}}