{"id":490,"date":"2022-06-28T08:20:27","date_gmt":"2022-06-28T08:20:27","guid":{"rendered":"https:\/\/nissantravelguide.com\/stockholm\/djurgarden\/"},"modified":"2022-07-01T12:00:58","modified_gmt":"2022-07-01T12:00:58","slug":"djurgarden","status":"publish","type":"page","link":"https:\/\/nissantravelguide.com\/fr\/stockholm\/djurgarden\/","title":{"rendered":"Djurg\u00e5rden"},"content":{"rendered":"<p>Fan d\u2019ABBA ? Ne cherchez pas plus loin ! Visitez certains des mus\u00e9es et attractions culturelles les plus c\u00e9l\u00e8bres de Stockholm, tous \u00e0 deux pas de l\u2019\u00eele de Djurg\u00e5rden. D\u00e9couvrez l\u2019histoire du navire qui n\u2019a jamais quitt\u00e9 le port de Stockholm au mus\u00e9e Vasa, d\u00e9couvrez l\u2019histoire su\u00e9doise qui revit au mus\u00e9e Skansen et, bien s\u00fbr dites merci pour la musique au mus\u00e9e ABBA ; ABBA : The Museum. Et, si cela ne suffit pas, il y a aussi les man\u00e8ges \u00e0 th\u00e8me de Gr\u00f6na Lund \u00e0 appr\u00e9cier. Avec son m\u00e9lange d\u2019espaces verts, d\u2019art et de culture, Djurg\u00e5rden est vraiment une oasis de tranquillit\u00e9 au centre de la ville.<\/p>\n","protected":false},"excerpt":{"rendered":"<p>Fan d\u2019ABBA ? Ne cherchez pas plus loin ! Visitez certains des mus\u00e9es et attractions culturelles les plus c\u00e9l\u00e8bres de Stockholm, tous \u00e0 deux pas de l\u2019\u00eele de Djurg\u00e5rden. D\u00e9couvrez l\u2019histoire du navire qui n\u2019a jamais quitt\u00e9 le port de Stockholm au mus\u00e9e Vasa, d\u00e9couvrez l\u2019histoire su\u00e9doise qui revit au mus\u00e9e Skansen et, bien s\u00fbr [&hellip;]<\/p>\n","protected":false},"author":1,"featured_media":1099,"parent":487,"menu_order":1,"comment_status":"closed","ping_status":"closed","template":"tpl-location.php","meta":{"_acf_changed":false,"footnotes":""},"acf":{"address":"\u00d6stermalm, Stockholm, Sweden","location_type":"beauty","map_link":"https:\/\/www.google.co.uk\/maps\/place\/Djurg%C3%A5rden\/@59.3251743,18.1042052,14z\/data=!3m1!4b1!4m5!3m4!1s0x465f82a5d9b7164f:0x5abd0eac4c5ed217!8m2!3d59.326284!4d18.1132151","trip_advisor":"https:\/\/www.tripadvisor.co.uk\/Tourism-g189851-Djurgarden-Vacations.html","coordinates":{"latitude":"59.3251743","longitude":"18.1042052"},"charging_stations":[{"charging_station":"3.7 kW Type 2: Djurg\u00e5rden, 115 21 Stockholm, Sweden"}]},"aioseo_notices":[],"_links":{"self":[{"href":"https:\/\/nissantravelguide.com\/fr\/wp-json\/wp\/v2\/pages\/490"}],"collection":[{"href":"https:\/\/nissantravelguide.com\/fr\/wp-json\/wp\/v2\/pages"}],"about":[{"href":"https:\/\/nissantravelguide.com\/fr\/wp-json\/wp\/v2\/types\/page"}],"author":[{"embeddable":true,"href":"https:\/\/nissantravelguide.com\/fr\/wp-json\/wp\/v2\/users\/1"}],"replies":[{"embeddable":true,"href":"https:\/\/nissantravelguide.com\/fr\/wp-json\/wp\/v2\/comments?post=490"}],"version-history":[{"count":1,"href":"https:\/\/nissantravelguide.com\/fr\/wp-json\/wp\/v2\/pages\/490\/revisions"}],"predecessor-version":[{"id":1213,"href":"https:\/\/nissantravelguide.com\/fr\/wp-json\/wp\/v2\/pages\/490\/revisions\/1213"}],"up":[{"embeddable":true,"href":"https:\/\/nissantravelguide.com\/fr\/wp-json\/wp\/v2\/pages\/487"}],"wp:featuredmedia":[{"embeddable":true,"href":"https:\/\/nissantravelguide.com\/fr\/wp-json\/wp\/v2\/media\/1099"}],"wp:attachment":[{"href":"https:\/\/nissantravelguide.com\/fr\/wp-json\/wp\/v2\/media?parent=490"}],"curies":[{"name":"wp","href":"https:\/\/api.w.org\/{rel}","templated":true}]}}