{"id":491,"date":"2022-06-28T08:20:47","date_gmt":"2022-06-28T08:20:47","guid":{"rendered":"https:\/\/nissantravelguide.com\/stockholm\/ile-lidingo\/"},"modified":"2022-12-13T11:01:30","modified_gmt":"2022-12-13T11:01:30","slug":"ile-lidingo","status":"publish","type":"page","link":"https:\/\/nissantravelguide.com\/fr\/stockholm\/ile-lidingo\/","title":{"rendered":"\u00cele Liding\u00f6"},"content":{"rendered":"<p>\u00c0 quelques minutes de route de la partie continentale de Stockholm et du pont Liding\u00f6bron, d\u00e9couvrez la beaut\u00e9 naturelle et la douceur de vivre de l\u2019\u00eele de Liding\u00f6. R\u00e9put\u00e9e pour ses fabuleuses maisons nich\u00e9es dans un cadre pittoresque, vous aurez l\u2019impression d\u2019avoir laiss\u00e9 la ville loin derri\u00e8re vous. Les experts en cin\u00e9ma appr\u00e9cieront tout particuli\u00e8rement le studio Svenska Bio, o\u00f9 des r\u00e9alisateurs comme Mauritz Stiller et Victor Sj\u00f6str\u00f6m ont chang\u00e9 \u00e0 jamais la fa\u00e7on dont nous regardons les films gr\u00e2ce \u00e0 leur utilisation r\u00e9volutionnaire des effets optiques.<\/p>\n","protected":false},"excerpt":{"rendered":"<p>\u00c0 quelques minutes de route de la partie continentale de Stockholm et du pont Liding\u00f6bron, d\u00e9couvrez la beaut\u00e9 naturelle et la douceur de vivre de l\u2019\u00eele de Liding\u00f6. R\u00e9put\u00e9e pour ses fabuleuses maisons nich\u00e9es dans un cadre pittoresque, vous aurez l\u2019impression d\u2019avoir laiss\u00e9 la ville loin derri\u00e8re vous. Les experts en cin\u00e9ma appr\u00e9cieront tout particuli\u00e8rement [&hellip;]<\/p>\n","protected":false},"author":1,"featured_media":1180,"parent":487,"menu_order":5,"comment_status":"closed","ping_status":"closed","template":"tpl-location.php","meta":{"_acf_changed":false,"footnotes":""},"acf":{"address":"Liding\u00f6, Sweden","location_type":"beauty","map_link":"https:\/\/www.google.co.uk\/maps\/place\/Liding%C3%B6\/@59.3651056,18.1051763,12z\/data=!3m1!4b1!4m5!3m4!1s0x465f83194c9a34a1:0x3c1e368224718a3f!8m2!3d59.3535946!4d18.1695734","trip_advisor":"https:\/\/www.tripadvisor.co.uk\/Tourism-g2368258-Lidingo-Vacations.html","coordinates":{"latitude":"59.363993078595115","longitude":"18.13312774658243"},"charging_stations":[{"charging_station":"11 kW Type 2: Parking lot, 181 32 Liding\u00f6, Sweden"}]},"aioseo_notices":[],"_links":{"self":[{"href":"https:\/\/nissantravelguide.com\/fr\/wp-json\/wp\/v2\/pages\/491"}],"collection":[{"href":"https:\/\/nissantravelguide.com\/fr\/wp-json\/wp\/v2\/pages"}],"about":[{"href":"https:\/\/nissantravelguide.com\/fr\/wp-json\/wp\/v2\/types\/page"}],"author":[{"embeddable":true,"href":"https:\/\/nissantravelguide.com\/fr\/wp-json\/wp\/v2\/users\/1"}],"replies":[{"embeddable":true,"href":"https:\/\/nissantravelguide.com\/fr\/wp-json\/wp\/v2\/comments?post=491"}],"version-history":[{"count":1,"href":"https:\/\/nissantravelguide.com\/fr\/wp-json\/wp\/v2\/pages\/491\/revisions"}],"predecessor-version":[{"id":1225,"href":"https:\/\/nissantravelguide.com\/fr\/wp-json\/wp\/v2\/pages\/491\/revisions\/1225"}],"up":[{"embeddable":true,"href":"https:\/\/nissantravelguide.com\/fr\/wp-json\/wp\/v2\/pages\/487"}],"wp:featuredmedia":[{"embeddable":true,"href":"https:\/\/nissantravelguide.com\/fr\/wp-json\/wp\/v2\/media\/1180"}],"wp:attachment":[{"href":"https:\/\/nissantravelguide.com\/fr\/wp-json\/wp\/v2\/media?parent=491"}],"curies":[{"name":"wp","href":"https:\/\/api.w.org\/{rel}","templated":true}]}}