{"id":492,"date":"2022-06-28T08:21:35","date_gmt":"2022-06-28T08:21:35","guid":{"rendered":"https:\/\/nissantravelguide.com\/stockholm\/ellery-beach-house\/"},"modified":"2022-12-13T11:00:57","modified_gmt":"2022-12-13T11:00:57","slug":"ellery-beach-house","status":"publish","type":"page","link":"https:\/\/nissantravelguide.com\/fr\/stockholm\/ellery-beach-house\/","title":{"rendered":"Ellery Beach House"},"content":{"rendered":"<p>Vous \u00eates l\u00e0 pour passer un bon moment \u00e0 Ellery Beach House, le seul complexe baln\u00e9aire de Stockholm. Situ\u00e9e \u00e0 l\u2019extr\u00e9mit\u00e9 de l\u2019\u00eele de Liding\u00f6, cette maison de plage aux couleurs vives sur le th\u00e8me des ann\u00e9es 60\/70 offre le cadre id\u00e9al pour un post digne d\u2019Insta. Avons-nous mentionn\u00e9 qu\u2019elle dispose de sa propre jet\u00e9e priv\u00e9e ? C\u2019est l\u2019endroit id\u00e9al pour se d\u00e9tendre dans l\u2019opulence, entour\u00e9 de nature, de musique et d\u2019arts.<\/p>\n","protected":false},"excerpt":{"rendered":"<p>Vous \u00eates l\u00e0 pour passer un bon moment \u00e0 Ellery Beach House, le seul complexe baln\u00e9aire de Stockholm. Situ\u00e9e \u00e0 l\u2019extr\u00e9mit\u00e9 de l\u2019\u00eele de Liding\u00f6, cette maison de plage aux couleurs vives sur le th\u00e8me des ann\u00e9es 60\/70 offre le cadre id\u00e9al pour un post digne d\u2019Insta. Avons-nous mentionn\u00e9 qu\u2019elle dispose de sa propre jet\u00e9e [&hellip;]<\/p>\n","protected":false},"author":1,"featured_media":1431,"parent":487,"menu_order":3,"comment_status":"closed","ping_status":"closed","template":"tpl-location.php","meta":{"_acf_changed":false,"footnotes":""},"acf":{"address":"Elfviks udde, 181 90 Liding\u00f6, Sweden","location_type":"beauty","map_link":"https:\/\/www.google.co.uk\/maps\/place\/Ellery+Beach+House+Stockholm\/@59.3642428,18.2517476,17z\/data=!3m1!4b1!4m8!3m7!1s0x465f83c75c96dcf3:0x16ab674dd94d8527!5m2!4m1!1i2!8m2!3d59.3642317!4d18.2539413","trip_advisor":"https:\/\/www.tripadvisor.co.uk\/Hotel_Review-g2368258-d20372134-Reviews-Ellery_Beach_House-Lidingo.html","coordinates":{"latitude":"59.3642428","longitude":"18.2517476"},"charging_stations":[{"charging_station":"22 kW Type 2"}]},"aioseo_notices":[],"_links":{"self":[{"href":"https:\/\/nissantravelguide.com\/fr\/wp-json\/wp\/v2\/pages\/492"}],"collection":[{"href":"https:\/\/nissantravelguide.com\/fr\/wp-json\/wp\/v2\/pages"}],"about":[{"href":"https:\/\/nissantravelguide.com\/fr\/wp-json\/wp\/v2\/types\/page"}],"author":[{"embeddable":true,"href":"https:\/\/nissantravelguide.com\/fr\/wp-json\/wp\/v2\/users\/1"}],"replies":[{"embeddable":true,"href":"https:\/\/nissantravelguide.com\/fr\/wp-json\/wp\/v2\/comments?post=492"}],"version-history":[{"count":1,"href":"https:\/\/nissantravelguide.com\/fr\/wp-json\/wp\/v2\/pages\/492\/revisions"}],"predecessor-version":[{"id":635,"href":"https:\/\/nissantravelguide.com\/fr\/wp-json\/wp\/v2\/pages\/492\/revisions\/635"}],"up":[{"embeddable":true,"href":"https:\/\/nissantravelguide.com\/fr\/wp-json\/wp\/v2\/pages\/487"}],"wp:featuredmedia":[{"embeddable":true,"href":"https:\/\/nissantravelguide.com\/fr\/wp-json\/wp\/v2\/media\/1431"}],"wp:attachment":[{"href":"https:\/\/nissantravelguide.com\/fr\/wp-json\/wp\/v2\/media?parent=492"}],"curies":[{"name":"wp","href":"https:\/\/api.w.org\/{rel}","templated":true}]}}