{"id":493,"date":"2022-06-28T08:21:54","date_gmt":"2022-06-28T08:21:54","guid":{"rendered":"https:\/\/nissantravelguide.com\/stockholm\/archipel-de-stockholm\/"},"modified":"2022-12-13T11:03:31","modified_gmt":"2022-12-13T11:03:31","slug":"archipel-de-stockholm","status":"publish","type":"page","link":"https:\/\/nissantravelguide.com\/fr\/stockholm\/archipel-de-stockholm\/","title":{"rendered":"Archipel de Stockholm"},"content":{"rendered":"<p><span style=\"color: #000000; font-family: Verdana; font-size: small;\">Plus de 30 000 \u00eeles composent l\u2019archipel de Stockholm, vous ne pourrez donc pas les visiter toutes en une seule fois. Il est juste de dire qu\u2019il y en a pour tous les go\u00fbts, des falaises rocheuses qui offrent une vue \u00e9poustouflante sur les plages de sable qui offrent l\u2019endroit id\u00e9al pour un instant paisible et de d\u00e9tente. Et, si vous avez envie de partir \u00e0 l\u2019aventure, il y a beaucoup d\u2019\u00eeles et d\u2019\u00eelots inhabit\u00e9s \u00e0 explorer&#8230;<\/span><\/p>\n","protected":false},"excerpt":{"rendered":"<p>Plus de 30 000 \u00eeles composent l\u2019archipel de Stockholm, vous ne pourrez donc pas les visiter toutes en une seule fois. Il est juste de dire qu\u2019il y en a pour tous les go\u00fbts, des falaises rocheuses qui offrent une vue \u00e9poustouflante sur les plages de sable qui offrent l\u2019endroit id\u00e9al pour un instant paisible [&hellip;]<\/p>\n","protected":false},"author":1,"featured_media":1146,"parent":487,"menu_order":9,"comment_status":"closed","ping_status":"closed","template":"tpl-location.php","meta":{"_acf_changed":false,"footnotes":""},"acf":{"address":"","location_type":"beauty","map_link":"https:\/\/www.google.com\/maps\/place\/Stockholm+archipelago\/@59.2756771,18.7668611,9.65z\/data=!4m13!1m7!3m6!1s0x465f573a1c77ef1d:0x2e04a31804f4096b!2sStockholm+archipelago!3b1!8m2!3d59.2844004!4d18.5745903!3m4!1s0x465f573a1c77ef1d:0x2e04a31804f4096b!8m2!3d59.2844004!4d18.5745903","trip_advisor":"https:\/\/www.tripadvisor.co.uk\/ShowUserReviews-g189852-d1869238-r286397809-Schaerenkreuzfahrt_Waxholmsbolaget-Stockholm.html","coordinates":{"latitude":"59.3209431","longitude":"18.1912126"},"charging_stations":[{"charging_station":"3.7 kW Type 2: Slottsbacken 6, 111 30 Stockholm, Sweden"}]},"aioseo_notices":[],"_links":{"self":[{"href":"https:\/\/nissantravelguide.com\/fr\/wp-json\/wp\/v2\/pages\/493"}],"collection":[{"href":"https:\/\/nissantravelguide.com\/fr\/wp-json\/wp\/v2\/pages"}],"about":[{"href":"https:\/\/nissantravelguide.com\/fr\/wp-json\/wp\/v2\/types\/page"}],"author":[{"embeddable":true,"href":"https:\/\/nissantravelguide.com\/fr\/wp-json\/wp\/v2\/users\/1"}],"replies":[{"embeddable":true,"href":"https:\/\/nissantravelguide.com\/fr\/wp-json\/wp\/v2\/comments?post=493"}],"version-history":[{"count":1,"href":"https:\/\/nissantravelguide.com\/fr\/wp-json\/wp\/v2\/pages\/493\/revisions"}],"predecessor-version":[{"id":1210,"href":"https:\/\/nissantravelguide.com\/fr\/wp-json\/wp\/v2\/pages\/493\/revisions\/1210"}],"up":[{"embeddable":true,"href":"https:\/\/nissantravelguide.com\/fr\/wp-json\/wp\/v2\/pages\/487"}],"wp:featuredmedia":[{"embeddable":true,"href":"https:\/\/nissantravelguide.com\/fr\/wp-json\/wp\/v2\/media\/1146"}],"wp:attachment":[{"href":"https:\/\/nissantravelguide.com\/fr\/wp-json\/wp\/v2\/media?parent=493"}],"curies":[{"name":"wp","href":"https:\/\/api.w.org\/{rel}","templated":true}]}}