{"id":494,"date":"2022-06-28T08:22:14","date_gmt":"2022-06-28T08:22:14","guid":{"rendered":"https:\/\/nissantravelguide.com\/stockholm\/vaxholm\/"},"modified":"2022-12-13T11:04:10","modified_gmt":"2022-12-13T11:04:10","slug":"vaxholm","status":"publish","type":"page","link":"https:\/\/nissantravelguide.com\/fr\/stockholm\/vaxholm\/","title":{"rendered":"Vaxholm"},"content":{"rendered":"<p>Envie de visiter un endroit avec de nombreux restaurants, caf\u00e9s et boutiques charmants ? Bien s\u00fbr, n\u2019est-ce pas ? Rendez-vous ensuite \u00e0 Vaxholm, une ville idyllique au c\u0153ur de l\u2019archipel de Stockholm. Ses maisons en bois bien pr\u00e9serv\u00e9es peintes dans des tons pastel caract\u00e9ristiques cr\u00e9ent une atmosph\u00e8re unique. Tout comme le reste de l\u2019archipel, elle ne l\u00e9sine pas non plus sur l\u2019aventure. Les occasions ne manquent pas pour faire du kayak, de l\u2019aviron ou p\u00eacher. Et, lorsque vous serez pr\u00eat-e \u00e0 vous d\u00e9tendre \u00e0 la fin de la journ\u00e9e, nous vous sugg\u00e9rons de visiter le Waxholms Hotell, qui offre une vue remarquable sur la forteresse et le port de la ville.<\/p>\n","protected":false},"excerpt":{"rendered":"<p>Envie de visiter un endroit avec de nombreux restaurants, caf\u00e9s et boutiques charmants ? Bien s\u00fbr, n\u2019est-ce pas ? Rendez-vous ensuite \u00e0 Vaxholm, une ville idyllique au c\u0153ur de l\u2019archipel de Stockholm. Ses maisons en bois bien pr\u00e9serv\u00e9es peintes dans des tons pastel caract\u00e9ristiques cr\u00e9ent une atmosph\u00e8re unique. Tout comme le reste de l\u2019archipel, elle [&hellip;]<\/p>\n","protected":false},"author":1,"featured_media":1200,"parent":487,"menu_order":11,"comment_status":"closed","ping_status":"closed","template":"tpl-location.php","meta":{"_acf_changed":false,"footnotes":""},"acf":{"address":"Vaxholm","location_type":"beauty","map_link":"https:\/\/www.google.co.uk\/maps\/place\/Vaxholm,+Sweden\/@59.4045249,18.3086513,14z\/data=!3m1!4b1!4m5!3m4!1s0x465ef319667a1fc1:0xca12483bf0358351!8m2!3d59.4032968!4d18.3263804","trip_advisor":"https:\/\/www.tripadvisor.co.uk\/Tourism-g679660-Vaxholm-Vacations.html","coordinates":{"latitude":"59.4045249","longitude":"18.3086513"},"charging_stations":[{"charging_station":"11 kW Type 2: Eriks\u00f6v\u00e4gen 27, 185 37 Vaxholm, Sweden"}]},"aioseo_notices":[],"_links":{"self":[{"href":"https:\/\/nissantravelguide.com\/fr\/wp-json\/wp\/v2\/pages\/494"}],"collection":[{"href":"https:\/\/nissantravelguide.com\/fr\/wp-json\/wp\/v2\/pages"}],"about":[{"href":"https:\/\/nissantravelguide.com\/fr\/wp-json\/wp\/v2\/types\/page"}],"author":[{"embeddable":true,"href":"https:\/\/nissantravelguide.com\/fr\/wp-json\/wp\/v2\/users\/1"}],"replies":[{"embeddable":true,"href":"https:\/\/nissantravelguide.com\/fr\/wp-json\/wp\/v2\/comments?post=494"}],"version-history":[{"count":1,"href":"https:\/\/nissantravelguide.com\/fr\/wp-json\/wp\/v2\/pages\/494\/revisions"}],"predecessor-version":[{"id":1240,"href":"https:\/\/nissantravelguide.com\/fr\/wp-json\/wp\/v2\/pages\/494\/revisions\/1240"}],"up":[{"embeddable":true,"href":"https:\/\/nissantravelguide.com\/fr\/wp-json\/wp\/v2\/pages\/487"}],"wp:featuredmedia":[{"embeddable":true,"href":"https:\/\/nissantravelguide.com\/fr\/wp-json\/wp\/v2\/media\/1200"}],"wp:attachment":[{"href":"https:\/\/nissantravelguide.com\/fr\/wp-json\/wp\/v2\/media?parent=494"}],"curies":[{"name":"wp","href":"https:\/\/api.w.org\/{rel}","templated":true}]}}