{"id":496,"date":"2022-06-28T08:23:00","date_gmt":"2022-06-28T08:23:00","guid":{"rendered":"https:\/\/nissantravelguide.com\/stockholm\/parc-waldemarsudde\/"},"modified":"2022-12-13T11:04:42","modified_gmt":"2022-12-13T11:04:42","slug":"parc-waldemarsudde","status":"publish","type":"page","link":"https:\/\/nissantravelguide.com\/fr\/stockholm\/parc-waldemarsudde\/","title":{"rendered":"Parc Waldemarsudde\u00a0"},"content":{"rendered":"<p>R\u00e9inventez votre propre version d\u2019Orgueil et pr\u00e9jug\u00e9s (l\u2019original, pas celui des zombies&#8230;) dans l\u2019ancienne r\u00e9sidence royale de Waldemarsudde Park. On l\u2019appelle souvent \u00ab le plus beau mus\u00e9e d\u2019art de Su\u00e8de \u00bb, ce qui est peut-\u00eatre exag\u00e9r\u00e9. Cependant, le parc lui-m\u00eame fait plus que confirmer cette affirmation avec de magnifiques b\u00e2timents entour\u00e9s d\u2019eaux tranquilles, de jardins \u00e9poustouflants (et vari\u00e9s) et de tonnes de sculptures impressionnantes. Et cela avant m\u00eame que vous ne fassiez un pas dans les galeries ! Vous voudrez pouvoir y vivre, et pas seulement parce que vous ne verrez pas tout ce qu\u2019il a \u00e0 offrir en une seule visite&#8230;<\/p>\n","protected":false},"excerpt":{"rendered":"<p>R\u00e9inventez votre propre version d\u2019Orgueil et pr\u00e9jug\u00e9s (l\u2019original, pas celui des zombies&#8230;) dans l\u2019ancienne r\u00e9sidence royale de Waldemarsudde Park. On l\u2019appelle souvent \u00ab le plus beau mus\u00e9e d\u2019art de Su\u00e8de \u00bb, ce qui est peut-\u00eatre exag\u00e9r\u00e9. Cependant, le parc lui-m\u00eame fait plus que confirmer cette affirmation avec de magnifiques b\u00e2timents entour\u00e9s d\u2019eaux tranquilles, de jardins [&hellip;]<\/p>\n","protected":false},"author":1,"featured_media":1157,"parent":487,"menu_order":12,"comment_status":"closed","ping_status":"closed","template":"tpl-location.php","meta":{"_acf_changed":false,"footnotes":""},"acf":{"address":"Prins Eugensv\u00e4g 6 Djurg\u00e5rden, Stockholm","location_type":"beauty","map_link":"https:\/\/www.google.co.uk\/maps\/search\/+Waldemarsudde+Park,+Prins+Eugensv%C3%A4g+6+Djurg%C3%A5rden,+Stockholm\/@59.3216148,18.1131338,17z\/data=!3m1!4b1","trip_advisor":"https:\/\/www.tripadvisor.co.uk\/Attraction_Review-g189852-d244312-Reviews-Prins_Eugens_Waldemarsudde-Stockholm.html","coordinates":{"latitude":"59.3216148","longitude":"18.1131338"},"charging_stations":[{"charging_station":"22 kW Type 2"}]},"aioseo_notices":[],"_links":{"self":[{"href":"https:\/\/nissantravelguide.com\/fr\/wp-json\/wp\/v2\/pages\/496"}],"collection":[{"href":"https:\/\/nissantravelguide.com\/fr\/wp-json\/wp\/v2\/pages"}],"about":[{"href":"https:\/\/nissantravelguide.com\/fr\/wp-json\/wp\/v2\/types\/page"}],"author":[{"embeddable":true,"href":"https:\/\/nissantravelguide.com\/fr\/wp-json\/wp\/v2\/users\/1"}],"replies":[{"embeddable":true,"href":"https:\/\/nissantravelguide.com\/fr\/wp-json\/wp\/v2\/comments?post=496"}],"version-history":[{"count":1,"href":"https:\/\/nissantravelguide.com\/fr\/wp-json\/wp\/v2\/pages\/496\/revisions"}],"predecessor-version":[{"id":1236,"href":"https:\/\/nissantravelguide.com\/fr\/wp-json\/wp\/v2\/pages\/496\/revisions\/1236"}],"up":[{"embeddable":true,"href":"https:\/\/nissantravelguide.com\/fr\/wp-json\/wp\/v2\/pages\/487"}],"wp:featuredmedia":[{"embeddable":true,"href":"https:\/\/nissantravelguide.com\/fr\/wp-json\/wp\/v2\/media\/1157"}],"wp:attachment":[{"href":"https:\/\/nissantravelguide.com\/fr\/wp-json\/wp\/v2\/media?parent=496"}],"curies":[{"name":"wp","href":"https:\/\/api.w.org\/{rel}","templated":true}]}}