{"id":497,"date":"2022-06-28T08:23:19","date_gmt":"2022-06-28T08:23:19","guid":{"rendered":"https:\/\/nissantravelguide.com\/stockholm\/musee-skansen\/"},"modified":"2022-12-13T11:02:28","modified_gmt":"2022-12-13T11:02:28","slug":"musee-skansen","status":"publish","type":"page","link":"https:\/\/nissantravelguide.com\/fr\/stockholm\/musee-skansen\/","title":{"rendered":"Mus\u00e9e Skansen"},"content":{"rendered":"<p>Remontez le temps (en quelque sorte) dans un endroit unique o\u00f9 l\u2019histoire rencontre le temps pr\u00e9sent dans le plus ancien mus\u00e9e en plein air du monde. Au mus\u00e9e Skansen, vous pouvez d\u00e9couvrir exactement comment vivaient les Su\u00e9dois et comment leurs coutumes et traditions ont \u00e9volu\u00e9 au fil du temps. Et, tout comme la vie su\u00e9doise changeait avec les saisons, le mus\u00e9e accueille des rendez-vous festifs incontournables, des concerts d\u2019\u00e9t\u00e9 aux march\u00e9s de No\u00ebl. Il y a toujours quelque chose de passionnant \u00e0 d\u00e9couvrir ici.<\/p>\n","protected":false},"excerpt":{"rendered":"<p>Remontez le temps (en quelque sorte) dans un endroit unique o\u00f9 l\u2019histoire rencontre le temps pr\u00e9sent dans le plus ancien mus\u00e9e en plein air du monde. Au mus\u00e9e Skansen, vous pouvez d\u00e9couvrir exactement comment vivaient les Su\u00e9dois et comment leurs coutumes et traditions ont \u00e9volu\u00e9 au fil du temps. Et, tout comme la vie su\u00e9doise [&hellip;]<\/p>\n","protected":false},"author":1,"featured_media":1205,"parent":487,"menu_order":7,"comment_status":"closed","ping_status":"closed","template":"tpl-location.php","meta":{"_acf_changed":false,"footnotes":""},"acf":{"address":"Djurg\u00e5rdssl\u00e4tten 49-51, 115 21 Stockholm, Sweden","location_type":"interest","map_link":"https:\/\/www.google.co.uk\/maps\/place\/Skansen\/@59.3270453,18.1015516,17z\/data=!3m1!4b1!4m5!3m4!1s0x465f82aafeda9437:0x2c35b6cfd6468531!8m2!3d59.3270426!4d18.1037456","trip_advisor":"https:\/\/www.tripadvisor.co.uk\/Attraction_Review-g189852-d208296-Reviews-Skansen-Stockholm.html","coordinates":{"latitude":"59.3270453","longitude":"18.1015516"},"charging_stations":[{"charging_station":"3.7 kW Type 2: Djurg\u00e5rden, 115 21 Stockholm, Sweden"}]},"aioseo_notices":[],"_links":{"self":[{"href":"https:\/\/nissantravelguide.com\/fr\/wp-json\/wp\/v2\/pages\/497"}],"collection":[{"href":"https:\/\/nissantravelguide.com\/fr\/wp-json\/wp\/v2\/pages"}],"about":[{"href":"https:\/\/nissantravelguide.com\/fr\/wp-json\/wp\/v2\/types\/page"}],"author":[{"embeddable":true,"href":"https:\/\/nissantravelguide.com\/fr\/wp-json\/wp\/v2\/users\/1"}],"replies":[{"embeddable":true,"href":"https:\/\/nissantravelguide.com\/fr\/wp-json\/wp\/v2\/comments?post=497"}],"version-history":[{"count":1,"href":"https:\/\/nissantravelguide.com\/fr\/wp-json\/wp\/v2\/pages\/497\/revisions"}],"predecessor-version":[{"id":1229,"href":"https:\/\/nissantravelguide.com\/fr\/wp-json\/wp\/v2\/pages\/497\/revisions\/1229"}],"up":[{"embeddable":true,"href":"https:\/\/nissantravelguide.com\/fr\/wp-json\/wp\/v2\/pages\/487"}],"wp:featuredmedia":[{"embeddable":true,"href":"https:\/\/nissantravelguide.com\/fr\/wp-json\/wp\/v2\/media\/1205"}],"wp:attachment":[{"href":"https:\/\/nissantravelguide.com\/fr\/wp-json\/wp\/v2\/media?parent=497"}],"curies":[{"name":"wp","href":"https:\/\/api.w.org\/{rel}","templated":true}]}}