{"id":498,"date":"2022-06-28T08:23:40","date_gmt":"2022-06-28T08:23:40","guid":{"rendered":"https:\/\/nissantravelguide.com\/stockholm\/musee-nordiska\/"},"modified":"2022-12-13T11:05:32","modified_gmt":"2022-12-13T11:05:32","slug":"musee-nordiska","status":"publish","type":"page","link":"https:\/\/nissantravelguide.com\/fr\/stockholm\/musee-nordiska\/","title":{"rendered":"Mus\u00e9e Nordiska\u00a0"},"content":{"rendered":"<p>\u00cates-vous une \u00e2me nostalgique qui r\u00eave de vivre dans une maison r\u00e9tro idyllique ? Eh bien, vous pouvez maintenant vivre vos fantasmes vintage avec l\u2019exposition d\u2019appartements grandeur nature des ann\u00e9es 1940 au Nordiska Museet. Pour une exp\u00e9rience immersive, la Grande Salle du mus\u00e9e accueille actuellement une exposition sur la vie et les conditions changeantes de la r\u00e9gion arctique. Et, si ce n\u2019est pas votre truc, il n\u2019y a qu\u2019un million de choses \u00e0 voir et \u00e0 faire. Litt\u00e9ralement&#8230; Avec plus de 1,5 million d\u2019objets expos\u00e9s, des statues monumentales en ch\u00eane et m\u00eame du pain fra\u00eechement cuit, le plus grand mus\u00e9e su\u00e9dois d\u2019histoire culturelle a vraiment tout pour plaire. Il regorge d\u2019histoires intemporelles tiss\u00e9es \u00e0 travers la mode, le mobilier, la porcelaine et bien, bien, bien bien plus encore. Vous repartirez certainement d\u2019ici en sachant tout sur la culture nordique !<\/p>\n","protected":false},"excerpt":{"rendered":"<p>\u00cates-vous une \u00e2me nostalgique qui r\u00eave de vivre dans une maison r\u00e9tro idyllique ? Eh bien, vous pouvez maintenant vivre vos fantasmes vintage avec l\u2019exposition d\u2019appartements grandeur nature des ann\u00e9es 1940 au Nordiska Museet. Pour une exp\u00e9rience immersive, la Grande Salle du mus\u00e9e accueille actuellement une exposition sur la vie et les conditions changeantes de [&hellip;]<\/p>\n","protected":false},"author":1,"featured_media":1168,"parent":487,"menu_order":14,"comment_status":"closed","ping_status":"closed","template":"tpl-location.php","meta":{"_acf_changed":false,"footnotes":""},"acf":{"address":"Djurg\u00e5rdsv\u00e4gen 6-16, 115 93 Stockholm, Sweden","location_type":"interest","map_link":"https:\/\/www.google.com\/maps\/place\/Nordiska+museet\/@59.3290107,18.092074,17z\/data=!3m1!4b1!4m5!3m4!1s0x465f9d538319a8c5:0xd78b9c1c85cfa918!8m2!3d59.329008!4d18.094268","trip_advisor":"https:\/\/www.tripadvisor.co.uk\/Attraction_Review-g189852-d244309-Reviews-Nordiska_Museet-Stockholm.html","coordinates":{"latitude":"59.3290107","longitude":"18.092074"},"charging_stations":[{"charging_station":"3.7 kW Type 2: Djurg\u00e5rden, 115 21 Stockholm, Sweden"}]},"aioseo_notices":[],"_links":{"self":[{"href":"https:\/\/nissantravelguide.com\/fr\/wp-json\/wp\/v2\/pages\/498"}],"collection":[{"href":"https:\/\/nissantravelguide.com\/fr\/wp-json\/wp\/v2\/pages"}],"about":[{"href":"https:\/\/nissantravelguide.com\/fr\/wp-json\/wp\/v2\/types\/page"}],"author":[{"embeddable":true,"href":"https:\/\/nissantravelguide.com\/fr\/wp-json\/wp\/v2\/users\/1"}],"replies":[{"embeddable":true,"href":"https:\/\/nissantravelguide.com\/fr\/wp-json\/wp\/v2\/comments?post=498"}],"version-history":[{"count":1,"href":"https:\/\/nissantravelguide.com\/fr\/wp-json\/wp\/v2\/pages\/498\/revisions"}],"predecessor-version":[{"id":1232,"href":"https:\/\/nissantravelguide.com\/fr\/wp-json\/wp\/v2\/pages\/498\/revisions\/1232"}],"up":[{"embeddable":true,"href":"https:\/\/nissantravelguide.com\/fr\/wp-json\/wp\/v2\/pages\/487"}],"wp:featuredmedia":[{"embeddable":true,"href":"https:\/\/nissantravelguide.com\/fr\/wp-json\/wp\/v2\/media\/1168"}],"wp:attachment":[{"href":"https:\/\/nissantravelguide.com\/fr\/wp-json\/wp\/v2\/media?parent=498"}],"curies":[{"name":"wp","href":"https:\/\/api.w.org\/{rel}","templated":true}]}}