{"id":500,"date":"2022-06-28T08:24:21","date_gmt":"2022-06-28T08:24:21","guid":{"rendered":"https:\/\/nissantravelguide.com\/stockholm\/avicii-arena-ericsson-globe\/"},"modified":"2022-07-01T10:40:01","modified_gmt":"2022-07-01T10:40:01","slug":"avicii-arena-ericsson-globe","status":"publish","type":"page","link":"https:\/\/nissantravelguide.com\/fr\/stockholm\/avicii-arena-ericsson-globe\/","title":{"rendered":"Avicii Arena (Ericsson Globe)"},"content":{"rendered":"<p>Visitez le plus grand b\u00e2timent sph\u00e9rique au monde \u00e0 l\u2019Avicii Arena, l\u2019un des monuments les plus embl\u00e9matiques de Su\u00e8de. Anciennement connu sous le nom d\u2019Ericsson Globe, il repr\u00e9sente le soleil dans le syst\u00e8me solaire su\u00e9dois (Sun in the Sweden Solar System, SSS), une s\u00e9rie de structures artificielles \u00e0 travers le pays qui forment le plus grand mod\u00e8le de notre syst\u00e8me plan\u00e9taire au monde. Officiellement\u00a0 terrain de l\u2019\u00e9quipe nationale de hockey su\u00e9doise, ses vastes sc\u00e8nes ont \u00e9galement accueilli certains des plus grands artistes au monde, notamment The Rolling Stones, Beyonc\u00e9, Madonna et Avicii lui-m\u00eame. Pendant votre s\u00e9jour, ne manquez pas The Skyview, une gondole qui longe les murs incurv\u00e9s de l\u2019ar\u00e8ne, offrant une vue spectaculaire sur la ville.<\/p>\n<p>Le b\u00e2timent a \u00e9t\u00e9 rebaptis\u00e9 en 2021 en l\u2019honneur du prolifique DJ et producteur pour sensibiliser \u00e0 la sant\u00e9 mentale.<\/p>\n","protected":false},"excerpt":{"rendered":"<p>Visitez le plus grand b\u00e2timent sph\u00e9rique au monde \u00e0 l\u2019Avicii Arena, l\u2019un des monuments les plus embl\u00e9matiques de Su\u00e8de. Anciennement connu sous le nom d\u2019Ericsson Globe, il repr\u00e9sente le soleil dans le syst\u00e8me solaire su\u00e9dois (Sun in the Sweden Solar System, SSS), une s\u00e9rie de structures artificielles \u00e0 travers le pays qui forment le plus [&hellip;]<\/p>\n","protected":false},"author":1,"featured_media":1072,"parent":487,"menu_order":0,"comment_status":"closed","ping_status":"closed","template":"tpl-location.php","meta":{"_acf_changed":false,"footnotes":""},"acf":{"address":"121 77 Johanneshov, Sweden","location_type":"interest","map_link":"https:\/\/www.google.com\/maps\/place\/Avicii+Arena\/@59.2935752,18.0813561,17z\/data=!3m1!4b1!4m5!3m4!1s0x465f7826c8abcc0f:0x1d7a9835ba7d7f96!8m2!3d59.2935725!4d18.0835501","trip_advisor":"https:\/\/www.tripadvisor.co.uk\/Attraction_Review-g189852-d3342231-Reviews-Avicii_Arena-Stockholm.html","coordinates":{"latitude":"59.2935752","longitude":"18.0813561"},"charging_stations":[{"charging_station":"11 kW Type 2"}]},"aioseo_notices":[],"_links":{"self":[{"href":"https:\/\/nissantravelguide.com\/fr\/wp-json\/wp\/v2\/pages\/500"}],"collection":[{"href":"https:\/\/nissantravelguide.com\/fr\/wp-json\/wp\/v2\/pages"}],"about":[{"href":"https:\/\/nissantravelguide.com\/fr\/wp-json\/wp\/v2\/types\/page"}],"author":[{"embeddable":true,"href":"https:\/\/nissantravelguide.com\/fr\/wp-json\/wp\/v2\/users\/1"}],"replies":[{"embeddable":true,"href":"https:\/\/nissantravelguide.com\/fr\/wp-json\/wp\/v2\/comments?post=500"}],"version-history":[{"count":1,"href":"https:\/\/nissantravelguide.com\/fr\/wp-json\/wp\/v2\/pages\/500\/revisions"}],"predecessor-version":[{"id":1076,"href":"https:\/\/nissantravelguide.com\/fr\/wp-json\/wp\/v2\/pages\/500\/revisions\/1076"}],"up":[{"embeddable":true,"href":"https:\/\/nissantravelguide.com\/fr\/wp-json\/wp\/v2\/pages\/487"}],"wp:featuredmedia":[{"embeddable":true,"href":"https:\/\/nissantravelguide.com\/fr\/wp-json\/wp\/v2\/media\/1072"}],"wp:attachment":[{"href":"https:\/\/nissantravelguide.com\/fr\/wp-json\/wp\/v2\/media?parent=500"}],"curies":[{"name":"wp","href":"https:\/\/api.w.org\/{rel}","templated":true}]}}