{"id":501,"date":"2022-06-28T08:24:38","date_gmt":"2022-06-28T08:24:38","guid":{"rendered":"https:\/\/nissantravelguide.com\/stockholm\/le-palais-royal\/"},"modified":"2022-12-13T11:05:54","modified_gmt":"2022-12-13T11:05:54","slug":"le-palais-royal","status":"publish","type":"page","link":"https:\/\/nissantravelguide.com\/fr\/stockholm\/le-palais-royal\/","title":{"rendered":"Le Palais Royal"},"content":{"rendered":"<p>D\u00e9couvrez la riche histoire de la Su\u00e8de au Palais Royal de Stockholm, l\u2019un des plus grands d\u2019Europe avec plus de 600 chambres. R\u00e9sidence officielle de Sa Majest\u00e9 le Roi de Su\u00e8de, cette structure du XVIIIe si\u00e8cle est ouverte au public et propose pas moins de cinq mus\u00e9es diff\u00e9rents. D\u00e9couvrez de nombreux objets magnifiques, notamment le tr\u00f4ne argent\u00e9 de la reine Christine, le mus\u00e9e des antiquit\u00e9s de Gustave III, les chariots de couronnement et bien plus encore. Et si vous aimez la splendeur et le spectacle, la parade des soldats et le changement quotidien de garde sont \u00e0 ne pas manquer !<\/p>\n<p>Apr\u00e8s votre visite royale, rechargez vos batteries avec une boisson chaude dans l\u2019un des nombreux caf\u00e9s durables du quartier, avant de partir explorer les rues \u00e9troites de la Gamla Stan (Vieille-ville de Stockholm).<\/p>\n","protected":false},"excerpt":{"rendered":"<p>D\u00e9couvrez la riche histoire de la Su\u00e8de au Palais Royal de Stockholm, l\u2019un des plus grands d\u2019Europe avec plus de 600 chambres. R\u00e9sidence officielle de Sa Majest\u00e9 le Roi de Su\u00e8de, cette structure du XVIIIe si\u00e8cle est ouverte au public et propose pas moins de cinq mus\u00e9es diff\u00e9rents. D\u00e9couvrez de nombreux objets magnifiques, notamment le [&hellip;]<\/p>\n","protected":false},"author":1,"featured_media":1190,"parent":487,"menu_order":15,"comment_status":"closed","ping_status":"closed","template":"tpl-location.php","meta":{"_acf_changed":false,"footnotes":""},"acf":{"address":"The Royal Palace, Kungliga slottet, 107 70 Stockholm, Sweden","location_type":"interest","map_link":"https:\/\/www.google.com\/maps\/place\/The+Royal+Palace\/@59.3268215,18.0695254,17z\/data=!3m1!4b1!4m5!3m4!1s0x465f9d587e4c4a01:0xbdf97a9648763e36!8m2!3d59.3268215!4d18.0717194","trip_advisor":"https:\/\/www.tripadvisor.co.uk\/Attraction_Review-g189852-d208173-Reviews-Royal_Palace-Stockholm.html","coordinates":{"latitude":"59.3268215","longitude":"18.0695254"},"charging_stations":[{"charging_station":"3.7 kW Type 2"}]},"aioseo_notices":[],"_links":{"self":[{"href":"https:\/\/nissantravelguide.com\/fr\/wp-json\/wp\/v2\/pages\/501"}],"collection":[{"href":"https:\/\/nissantravelguide.com\/fr\/wp-json\/wp\/v2\/pages"}],"about":[{"href":"https:\/\/nissantravelguide.com\/fr\/wp-json\/wp\/v2\/types\/page"}],"author":[{"embeddable":true,"href":"https:\/\/nissantravelguide.com\/fr\/wp-json\/wp\/v2\/users\/1"}],"replies":[{"embeddable":true,"href":"https:\/\/nissantravelguide.com\/fr\/wp-json\/wp\/v2\/comments?post=501"}],"version-history":[{"count":1,"href":"https:\/\/nissantravelguide.com\/fr\/wp-json\/wp\/v2\/pages\/501\/revisions"}],"predecessor-version":[{"id":1217,"href":"https:\/\/nissantravelguide.com\/fr\/wp-json\/wp\/v2\/pages\/501\/revisions\/1217"}],"up":[{"embeddable":true,"href":"https:\/\/nissantravelguide.com\/fr\/wp-json\/wp\/v2\/pages\/487"}],"wp:featuredmedia":[{"embeddable":true,"href":"https:\/\/nissantravelguide.com\/fr\/wp-json\/wp\/v2\/media\/1190"}],"wp:attachment":[{"href":"https:\/\/nissantravelguide.com\/fr\/wp-json\/wp\/v2\/media?parent=501"}],"curies":[{"name":"wp","href":"https:\/\/api.w.org\/{rel}","templated":true}]}}