{"id":503,"date":"2022-06-28T08:51:06","date_gmt":"2022-06-28T08:51:06","guid":{"rendered":"https:\/\/nissantravelguide.com\/a-propos-de\/"},"modified":"2023-01-23T14:13:21","modified_gmt":"2023-01-23T14:13:21","slug":"a-propos-de","status":"publish","type":"page","link":"https:\/\/nissantravelguide.com\/fr\/a-propos-de\/","title":{"rendered":"\u00c0 propos de"},"content":{"rendered":"<h1>\u00c0 propos du projet<\/h1>\n<p>Conduire une voiture \u00e9lectrique n\u2019est pas seulement une solution de transport, c\u2019est un choix de style de vie. C\u2019est pourquoi le guide de voyage \u00e9lectrique de Nissan est con\u00e7u pour am\u00e9liorer l\u2019exp\u00e9rience de voyage, la rendant \u00e0 la fois exceptionnelle et durable. D\u00e9couvrez les meilleures attractions locales le long de routes pittoresques, avec de nombreuses escales pour recharger vos batteries en cours de route.<\/p>\n<p>&nbsp;<\/p>\n<p><img loading=\"lazy\" decoding=\"async\" src=\"https:\/\/nissantravelguide.com\/wp-content\/uploads\/2022\/06\/Frame-329-1.png\" alt=\"\" width=\"716\" height=\"446\" \/><\/p>\n<h2>\u00c0 propos du Nissan Arya<\/h2>\n<h3>Ressentez le frisson du 100 % \u00e9lectrique<\/h3>\n<p>Ariya marque un nouveau chapitre pour Nissan dans l\u2019\u00e9volution de la conduite \u00e9lectrique en pr\u00e9sentant un coup\u00e9 crossover enti\u00e8rement \u00e9lectrique qui ne se contente pas de r\u00e9imaginer le potentiel d\u2019un v\u00e9hicule \u00e9lectrique, mais aussi la fa\u00e7on dont les gens se sentent au volant.<\/p>\n<p>Con\u00e7u pour inspirer la transition vers la conduite z\u00e9ro \u00e9mission, Ariya offre l\u2019exp\u00e9rience de conduite \u00e9lectrique ultime, tout en \u00e9tant con\u00e7u de mani\u00e8re ergonomique pour le confort. En savoir plus ici:\u00a0<a href=\"https:\/\/www.nissan.fr\/vehicules\/neufs\/ariya.html\" target=\"_blank\" rel=\"noopener\">https:\/\/www.nissan.fr\/vehicules\/neufs\/ariya.html<\/a>.<\/p>\n<h2>Charger votre voiture \u00e9lectrique<\/h2>\n<p>Il existe plus de 40 000 stations de recharge publiques en Europe, dont plus de 7 000 qui offrent des services de recharge rapide, et ces chiffres augmentent chaque jour. Bien que vous puissiez trouver une station \u00e0 plusieurs endroits de votre itin\u00e9raire, nous avons rep\u00e9r\u00e9 ceux qui sont les plus proches des zones d\u2019int\u00e9r\u00eat. Parcourez la carte pour commencer.<\/p>\n","protected":false},"excerpt":{"rendered":"<p>\u00c0 propos du projet Conduire une voiture \u00e9lectrique n\u2019est pas seulement une solution de transport, c\u2019est un choix de style de vie. C\u2019est pourquoi le guide de voyage \u00e9lectrique de Nissan est con\u00e7u pour am\u00e9liorer l\u2019exp\u00e9rience de voyage, la rendant \u00e0 la fois exceptionnelle et durable. D\u00e9couvrez les meilleures attractions locales le long de routes [&hellip;]<\/p>\n","protected":false},"author":1,"featured_media":367,"parent":0,"menu_order":0,"comment_status":"closed","ping_status":"closed","template":"tpl-about.php","meta":{"_acf_changed":false,"footnotes":""},"acf":[],"aioseo_notices":[],"_links":{"self":[{"href":"https:\/\/nissantravelguide.com\/fr\/wp-json\/wp\/v2\/pages\/503"}],"collection":[{"href":"https:\/\/nissantravelguide.com\/fr\/wp-json\/wp\/v2\/pages"}],"about":[{"href":"https:\/\/nissantravelguide.com\/fr\/wp-json\/wp\/v2\/types\/page"}],"author":[{"embeddable":true,"href":"https:\/\/nissantravelguide.com\/fr\/wp-json\/wp\/v2\/users\/1"}],"replies":[{"embeddable":true,"href":"https:\/\/nissantravelguide.com\/fr\/wp-json\/wp\/v2\/comments?post=503"}],"version-history":[{"count":6,"href":"https:\/\/nissantravelguide.com\/fr\/wp-json\/wp\/v2\/pages\/503\/revisions"}],"predecessor-version":[{"id":4473,"href":"https:\/\/nissantravelguide.com\/fr\/wp-json\/wp\/v2\/pages\/503\/revisions\/4473"}],"wp:featuredmedia":[{"embeddable":true,"href":"https:\/\/nissantravelguide.com\/fr\/wp-json\/wp\/v2\/media\/367"}],"wp:attachment":[{"href":"https:\/\/nissantravelguide.com\/fr\/wp-json\/wp\/v2\/media?parent=503"}],"curies":[{"name":"wp","href":"https:\/\/api.w.org\/{rel}","templated":true}]}}