{"id":576,"date":"2022-06-29T13:22:31","date_gmt":"2022-06-29T13:22:31","guid":{"rendered":"https:\/\/nissantravelguide.com\/stockholm\/jardin-rosendals-restaurant\/"},"modified":"2022-12-13T11:00:12","modified_gmt":"2022-12-13T11:00:12","slug":"jardin-rosendals-restaurant","status":"publish","type":"page","link":"https:\/\/nissantravelguide.com\/fr\/stockholm\/jardin-rosendals-restaurant\/","title":{"rendered":"Jardin Rosendals Caf\u00e9"},"content":{"rendered":"<p>S\u2019il y a une meilleure fa\u00e7on de manger de la ferme \u00e0 la fourchette que de poser la fourchette sur une table au sein m\u00eame de la ferme, alors nous ne l\u2019avons pas trouv\u00e9e&#8230; Et c\u2019est pourtant ce que vous aurez en vous rendant au jardin Rosendals, une oasis luxuriante au c\u0153ur de la ville. Ils cultivent, r\u00e9coltent et cuisinent uniquement avec les produits de saison les plus frais. Tous les pains et p\u00e2tisseries qu\u2019ils servent sont pr\u00e9par\u00e9s \u00e0 la main dans leur boulangerie rustique au feu de bois. De plus, le caf\u00e9\/restaurant est install\u00e9 dans l\u2019une des serres (tr\u00e8s authentique&#8230;). Vous pouvez vous mettre en app\u00e9tit avant de vous asseoir pour manger en explorant le verger de pommes, le jardin de roses, le vignoble ou laVaxholm ferme. S\u00e9rieusement, qu\u2019est-ce qui leur manque ? Il n\u2019est pas \u00e9tonnant que ce lieu soit tr\u00e8s populaire aupr\u00e8s des habitants.<\/p>\n<p>Astuce : Assurez-vous de planifier\/r\u00e9server \u00e0 l\u2019avance, car les horaires d\u2019ouverture varient tout au long de la saison.<\/p>\n","protected":false},"excerpt":{"rendered":"<p>S\u2019il y a une meilleure fa\u00e7on de manger de la ferme \u00e0 la fourchette que de poser la fourchette sur une table au sein m\u00eame de la ferme, alors nous ne l\u2019avons pas trouv\u00e9e&#8230; Et c\u2019est pourtant ce que vous aurez en vous rendant au jardin Rosendals, une oasis luxuriante au c\u0153ur de la ville. [&hellip;]<\/p>\n","protected":false},"author":1,"featured_media":1185,"parent":487,"menu_order":0,"comment_status":"closed","ping_status":"closed","template":"tpl-location.php","meta":{"_acf_changed":false,"footnotes":""},"acf":{"address":"Rosendalsv\u00e4gen 38, 115 21 Stockholm, Sweden","location_type":"restaurant","map_link":"https:\/\/www.google.co.uk\/maps\/place\/Rosendals+Tr%C3%A4dg%C3%A5rd\/@59.3273793,18.1131602,17z\/data=!3m1!4b1!4m5!3m4!1s0x465f82aee0533d3d:0x9216b8ab25417838!8m2!3d59.3273766!4d18.1153542","trip_advisor":"https:\/\/www.tripadvisor.co.uk\/Attraction_Review-g189852-d313587-Reviews-Rosendals_Garden-Stockholm.html","coordinates":{"latitude":"59.3273793","longitude":"18.1131602"},"charging_stations":[{"charging_station":"3.7 kW Type 2: Djurg\u00e5rden, 115 21 Stockholm, Sweden"}]},"aioseo_notices":[],"_links":{"self":[{"href":"https:\/\/nissantravelguide.com\/fr\/wp-json\/wp\/v2\/pages\/576"}],"collection":[{"href":"https:\/\/nissantravelguide.com\/fr\/wp-json\/wp\/v2\/pages"}],"about":[{"href":"https:\/\/nissantravelguide.com\/fr\/wp-json\/wp\/v2\/types\/page"}],"author":[{"embeddable":true,"href":"https:\/\/nissantravelguide.com\/fr\/wp-json\/wp\/v2\/users\/1"}],"replies":[{"embeddable":true,"href":"https:\/\/nissantravelguide.com\/fr\/wp-json\/wp\/v2\/comments?post=576"}],"version-history":[{"count":2,"href":"https:\/\/nissantravelguide.com\/fr\/wp-json\/wp\/v2\/pages\/576\/revisions"}],"predecessor-version":[{"id":1264,"href":"https:\/\/nissantravelguide.com\/fr\/wp-json\/wp\/v2\/pages\/576\/revisions\/1264"}],"up":[{"embeddable":true,"href":"https:\/\/nissantravelguide.com\/fr\/wp-json\/wp\/v2\/pages\/487"}],"wp:featuredmedia":[{"embeddable":true,"href":"https:\/\/nissantravelguide.com\/fr\/wp-json\/wp\/v2\/media\/1185"}],"wp:attachment":[{"href":"https:\/\/nissantravelguide.com\/fr\/wp-json\/wp\/v2\/media?parent=576"}],"curies":[{"name":"wp","href":"https:\/\/api.w.org\/{rel}","templated":true}]}}