{"id":596,"date":"2022-06-29T13:34:48","date_gmt":"2022-06-29T13:34:48","guid":{"rendered":"https:\/\/nissantravelguide.com\/stockholm\/fotografiska-restaurant\/"},"modified":"2022-12-13T10:58:11","modified_gmt":"2022-12-13T10:58:11","slug":"fotografiska-restaurant","status":"publish","type":"page","link":"https:\/\/nissantravelguide.com\/fr\/stockholm\/fotografiska-restaurant\/","title":{"rendered":"Fotografiska &#8211; Restaurant"},"content":{"rendered":"<p>D\u00e9couvrez de nouvelles perspectives pour changer d&rsquo;angle \u00e0 Fotografiska, le centre de la photographie contemporaine de Stockholm. Avec son m\u00e9lange d\u2019\u00e9v\u00e9nements culturels, d\u2019ateliers et d\u2019expositions mettant en vedette certains des photographes les plus c\u00e9l\u00e8bres au monde, le mus\u00e9e est un lieu de rencontre populaire pour les r\u00e9sidents et les touristes. Les visiteurs peuvent \u00e9galement savourer un repas haut de gamme et durable dans son restaurant \u00e9toil\u00e9 au guide Michelin, tout en admirant une vue inoubliable sur la ville.<\/p>\n<p>Conseil : Les \u00e9t\u00e9s (de juin \u00e0 ao\u00fbt) sont particuli\u00e8rement accueillants ici, avec des produits frais grill\u00e9s au feu de bois, des pizzas au four \u00e0 pierre et des boissons offertes sur la v\u00e9randa ensoleill\u00e9e.<\/p>\n","protected":false},"excerpt":{"rendered":"<p>D\u00e9couvrez de nouvelles perspectives pour changer d&rsquo;angle \u00e0 Fotografiska, le centre de la photographie contemporaine de Stockholm. Avec son m\u00e9lange d\u2019\u00e9v\u00e9nements culturels, d\u2019ateliers et d\u2019expositions mettant en vedette certains des photographes les plus c\u00e9l\u00e8bres au monde, le mus\u00e9e est un lieu de rencontre populaire pour les r\u00e9sidents et les touristes. Les visiteurs peuvent \u00e9galement savourer [&hellip;]<\/p>\n","protected":false},"author":1,"featured_media":1080,"parent":487,"menu_order":0,"comment_status":"closed","ping_status":"closed","template":"tpl-location.php","meta":{"_acf_changed":false,"footnotes":""},"acf":{"address":"Stadsg\u00e5rdshamnen 22, 116 45 Stockholm, Sweden","location_type":"restaurant","map_link":"https:\/\/www.google.com\/maps\/place\/Fotografiska\/@59.3178442,18.0837164,17z\/data=!3m1!4b1!4m5!3m4!1s0x465f77f93374a385:0xc045ff16b9bceaa4!8m2!3d59.3178415!4d18.0859104","trip_advisor":"https:\/\/www.tripadvisor.co.uk\/Attraction_Review-g189852-d1804218-Reviews-Fotografiska_Stockholm-Stockholm.html","coordinates":{"latitude":"59.3178442","longitude":"18.0837164"},"charging_stations":[{"charging_station":"3.7 kW Type 2: Stigbergsgatan, 116 28 Parking Stockholm"}]},"aioseo_notices":[],"_links":{"self":[{"href":"https:\/\/nissantravelguide.com\/fr\/wp-json\/wp\/v2\/pages\/596"}],"collection":[{"href":"https:\/\/nissantravelguide.com\/fr\/wp-json\/wp\/v2\/pages"}],"about":[{"href":"https:\/\/nissantravelguide.com\/fr\/wp-json\/wp\/v2\/types\/page"}],"author":[{"embeddable":true,"href":"https:\/\/nissantravelguide.com\/fr\/wp-json\/wp\/v2\/users\/1"}],"replies":[{"embeddable":true,"href":"https:\/\/nissantravelguide.com\/fr\/wp-json\/wp\/v2\/comments?post=596"}],"version-history":[{"count":1,"href":"https:\/\/nissantravelguide.com\/fr\/wp-json\/wp\/v2\/pages\/596\/revisions"}],"predecessor-version":[{"id":597,"href":"https:\/\/nissantravelguide.com\/fr\/wp-json\/wp\/v2\/pages\/596\/revisions\/597"}],"up":[{"embeddable":true,"href":"https:\/\/nissantravelguide.com\/fr\/wp-json\/wp\/v2\/pages\/487"}],"wp:featuredmedia":[{"embeddable":true,"href":"https:\/\/nissantravelguide.com\/fr\/wp-json\/wp\/v2\/media\/1080"}],"wp:attachment":[{"href":"https:\/\/nissantravelguide.com\/fr\/wp-json\/wp\/v2\/media?parent=596"}],"curies":[{"name":"wp","href":"https:\/\/api.w.org\/{rel}","templated":true}]}}