{"id":6020,"date":"2023-07-28T08:03:32","date_gmt":"2023-07-28T08:03:32","guid":{"rendered":"https:\/\/nissantravelguide.com\/sardaigne\/agriturismo-canales\/"},"modified":"2023-07-28T08:03:32","modified_gmt":"2023-07-28T08:03:32","slug":"agriturismo-canales","status":"publish","type":"page","link":"https:\/\/nissantravelguide.com\/fr\/sardaigne\/agriturismo-canales\/","title":{"rendered":"Agriturismo Canales"},"content":{"rendered":"<p class=\"p1\">Avec pour toile de fond le lac Cedrino, les montagnes et les for\u00eats qui l\u2019entourent, l\u2019Agriturismo Canales est un refuge tranquille et ressour\u00e7ant, loin de l\u2019agitation des villes. Ici, vous pourrez vous rapprocher de la nature et d\u00e9couvrir les beaut\u00e9s cach\u00e9es du lac et de ses environs, uniquement accessibles en kayak. Am\u00e9nag\u00e9 dans une ferme sarde traditionnelle, ce charmant \u00e9tablissement est une v\u00e9ritable exp\u00e9rience des traditions culturelles de l\u2019\u00eele.<\/p>\n","protected":false},"excerpt":{"rendered":"<p>Avec pour toile de fond le lac Cedrino, les montagnes et les for\u00eats qui l\u2019entourent, l\u2019Agriturismo Canales est un refuge tranquille et ressour\u00e7ant, loin de l\u2019agitation des villes. Ici, vous pourrez vous rapprocher de la nature et d\u00e9couvrir les beaut\u00e9s cach\u00e9es du lac et de ses environs, uniquement accessibles en kayak. Am\u00e9nag\u00e9 dans une ferme [&hellip;]<\/p>\n","protected":false},"author":1,"featured_media":5408,"parent":6018,"menu_order":0,"comment_status":"closed","ping_status":"closed","template":"tpl-location.php","meta":{"_acf_changed":false,"footnotes":""},"acf":{"address":"SP38, 28, 08022 Dorgali NU, Italy","location_type":"hotel","map_link":"https:\/\/www.google.com\/maps\/place\/Agriturismo+Canales\/@40.3010739,9.5324381,17z\/data=!3m1!4b1!4m9!3m8!1s0x12de8b37eed7d371:0x194ca76ddfe4b6a9!5m2!4m1!1i2!8m2!3d40.3010698!4d9.535013!16s\/g\/1thjq2dt?entry=ttu","trip_advisor":"https:\/\/www.tripadvisor.it\/Hotel_Review-g642180-d1473115-Reviews-Agriturismo_Canales-Dorgali_Province_of_Nuoro_Sardinia.html","coordinates":{"latitude":"40.3010739","longitude":"9.5324381"},"charging_stations":[{"charging_station":"Type 2 22kW: Via Vittorio Emanuele, 93, 08022 Dorgali NU, Italy (18.2km \/ 15-min)"}]},"aioseo_notices":[],"_links":{"self":[{"href":"https:\/\/nissantravelguide.com\/fr\/wp-json\/wp\/v2\/pages\/6020"}],"collection":[{"href":"https:\/\/nissantravelguide.com\/fr\/wp-json\/wp\/v2\/pages"}],"about":[{"href":"https:\/\/nissantravelguide.com\/fr\/wp-json\/wp\/v2\/types\/page"}],"author":[{"embeddable":true,"href":"https:\/\/nissantravelguide.com\/fr\/wp-json\/wp\/v2\/users\/1"}],"replies":[{"embeddable":true,"href":"https:\/\/nissantravelguide.com\/fr\/wp-json\/wp\/v2\/comments?post=6020"}],"version-history":[{"count":0,"href":"https:\/\/nissantravelguide.com\/fr\/wp-json\/wp\/v2\/pages\/6020\/revisions"}],"up":[{"embeddable":true,"href":"https:\/\/nissantravelguide.com\/fr\/wp-json\/wp\/v2\/pages\/6018"}],"wp:featuredmedia":[{"embeddable":true,"href":"https:\/\/nissantravelguide.com\/fr\/wp-json\/wp\/v2\/media\/5408"}],"wp:attachment":[{"href":"https:\/\/nissantravelguide.com\/fr\/wp-json\/wp\/v2\/media?parent=6020"}],"curies":[{"name":"wp","href":"https:\/\/api.w.org\/{rel}","templated":true}]}}