{"id":6022,"date":"2023-07-28T08:04:06","date_gmt":"2023-07-28T08:04:06","guid":{"rendered":"https:\/\/nissantravelguide.com\/sardaigne\/alghero\/"},"modified":"2023-07-28T08:04:06","modified_gmt":"2023-07-28T08:04:06","slug":"alghero","status":"publish","type":"page","link":"https:\/\/nissantravelguide.com\/fr\/sardaigne\/alghero\/","title":{"rendered":"Alghero"},"content":{"rendered":"<p class=\"p1\">Alghero est une ville c\u00f4ti\u00e8re pittoresque situ\u00e9e sur la c\u00f4te nord-ouest de la Sardaigne. Ses rues pav\u00e9es sinueuses, son architecture traditionnelle et ses vues spectaculaires sur la M\u00e9diterran\u00e9e en font l\u2019un des endroits les plus romantiques de l\u2019\u00eele. La ville est connue pour ses eaux claires et ses couchers de soleil \u00e9poustouflants. Les habitants appr\u00e9cient un programme culturel vari\u00e9 et, pendant les mois d\u2019\u00e9t\u00e9, le port est anim\u00e9 par les bateaux de p\u00eache qui reviennent avec les prises de la journ\u00e9e. Les visiteurs trouveront beaucoup de choses \u00e0 voir et \u00e0 faire, notamment explorer les rues \u00e9troites, se promener le long de la c\u00f4te et participer aux festivals locaux. Avec son histoire riche, ses restaurants dynamiques, sa vie nocturne anim\u00e9e et sa beaut\u00e9 naturelle, Alghero est une ville \u00e0 ne pas manquer\u00a0!<\/p>\n","protected":false},"excerpt":{"rendered":"<p>Alghero est une ville c\u00f4ti\u00e8re pittoresque situ\u00e9e sur la c\u00f4te nord-ouest de la Sardaigne. Ses rues pav\u00e9es sinueuses, son architecture traditionnelle et ses vues spectaculaires sur la M\u00e9diterran\u00e9e en font l\u2019un des endroits les plus romantiques de l\u2019\u00eele. La ville est connue pour ses eaux claires et ses couchers de soleil \u00e9poustouflants. Les habitants appr\u00e9cient [&hellip;]<\/p>\n","protected":false},"author":1,"featured_media":5499,"parent":6018,"menu_order":0,"comment_status":"closed","ping_status":"closed","template":"tpl-location.php","meta":{"_acf_changed":false,"footnotes":""},"acf":{"address":"07041 Province of Sassari","location_type":"interest","map_link":"https:\/\/www.google.com\/maps\/place\/07041+Alghero,+Province+of+Sassari,+Italy\/@40.5659754,8.3219199,14z\/data=!3m1!4b1!4m6!3m5!1s0x12dcf1ef75c50c05:0x2b9298429f4a8b50!8m2!3d40.5579517!4d8.3192949!16zL20vMGNjbjU?entry=ttu","trip_advisor":"https:\/\/www.tripadvisor.it\/Tourism-g187880-Alghero_Province_of_Sassari_Sardinia-Vacations.html","coordinates":{"latitude":"40.5659754","longitude":"8.3219199"},"charging_stations":[{"charging_station":"Type 2 22kW: Via Giovanni Maria Calaresu, 1, 07041 Alghero SS, Italy (2kms \/ 6-min)"}]},"aioseo_notices":[],"_links":{"self":[{"href":"https:\/\/nissantravelguide.com\/fr\/wp-json\/wp\/v2\/pages\/6022"}],"collection":[{"href":"https:\/\/nissantravelguide.com\/fr\/wp-json\/wp\/v2\/pages"}],"about":[{"href":"https:\/\/nissantravelguide.com\/fr\/wp-json\/wp\/v2\/types\/page"}],"author":[{"embeddable":true,"href":"https:\/\/nissantravelguide.com\/fr\/wp-json\/wp\/v2\/users\/1"}],"replies":[{"embeddable":true,"href":"https:\/\/nissantravelguide.com\/fr\/wp-json\/wp\/v2\/comments?post=6022"}],"version-history":[{"count":0,"href":"https:\/\/nissantravelguide.com\/fr\/wp-json\/wp\/v2\/pages\/6022\/revisions"}],"up":[{"embeddable":true,"href":"https:\/\/nissantravelguide.com\/fr\/wp-json\/wp\/v2\/pages\/6018"}],"wp:featuredmedia":[{"embeddable":true,"href":"https:\/\/nissantravelguide.com\/fr\/wp-json\/wp\/v2\/media\/5499"}],"wp:attachment":[{"href":"https:\/\/nissantravelguide.com\/fr\/wp-json\/wp\/v2\/media?parent=6022"}],"curies":[{"name":"wp","href":"https:\/\/api.w.org\/{rel}","templated":true}]}}