{"id":6024,"date":"2023-07-28T08:04:50","date_gmt":"2023-07-28T08:04:50","guid":{"rendered":"https:\/\/nissantravelguide.com\/sardaigne\/arzachena\/"},"modified":"2023-07-28T08:04:50","modified_gmt":"2023-07-28T08:04:50","slug":"arzachena","status":"publish","type":"page","link":"https:\/\/nissantravelguide.com\/fr\/sardaigne\/arzachena\/","title":{"rendered":"Arzachena"},"content":{"rendered":"<p>Point de d\u00e9part id\u00e9al pour explorer l\u2019\u00e9blouissante Costa Smeralda, Arzachena abrite un charmant centre historique aux rues \u00e9troites, aux b\u00e2timents traditionnels et \u00e0 l\u2019atmosph\u00e8re agr\u00e9able et accueillante pour les visiteurs. Il y a des boutiques, des caf\u00e9s et des restaurants qui permettent aux visiteurs de s\u2019immerger dans la culture de cette magnifique ville. L\u2019histoire de la ville a de quoi passionner les touristes, m\u00eame ceux qui ne font que passer. Arzachena abrite d\u2019anciens sites arch\u00e9ologiques tels que le Nuraghe Albucciu, le Nuraghe La Prisgiona et la Tomba dei Giganti Coddu Vecchiu, qui offrent un aper\u00e7u fascinant du riche pass\u00e9 de l\u2019\u00eele. Ne manquez pas non plus de visiter \u00ab\u00a0les escaliers de Sainte-Lucie\u00a0\u00bb, qui m\u00e8nent \u00e0 l\u2019\u00e9glise historique de Sainte-Lucie. Ces escaliers aux couleurs vives se d\u00e9marquent de l\u2019architecture de la ville environnante et de l\u2019\u00eele dans son ensemble. M\u00eame sans rester tr\u00e8s longtemps, ils constituent une superbe occasion de prendre des photos inoubliables\u00a0!<\/p>\n","protected":false},"excerpt":{"rendered":"<p>Point de d\u00e9part id\u00e9al pour explorer l\u2019\u00e9blouissante Costa Smeralda, Arzachena abrite un charmant centre historique aux rues \u00e9troites, aux b\u00e2timents traditionnels et \u00e0 l\u2019atmosph\u00e8re agr\u00e9able et accueillante pour les visiteurs. Il y a des boutiques, des caf\u00e9s et des restaurants qui permettent aux visiteurs de s\u2019immerger dans la culture de cette magnifique ville. L\u2019histoire de [&hellip;]<\/p>\n","protected":false},"author":1,"featured_media":5515,"parent":6018,"menu_order":0,"comment_status":"closed","ping_status":"closed","template":"tpl-location.php","meta":{"_acf_changed":false,"footnotes":""},"acf":{"address":"07021 Province of Sassari","location_type":"interest","map_link":"https:\/\/www.google.com\/maps\/place\/07021+Arzachena,+Province+of+Sassari,+Italy\/@41.0694761,9.3440858,13z\/data=!4m6!3m5!1s0x12d9456aeb57e76d:0x9b5e1d686798fcc9!8m2!3d41.0780118!4d9.3901541!16zL20vMGN4bGhm?entry=ttu","trip_advisor":"https:\/\/www.tripadvisor.co.uk\/Tourism-g194675-Arzachena_Province_of_Olbia_Tempio_Sardinia-Vacations.html","coordinates":{"latitude":"41.0694761","longitude":"9.3440858"},"charging_stations":[{"charging_station":"Type 2 20.4kW: Via Lu Saraghinu, 3, 07026 San Pantaleo SS, Italy (10.3kms \/ 13-min)"}]},"aioseo_notices":[],"_links":{"self":[{"href":"https:\/\/nissantravelguide.com\/fr\/wp-json\/wp\/v2\/pages\/6024"}],"collection":[{"href":"https:\/\/nissantravelguide.com\/fr\/wp-json\/wp\/v2\/pages"}],"about":[{"href":"https:\/\/nissantravelguide.com\/fr\/wp-json\/wp\/v2\/types\/page"}],"author":[{"embeddable":true,"href":"https:\/\/nissantravelguide.com\/fr\/wp-json\/wp\/v2\/users\/1"}],"replies":[{"embeddable":true,"href":"https:\/\/nissantravelguide.com\/fr\/wp-json\/wp\/v2\/comments?post=6024"}],"version-history":[{"count":0,"href":"https:\/\/nissantravelguide.com\/fr\/wp-json\/wp\/v2\/pages\/6024\/revisions"}],"up":[{"embeddable":true,"href":"https:\/\/nissantravelguide.com\/fr\/wp-json\/wp\/v2\/pages\/6018"}],"wp:featuredmedia":[{"embeddable":true,"href":"https:\/\/nissantravelguide.com\/fr\/wp-json\/wp\/v2\/media\/5515"}],"wp:attachment":[{"href":"https:\/\/nissantravelguide.com\/fr\/wp-json\/wp\/v2\/media?parent=6024"}],"curies":[{"name":"wp","href":"https:\/\/api.w.org\/{rel}","templated":true}]}}