{"id":6026,"date":"2023-07-28T08:05:23","date_gmt":"2023-07-28T08:05:23","guid":{"rendered":"https:\/\/nissantravelguide.com\/sardaigne\/azienda-agrituristica-sa-mandra\/"},"modified":"2023-07-28T08:05:23","modified_gmt":"2023-07-28T08:05:23","slug":"azienda-agrituristica-sa-mandra","status":"publish","type":"page","link":"https:\/\/nissantravelguide.com\/fr\/sardaigne\/azienda-agrituristica-sa-mandra\/","title":{"rendered":"Azienda Agrituristica Sa Mandra"},"content":{"rendered":"<p>Toutes les chambres de cet \u00e9tablissement sont agr\u00e9ablement meubl\u00e9es dans le style authentique local, pour un s\u00e9jour vraiment relaxant. En plus de son h\u00e9bergement confortable, l\u2019h\u00f4tel Sa Mandra abrite un ravissant restaurant proposant d\u2019app\u00e9tissants plats sardes pr\u00e9par\u00e9s avec des produits locaux bio-sourc\u00e9s. Le domaine h\u00e9berge \u00e9galement un mus\u00e9e consacr\u00e9 aux traditions uniques de l\u2019\u00eele, et les h\u00f4tes ont la possibilit\u00e9 de se familiariser avec le terroir sarde gr\u00e2ce \u00e0 des cours de cuisine et \u00e0 des d\u00e9gustations de vin.<\/p>\n","protected":false},"excerpt":{"rendered":"<p>Toutes les chambres de cet \u00e9tablissement sont agr\u00e9ablement meubl\u00e9es dans le style authentique local, pour un s\u00e9jour vraiment relaxant. En plus de son h\u00e9bergement confortable, l\u2019h\u00f4tel Sa Mandra abrite un ravissant restaurant proposant d\u2019app\u00e9tissants plats sardes pr\u00e9par\u00e9s avec des produits locaux bio-sourc\u00e9s. Le domaine h\u00e9berge \u00e9galement un mus\u00e9e consacr\u00e9 aux traditions uniques de l\u2019\u00eele, et [&hellip;]<\/p>\n","protected":false},"author":1,"featured_media":5419,"parent":6018,"menu_order":0,"comment_status":"closed","ping_status":"closed","template":"tpl-location.php","meta":{"_acf_changed":false,"footnotes":""},"acf":{"address":"Strada Provinciale 44, 1, 07041 Alghero SS, Italy","location_type":"hotel","map_link":"https:\/\/www.google.com\/maps\/place\/Azienda+Agrituristica+Sa+Mandra\/@40.6524505,8.2977132,17z\/data=!3m1!4b1!4m9!3m8!1s0x12dcedc3c3eefd81:0xc751fbc807ed9cad!5m2!4m1!1i2!8m2!3d40.6524505!4d8.2977132!16s%2Fg%2F1tgv8y66?entry=ttu","trip_advisor":"https:\/\/www.tripadvisor.it\/Hotel_Review-g187880-d6508810-Reviews-Azienda_Agrituristica_Sa_Mandra-Alghero_Province_of_Sassari_Sardinia.html","coordinates":{"latitude":"40.6524505","longitude":"8.2977132"},"charging_stations":[{"charging_station":"Type 2 23kW: Localit\u00e0 sa Segada, 07041 Alghero SS, Italy (2.9km \/ 5-min)"}]},"aioseo_notices":[],"_links":{"self":[{"href":"https:\/\/nissantravelguide.com\/fr\/wp-json\/wp\/v2\/pages\/6026"}],"collection":[{"href":"https:\/\/nissantravelguide.com\/fr\/wp-json\/wp\/v2\/pages"}],"about":[{"href":"https:\/\/nissantravelguide.com\/fr\/wp-json\/wp\/v2\/types\/page"}],"author":[{"embeddable":true,"href":"https:\/\/nissantravelguide.com\/fr\/wp-json\/wp\/v2\/users\/1"}],"replies":[{"embeddable":true,"href":"https:\/\/nissantravelguide.com\/fr\/wp-json\/wp\/v2\/comments?post=6026"}],"version-history":[{"count":0,"href":"https:\/\/nissantravelguide.com\/fr\/wp-json\/wp\/v2\/pages\/6026\/revisions"}],"up":[{"embeddable":true,"href":"https:\/\/nissantravelguide.com\/fr\/wp-json\/wp\/v2\/pages\/6018"}],"wp:featuredmedia":[{"embeddable":true,"href":"https:\/\/nissantravelguide.com\/fr\/wp-json\/wp\/v2\/media\/5419"}],"wp:attachment":[{"href":"https:\/\/nissantravelguide.com\/fr\/wp-json\/wp\/v2\/media?parent=6026"}],"curies":[{"name":"wp","href":"https:\/\/api.w.org\/{rel}","templated":true}]}}