{"id":6028,"date":"2023-07-28T08:05:58","date_gmt":"2023-07-28T08:05:58","guid":{"rendered":"https:\/\/nissantravelguide.com\/sardaigne\/bisos\/"},"modified":"2023-07-28T08:05:58","modified_gmt":"2023-07-28T08:05:58","slug":"bisos","status":"publish","type":"page","link":"https:\/\/nissantravelguide.com\/fr\/sardaigne\/bisos\/","title":{"rendered":"Bisos"},"content":{"rendered":"<p>Bisos est un \u00e9co boutique-h\u00f4tel d\u00e9bordant d\u2019histoire et de charme\u00a0! Abrit\u00e9e dans un b\u00e2timent du XIXe si\u00e8cle qui servait autrefois de bazar anim\u00e9 et de fabrique de boissons, cette maison a des histoires \u00e0 raconter. Nich\u00e9e dans la ville pittoresque de Paulitano, l\u2019auberge vous r\u00e9galera de d\u00e9lices et de plats faits maison tout droit sortis des tr\u00e9sors locaux. Et ce n\u2019est pas tout\u00a0: six appartements magnifiquement meubl\u00e9s vous attendent, orn\u00e9s de mat\u00e9riaux \u00e9cologiques qui allient durabilit\u00e9 et style.<\/p>\n<p>Mais Bisos est bien plus qu\u2019il n\u2019y para\u00eet. R\u00e9cemment r\u00e9nov\u00e9 pour respecter les principes de la construction \u00e9cologique, cet h\u00f4tel est en parfaite harmonie avec la nature environnante. Immergez-vous dans une atmosph\u00e8re tranquille, d\u00e9tendez-vous et impr\u00e9gnez-vous de cette \u00e9nergie revitalisante. Bisos est un lieu d\u2019\u00e9vasion inoubliable, o\u00f9 la beaut\u00e9 de la nature rencontre le confort de l\u2019hospitalit\u00e9 moderne.<\/p>\n","protected":false},"excerpt":{"rendered":"<p>Bisos est un \u00e9co boutique-h\u00f4tel d\u00e9bordant d\u2019histoire et de charme\u00a0! Abrit\u00e9e dans un b\u00e2timent du XIXe si\u00e8cle qui servait autrefois de bazar anim\u00e9 et de fabrique de boissons, cette maison a des histoires \u00e0 raconter. Nich\u00e9e dans la ville pittoresque de Paulitano, l\u2019auberge vous r\u00e9galera de d\u00e9lices et de plats faits maison tout droit sortis [&hellip;]<\/p>\n","protected":false},"author":1,"featured_media":5386,"parent":6018,"menu_order":0,"comment_status":"closed","ping_status":"closed","template":"tpl-location.php","meta":{"_acf_changed":false,"footnotes":""},"acf":{"address":"Via Roma, 1, 09070 Paulilatino OR, Italy","location_type":"hotel","map_link":"https:\/\/www.google.com\/maps\/place\/Bisos\/@40.0833733,8.7286414,14z\/data=!4m19!1m9!2m8!1sHotels!3m6!1sHotels!2s09070+Paulilatino,+Province+of+Oristano,+Italy!3s0x12ddb969500f2c2d:0xf6df35c13449438!4m2!1d8.7623754!2d40.082333!3m8!1s0x12ddb969567d6d25:0x6c32535287b7157b!5m2!4m1!1i2!8m2!3d40.0838514!4d8.7643411!16s%2Fg%2F11fkm88c68?entry=ttu","trip_advisor":"https:\/\/www.tripadvisor.it\/Hotel_Review-g1888228-d17325702-Reviews-Bisos_Ospitalita_diffusa_ecosostenibile-Paulilatino_Oristano_Province_of_Oristano_Sa.html","coordinates":{"latitude":"40.0833733","longitude":"8.7286414"},"charging_stations":[{"charging_station":"CHAdeMO 50kW, CCS 50kW, Type 2 34.9kW, Type 2 14kW: 09071 Abbasanta, Province of Oristano, Italy, (5.7km \/ 7-min)"}]},"aioseo_notices":[],"_links":{"self":[{"href":"https:\/\/nissantravelguide.com\/fr\/wp-json\/wp\/v2\/pages\/6028"}],"collection":[{"href":"https:\/\/nissantravelguide.com\/fr\/wp-json\/wp\/v2\/pages"}],"about":[{"href":"https:\/\/nissantravelguide.com\/fr\/wp-json\/wp\/v2\/types\/page"}],"author":[{"embeddable":true,"href":"https:\/\/nissantravelguide.com\/fr\/wp-json\/wp\/v2\/users\/1"}],"replies":[{"embeddable":true,"href":"https:\/\/nissantravelguide.com\/fr\/wp-json\/wp\/v2\/comments?post=6028"}],"version-history":[{"count":0,"href":"https:\/\/nissantravelguide.com\/fr\/wp-json\/wp\/v2\/pages\/6028\/revisions"}],"up":[{"embeddable":true,"href":"https:\/\/nissantravelguide.com\/fr\/wp-json\/wp\/v2\/pages\/6018"}],"wp:featuredmedia":[{"embeddable":true,"href":"https:\/\/nissantravelguide.com\/fr\/wp-json\/wp\/v2\/media\/5386"}],"wp:attachment":[{"href":"https:\/\/nissantravelguide.com\/fr\/wp-json\/wp\/v2\/media?parent=6028"}],"curies":[{"name":"wp","href":"https:\/\/api.w.org\/{rel}","templated":true}]}}