{"id":6030,"date":"2023-07-28T08:07:01","date_gmt":"2023-07-28T08:07:01","guid":{"rendered":"https:\/\/nissantravelguide.com\/sardaigne\/cagliari-town-centre\/"},"modified":"2023-07-28T08:07:01","modified_gmt":"2023-07-28T08:07:01","slug":"cagliari-town-centre","status":"publish","type":"page","link":"https:\/\/nissantravelguide.com\/fr\/sardaigne\/cagliari-town-centre\/","title":{"rendered":"Cagliari Town Centre"},"content":{"rendered":"<p>Le centre-ville de Cagliari est le c\u0153ur historique et culturel de la Sardaigne. Situ\u00e9e sur la c\u00f4te sud, cette ville anim\u00e9e pr\u00e9sente un m\u00e9lange de rues pleines de vie, de charme ancien et de b\u00e2timents modernes. Des vieux murs du quartier du ch\u00e2teau \u00e0 l\u2019\u00e9l\u00e9gante Piazza Yenne bord\u00e9e d\u2019arbres, les attractions du centre-ville de Cagliari plairont \u00e0 tous les visiteurs. La vieille ville se caract\u00e9rise par ses rues pav\u00e9es sinueuses et ses b\u00e2timents historiques, tandis que le centre d\u2019affaires moderne apporte une atmosph\u00e8re contemporaine \u00e0 la r\u00e9gion. Les boutiques et les restaurants sont nombreux, avec des terrasses en plein air et des bars branch\u00e9s pr\u00e8s du front de mer. Cagliari offre non seulement une vue imprenable sur la mer M\u00e9diterran\u00e9e, mais aussi une multitude de sites historiques, de mus\u00e9es, de galeries et de parcs, tous situ\u00e9s \u00e0 quelques minutes de marche du centre-ville.<\/p>\n","protected":false},"excerpt":{"rendered":"<p>Le centre-ville de Cagliari est le c\u0153ur historique et culturel de la Sardaigne. Situ\u00e9e sur la c\u00f4te sud, cette ville anim\u00e9e pr\u00e9sente un m\u00e9lange de rues pleines de vie, de charme ancien et de b\u00e2timents modernes. Des vieux murs du quartier du ch\u00e2teau \u00e0 l\u2019\u00e9l\u00e9gante Piazza Yenne bord\u00e9e d\u2019arbres, les attractions du centre-ville de Cagliari [&hellip;]<\/p>\n","protected":false},"author":1,"featured_media":5553,"parent":6018,"menu_order":0,"comment_status":"closed","ping_status":"closed","template":"tpl-location.php","meta":{"_acf_changed":false,"footnotes":""},"acf":{"address":"Metropolitan City of Cagliari","location_type":"interest","map_link":"https:\/\/www.google.com\/maps\/place\/Cagliari,+Metropolitan+City+of+Cagliari,+Italy\/@39.2254044,9.128378,13z\/data=!3m1!4b1!4m6!3m5!1s0x12e73415b68e1ca3:0x201e1506cf816eb1!8m2!3d39.2238411!4d9.1216613!16zL20vMGM3bF8?entry=ttu","trip_advisor":"https:\/\/www.tripadvisor.it\/Tourism-g187881-Cagliari_Province_of_Cagliari_Sardinia-Vacations.html","coordinates":{"latitude":"39.2254044","longitude":"9.128378"},"charging_stations":[{"charging_station":"Type 2 22kW: Via Sant'Alenixedda, 117, 09128 Cagliari CA, Italy (350 mtrs \/ 1-min)"}]},"aioseo_notices":[],"_links":{"self":[{"href":"https:\/\/nissantravelguide.com\/fr\/wp-json\/wp\/v2\/pages\/6030"}],"collection":[{"href":"https:\/\/nissantravelguide.com\/fr\/wp-json\/wp\/v2\/pages"}],"about":[{"href":"https:\/\/nissantravelguide.com\/fr\/wp-json\/wp\/v2\/types\/page"}],"author":[{"embeddable":true,"href":"https:\/\/nissantravelguide.com\/fr\/wp-json\/wp\/v2\/users\/1"}],"replies":[{"embeddable":true,"href":"https:\/\/nissantravelguide.com\/fr\/wp-json\/wp\/v2\/comments?post=6030"}],"version-history":[{"count":0,"href":"https:\/\/nissantravelguide.com\/fr\/wp-json\/wp\/v2\/pages\/6030\/revisions"}],"up":[{"embeddable":true,"href":"https:\/\/nissantravelguide.com\/fr\/wp-json\/wp\/v2\/pages\/6018"}],"wp:featuredmedia":[{"embeddable":true,"href":"https:\/\/nissantravelguide.com\/fr\/wp-json\/wp\/v2\/media\/5553"}],"wp:attachment":[{"href":"https:\/\/nissantravelguide.com\/fr\/wp-json\/wp\/v2\/media?parent=6030"}],"curies":[{"name":"wp","href":"https:\/\/api.w.org\/{rel}","templated":true}]}}