{"id":6032,"date":"2023-07-28T08:07:47","date_gmt":"2023-07-28T08:07:47","guid":{"rendered":"https:\/\/nissantravelguide.com\/sardaigne\/cala-biriala\/"},"modified":"2023-07-28T08:07:47","modified_gmt":"2023-07-28T08:07:47","slug":"cala-biriala","status":"publish","type":"page","link":"https:\/\/nissantravelguide.com\/fr\/sardaigne\/cala-biriala\/","title":{"rendered":"Cala Biriala"},"content":{"rendered":"<p>Situ\u00e9e dans le golfe d\u2019Orosei, sur la c\u00f4te est de l\u2019\u00eele, la plage de Cala Bir\u00ecala accueille les voyageurs fatigu\u00e9s et leur r\u00e9serve des moments de d\u00e9tente et d\u2019aventure. Les eaux cristallines sont id\u00e9ales pour la plong\u00e9e sous-marine et le snorkeling, vous permettant de partir \u00e0 la d\u00e9couverte d\u2019un monde sous-marin plein de vie. La situation unique de cette plage, entre les for\u00eats enchanteresses de Bir\u00ecala et de Bilariccoro, offre aux explorateurs audacieux la possibilit\u00e9 de se lancer dans une randonn\u00e9e pour rejoindre la plage. Que vous soyez en qu\u00eate de tranquillit\u00e9 ou de sensations fortes, la plage de Cala Bir\u00ecala a de quoi plaire \u00e0 tout le monde.<\/p>\n","protected":false},"excerpt":{"rendered":"<p>Situ\u00e9e dans le golfe d\u2019Orosei, sur la c\u00f4te est de l\u2019\u00eele, la plage de Cala Bir\u00ecala accueille les voyageurs fatigu\u00e9s et leur r\u00e9serve des moments de d\u00e9tente et d\u2019aventure. Les eaux cristallines sont id\u00e9ales pour la plong\u00e9e sous-marine et le snorkeling, vous permettant de partir \u00e0 la d\u00e9couverte d\u2019un monde sous-marin plein de vie. La [&hellip;]<\/p>\n","protected":false},"author":1,"featured_media":5314,"parent":6018,"menu_order":0,"comment_status":"closed","ping_status":"closed","template":"tpl-location.php","meta":{"_acf_changed":false,"footnotes":""},"acf":{"address":"08040 Baunei, Province of Nuoro, Italy","location_type":"beauty","map_link":"https:\/\/www.google.com\/maps\/place\/Cala+Bir%C3%ACala\/@40.147947,9.6500255,17z\/data=!3m1!4b1!4m9!3m8!1s0x12de5944e288fd5b:0xd038484e0ba22c90!5m2!4m1!1i2!8m2!3d40.1479429!4d9.6526004!16s%2Fg%2F12q4qyl30?entry=tts&shorturl=1","trip_advisor":"https:\/\/www.tripadvisor.it\/Attraction_Review-g644260-d6867241-Reviews-Cala_Biriala-Baunei_Province_of_Ogliastra_Sardinia.html","coordinates":{"latitude":"40.147947","longitude":"9.6500255"},"charging_stations":[{"charging_station":"Type 2 22kW: Viale Colombo, 08022 Cala Gonone NU, Italy (70.4km \/ 1 hour 49-min)"}]},"aioseo_notices":[],"_links":{"self":[{"href":"https:\/\/nissantravelguide.com\/fr\/wp-json\/wp\/v2\/pages\/6032"}],"collection":[{"href":"https:\/\/nissantravelguide.com\/fr\/wp-json\/wp\/v2\/pages"}],"about":[{"href":"https:\/\/nissantravelguide.com\/fr\/wp-json\/wp\/v2\/types\/page"}],"author":[{"embeddable":true,"href":"https:\/\/nissantravelguide.com\/fr\/wp-json\/wp\/v2\/users\/1"}],"replies":[{"embeddable":true,"href":"https:\/\/nissantravelguide.com\/fr\/wp-json\/wp\/v2\/comments?post=6032"}],"version-history":[{"count":0,"href":"https:\/\/nissantravelguide.com\/fr\/wp-json\/wp\/v2\/pages\/6032\/revisions"}],"up":[{"embeddable":true,"href":"https:\/\/nissantravelguide.com\/fr\/wp-json\/wp\/v2\/pages\/6018"}],"wp:featuredmedia":[{"embeddable":true,"href":"https:\/\/nissantravelguide.com\/fr\/wp-json\/wp\/v2\/media\/5314"}],"wp:attachment":[{"href":"https:\/\/nissantravelguide.com\/fr\/wp-json\/wp\/v2\/media?parent=6032"}],"curies":[{"name":"wp","href":"https:\/\/api.w.org\/{rel}","templated":true}]}}