{"id":6034,"date":"2023-07-28T08:08:20","date_gmt":"2023-07-28T08:08:20","guid":{"rendered":"https:\/\/nissantravelguide.com\/sardaigne\/cala-porto-giunco\/"},"modified":"2023-07-28T08:08:20","modified_gmt":"2023-07-28T08:08:20","slug":"cala-porto-giunco","status":"publish","type":"page","link":"https:\/\/nissantravelguide.com\/fr\/sardaigne\/cala-porto-giunco\/","title":{"rendered":"Cala Porto Giunco"},"content":{"rendered":"<p>Que ce soit pour faire du snorkeling, de la randonn\u00e9e ou simplement pour prendre un bain de soleil, cette charmante petite crique a tout ce qu\u2019il faut pour vous plaire\u00a0! La tour de guet espagnole Torre di Porto Giunco, qui domine la plage depuis le XV si\u00e8cle, est un monument incontournable de la c\u00f4te m\u00e9ridionale de la Sardaigne. Ses eaux peu profondes et sa protection contre les vents puissants de la M\u00e9diterran\u00e9e en font un lieu id\u00e9al pour les familles. L\u2019accessibilit\u00e9 n\u2019est pas non plus un probl\u00e8me, puisque cet endroit se trouve \u00e0 une courte distance en voiture de Cagliari.<\/p>\n","protected":false},"excerpt":{"rendered":"<p>Que ce soit pour faire du snorkeling, de la randonn\u00e9e ou simplement pour prendre un bain de soleil, cette charmante petite crique a tout ce qu\u2019il faut pour vous plaire\u00a0! La tour de guet espagnole Torre di Porto Giunco, qui domine la plage depuis le XV si\u00e8cle, est un monument incontournable de la c\u00f4te m\u00e9ridionale [&hellip;]<\/p>\n","protected":false},"author":1,"featured_media":5341,"parent":6018,"menu_order":0,"comment_status":"closed","ping_status":"closed","template":"tpl-location.php","meta":{"_acf_changed":false,"footnotes":""},"acf":{"address":"Via Capo Carbonara, 1, 09049 Villasimius CA, Italy","location_type":"beauty","map_link":"https:\/\/www.google.com\/maps\/place\/Cala+Porto+Giunco\/@39.1334537,9.4946304,10z\/data=!4m6!3m5!1s0x12e0c2c718e6aff3:0x32180cbab44d61b!8m2!3d39.1110306!4d9.5205264!16s%2Fg%2F11h23r0b5j?entry=ttu","trip_advisor":"https:\/\/www.tripadvisor.co.uk\/Attraction_Review-g194949-d4322420-Reviews-Porto_Giunco-Villasimius_Province_of_Cagliari_Sardinia.html","coordinates":{"latitude":"39.1334537","longitude":"9.4946304"},"charging_stations":[{"charging_station":"CCS 150kW, CHAdeMO 62kW, Type 2 22kW: Via Tramontana, 09010 Pula CA, Italy (4kms \/ 9-min)"}]},"aioseo_notices":[],"_links":{"self":[{"href":"https:\/\/nissantravelguide.com\/fr\/wp-json\/wp\/v2\/pages\/6034"}],"collection":[{"href":"https:\/\/nissantravelguide.com\/fr\/wp-json\/wp\/v2\/pages"}],"about":[{"href":"https:\/\/nissantravelguide.com\/fr\/wp-json\/wp\/v2\/types\/page"}],"author":[{"embeddable":true,"href":"https:\/\/nissantravelguide.com\/fr\/wp-json\/wp\/v2\/users\/1"}],"replies":[{"embeddable":true,"href":"https:\/\/nissantravelguide.com\/fr\/wp-json\/wp\/v2\/comments?post=6034"}],"version-history":[{"count":0,"href":"https:\/\/nissantravelguide.com\/fr\/wp-json\/wp\/v2\/pages\/6034\/revisions"}],"up":[{"embeddable":true,"href":"https:\/\/nissantravelguide.com\/fr\/wp-json\/wp\/v2\/pages\/6018"}],"wp:featuredmedia":[{"embeddable":true,"href":"https:\/\/nissantravelguide.com\/fr\/wp-json\/wp\/v2\/media\/5341"}],"wp:attachment":[{"href":"https:\/\/nissantravelguide.com\/fr\/wp-json\/wp\/v2\/media?parent=6034"}],"curies":[{"name":"wp","href":"https:\/\/api.w.org\/{rel}","templated":true}]}}