{"id":6036,"date":"2023-07-28T08:08:59","date_gmt":"2023-07-28T08:08:59","guid":{"rendered":"https:\/\/nissantravelguide.com\/sardaigne\/cascioni-eco-retreat\/"},"modified":"2023-07-28T08:08:59","modified_gmt":"2023-07-28T08:08:59","slug":"cascioni-eco-retreat","status":"publish","type":"page","link":"https:\/\/nissantravelguide.com\/fr\/sardaigne\/cascioni-eco-retreat\/","title":{"rendered":"Cascioni Eco Retreat"},"content":{"rendered":"<p>Cette \u00e9co-retraite attire les visiteurs en leur offrant une mosa\u00efque vibrante de la culture sarde, les invitant \u00e0 d\u00e9couvrir ses plages, ses promenades pittoresques dans les rochers et ses oliveraies florissantes. Install\u00e9e dans un parc naturel priv\u00e9, l\u2019auberge Cascioni garantit la paix et la s\u00e9r\u00e9nit\u00e9, tout en t\u00e9moignant d\u2019un profond respect pour la terre qu\u2019elle habite. Sa situation privil\u00e9gi\u00e9e dans l\u2019enchanteresse r\u00e9gion de Gallura vous ouvre un monde d\u2019exp\u00e9riences diverses\u00a0: \u00e0 l\u2019est se trouve la vibrante Porto Cervo, au sud attend le charmant village de San Pantaleo, et au nord s\u2019\u00e9tend le magnifique golfe d\u2019Arzachena. De la tranquillit\u00e9 \u00e0 l\u2019aventure, le Cascioni veille \u00e0 ce que le plaisir et l\u2019excitation soient toujours \u00e0 port\u00e9e de main pendant votre s\u00e9jour.<\/p>\n","protected":false},"excerpt":{"rendered":"<p>Cette \u00e9co-retraite attire les visiteurs en leur offrant une mosa\u00efque vibrante de la culture sarde, les invitant \u00e0 d\u00e9couvrir ses plages, ses promenades pittoresques dans les rochers et ses oliveraies florissantes. Install\u00e9e dans un parc naturel priv\u00e9, l\u2019auberge Cascioni garantit la paix et la s\u00e9r\u00e9nit\u00e9, tout en t\u00e9moignant d\u2019un profond respect pour la terre qu\u2019elle [&hellip;]<\/p>\n","protected":false},"author":1,"featured_media":5933,"parent":6018,"menu_order":0,"comment_status":"closed","ping_status":"closed","template":"tpl-location.php","meta":{"_acf_changed":false,"footnotes":""},"acf":{"address":"SP 59 bis, 07021 Arzachena SS, Italy","location_type":"restaurant","map_link":"https:\/\/www.google.com\/maps\/place\/Cascioni+Eco+Retreat\/@41.074189,9.4484868,17z\/data=!3m1!4b1!4m9!3m8!1s0x12d9456aacf634bf:0xd549b583c163bcf4!5m2!4m1!1i2!8m2!3d41.074189!4d9.4484868!16s%2Fg%2F11hf62h1lf?entry=ttu","trip_advisor":"https:\/\/www.tripadvisor.co.uk\/Hotel_Review-g194675-d20373919-Reviews-Cascioni_Eco_Retreat-Arzachena_Province_of_Olbia_Tempio_Sardinia.html","coordinates":{"latitude":"41.074189","longitude":"9.4484868"},"charging_stations":[{"charging_station":"Via Lu Saraghinu, 3, 07026 San Pantaleo SS, Italy: Type 2 20.4kW (5.4Kms \/ 8-min)"}]},"aioseo_notices":[],"_links":{"self":[{"href":"https:\/\/nissantravelguide.com\/fr\/wp-json\/wp\/v2\/pages\/6036"}],"collection":[{"href":"https:\/\/nissantravelguide.com\/fr\/wp-json\/wp\/v2\/pages"}],"about":[{"href":"https:\/\/nissantravelguide.com\/fr\/wp-json\/wp\/v2\/types\/page"}],"author":[{"embeddable":true,"href":"https:\/\/nissantravelguide.com\/fr\/wp-json\/wp\/v2\/users\/1"}],"replies":[{"embeddable":true,"href":"https:\/\/nissantravelguide.com\/fr\/wp-json\/wp\/v2\/comments?post=6036"}],"version-history":[{"count":0,"href":"https:\/\/nissantravelguide.com\/fr\/wp-json\/wp\/v2\/pages\/6036\/revisions"}],"up":[{"embeddable":true,"href":"https:\/\/nissantravelguide.com\/fr\/wp-json\/wp\/v2\/pages\/6018"}],"wp:featuredmedia":[{"embeddable":true,"href":"https:\/\/nissantravelguide.com\/fr\/wp-json\/wp\/v2\/media\/5933"}],"wp:attachment":[{"href":"https:\/\/nissantravelguide.com\/fr\/wp-json\/wp\/v2\/media?parent=6036"}],"curies":[{"name":"wp","href":"https:\/\/api.w.org\/{rel}","templated":true}]}}