{"id":6038,"date":"2023-07-28T08:09:32","date_gmt":"2023-07-28T08:09:32","guid":{"rendered":"https:\/\/nissantravelguide.com\/sardaigne\/castelsardo\/"},"modified":"2023-07-28T08:09:32","modified_gmt":"2023-07-28T08:09:32","slug":"castelsardo","status":"publish","type":"page","link":"https:\/\/nissantravelguide.com\/fr\/sardaigne\/castelsardo\/","title":{"rendered":"Castelsardo"},"content":{"rendered":"<p>Perch\u00e9e sur la c\u00f4te nord-ouest de la Sardaigne, Castelsardo est r\u00e9put\u00e9e pour son architecture m\u00e9di\u00e9vale, ses belles plages et son riche patrimoine culturel. Sa principale attraction est peut-\u00eatre son propre ch\u00e2teau de Castelsardo, qui domine la ville depuis pr\u00e8s de 1\u00a0000\u00a0ans\u00a0! Les festivals d\u2019\u00e9t\u00e9, tels que la Festa di San Antonio, sont un excellent moyen pour les visiteurs de s\u2019immerger dans la culture, avec ses processions color\u00e9es et ses c\u00e9l\u00e9brations qui ne manqueront pas de vous donner envie de revenir dans cet endroit charmant\u00a0!<\/p>\n","protected":false},"excerpt":{"rendered":"<p>Perch\u00e9e sur la c\u00f4te nord-ouest de la Sardaigne, Castelsardo est r\u00e9put\u00e9e pour son architecture m\u00e9di\u00e9vale, ses belles plages et son riche patrimoine culturel. Sa principale attraction est peut-\u00eatre son propre ch\u00e2teau de Castelsardo, qui domine la ville depuis pr\u00e8s de 1\u00a0000\u00a0ans\u00a0! Les festivals d\u2019\u00e9t\u00e9, tels que la Festa di San Antonio, sont un excellent moyen [&hellip;]<\/p>\n","protected":false},"author":1,"featured_media":5521,"parent":6018,"menu_order":0,"comment_status":"closed","ping_status":"closed","template":"tpl-location.php","meta":{"_acf_changed":false,"footnotes":""},"acf":{"address":"07031 Province of Sassari","location_type":"interest","map_link":"https:\/\/www.google.com\/maps\/place\/07031+Castelsardo,+Province+of+Sassari,+Italy\/@40.9130217,8.7146503,15z\/data=!3m1!4b1!4m6!3m5!1s0x12dc76578d96bc05:0xcea0cdfd7249a71c!8m2!3d40.913692!4d8.708592!16zL20vMGdjNTFi?entry=ttu","trip_advisor":"https:\/\/www.tripadvisor.it\/Tourism-g608909-Castelsardo_Province_of_Sassari_Sardinia-Vacations.html","coordinates":{"latitude":"40.9130217","longitude":"8.7146503"},"charging_stations":[{"charging_station":"Type 2 15kW: Via Cristoforo Colombo, 10, 07031 Castelsardo SS, Italy (850mtrs \/ 3-min)"}]},"aioseo_notices":[],"_links":{"self":[{"href":"https:\/\/nissantravelguide.com\/fr\/wp-json\/wp\/v2\/pages\/6038"}],"collection":[{"href":"https:\/\/nissantravelguide.com\/fr\/wp-json\/wp\/v2\/pages"}],"about":[{"href":"https:\/\/nissantravelguide.com\/fr\/wp-json\/wp\/v2\/types\/page"}],"author":[{"embeddable":true,"href":"https:\/\/nissantravelguide.com\/fr\/wp-json\/wp\/v2\/users\/1"}],"replies":[{"embeddable":true,"href":"https:\/\/nissantravelguide.com\/fr\/wp-json\/wp\/v2\/comments?post=6038"}],"version-history":[{"count":0,"href":"https:\/\/nissantravelguide.com\/fr\/wp-json\/wp\/v2\/pages\/6038\/revisions"}],"up":[{"embeddable":true,"href":"https:\/\/nissantravelguide.com\/fr\/wp-json\/wp\/v2\/pages\/6018"}],"wp:featuredmedia":[{"embeddable":true,"href":"https:\/\/nissantravelguide.com\/fr\/wp-json\/wp\/v2\/media\/5521"}],"wp:attachment":[{"href":"https:\/\/nissantravelguide.com\/fr\/wp-json\/wp\/v2\/media?parent=6038"}],"curies":[{"name":"wp","href":"https:\/\/api.w.org\/{rel}","templated":true}]}}