{"id":6040,"date":"2023-07-28T08:10:15","date_gmt":"2023-07-28T08:10:15","guid":{"rendered":"https:\/\/nissantravelguide.com\/sardaigne\/ecoparco-neule\/"},"modified":"2023-07-28T08:10:15","modified_gmt":"2023-07-28T08:10:15","slug":"ecoparco-neule","status":"publish","type":"page","link":"https:\/\/nissantravelguide.com\/fr\/sardaigne\/ecoparco-neule\/","title":{"rendered":"Ecoparco Neule"},"content":{"rendered":"<p>Vous recherchez un s\u00e9jour respectueux de l\u2019environnement, accompagn\u00e9 de vues imprenables et d\u2019une d\u00e9licieuse cuisine locale\u00a0? Dans ce cas, Ecoparco Neul\u00e8 est fait pour vous\u00a0! La vue imprenable sur le lac Cedrino en contrebas et sur les paysages pr\u00e9serv\u00e9s qui l\u2019entourent t\u00e9moigne du charme extraordinaire de l\u2019\u00eele. Cependant, les vues ne sont pas la seule chose que ce site a \u00e0 offrir\u00a0! Le parc est situ\u00e9 \u00e0 proximit\u00e9 du golfe d\u2019Orosei et de certaines des plus belles plages de Sardaigne, tandis que tous les h\u00f4tes ont \u00e9galement acc\u00e8s \u00e0 leur propre cuisine en pierre, ce qui leur permet d\u2019affiner leurs talents culinaires\u00a0!<\/p>\n","protected":false},"excerpt":{"rendered":"<p>Vous recherchez un s\u00e9jour respectueux de l\u2019environnement, accompagn\u00e9 de vues imprenables et d\u2019une d\u00e9licieuse cuisine locale\u00a0? Dans ce cas, Ecoparco Neul\u00e8 est fait pour vous\u00a0! La vue imprenable sur le lac Cedrino en contrebas et sur les paysages pr\u00e9serv\u00e9s qui l\u2019entourent t\u00e9moigne du charme extraordinaire de l\u2019\u00eele. Cependant, les vues ne sont pas la seule [&hellip;]<\/p>\n","protected":false},"author":1,"featured_media":5445,"parent":6018,"menu_order":0,"comment_status":"closed","ping_status":"closed","template":"tpl-location.php","meta":{"_acf_changed":false,"footnotes":""},"acf":{"address":"Localit\u00e0 Neul\u00e8, 08022 Dorgali NU, Italy","location_type":"hotel","map_link":"https:\/\/www.google.com\/maps\/place\/Ecoparco+neule'\/@40.3208037,9.5509956,17z\/data=!3m1!4b1!4m9!3m8!1s0x12def572f0d97c17:0xd5e45f428d9ec5c9!5m2!4m1!1i2!8m2!3d40.3207996!4d9.5535705!16s\/g\/11t31vk21f?entry=ttu","trip_advisor":"https:\/\/www.tripadvisor.it\/Hotel_Review-g642180-d2186476-Reviews-Ecoparco_Neule_kayak_sul_cedrino-Dorgali_Province_of_Nuoro_Sardinia.html","coordinates":{"latitude":"40.3208037","longitude":"9.5509956"},"charging_stations":[{"charging_station":"Type 2 22kW: Via Vittorio Emanuele, 93, 08022 Dorgali NU, Italy (6.3km \/ 14-min)"}]},"aioseo_notices":[],"_links":{"self":[{"href":"https:\/\/nissantravelguide.com\/fr\/wp-json\/wp\/v2\/pages\/6040"}],"collection":[{"href":"https:\/\/nissantravelguide.com\/fr\/wp-json\/wp\/v2\/pages"}],"about":[{"href":"https:\/\/nissantravelguide.com\/fr\/wp-json\/wp\/v2\/types\/page"}],"author":[{"embeddable":true,"href":"https:\/\/nissantravelguide.com\/fr\/wp-json\/wp\/v2\/users\/1"}],"replies":[{"embeddable":true,"href":"https:\/\/nissantravelguide.com\/fr\/wp-json\/wp\/v2\/comments?post=6040"}],"version-history":[{"count":0,"href":"https:\/\/nissantravelguide.com\/fr\/wp-json\/wp\/v2\/pages\/6040\/revisions"}],"up":[{"embeddable":true,"href":"https:\/\/nissantravelguide.com\/fr\/wp-json\/wp\/v2\/pages\/6018"}],"wp:featuredmedia":[{"embeddable":true,"href":"https:\/\/nissantravelguide.com\/fr\/wp-json\/wp\/v2\/media\/5445"}],"wp:attachment":[{"href":"https:\/\/nissantravelguide.com\/fr\/wp-json\/wp\/v2\/media?parent=6040"}],"curies":[{"name":"wp","href":"https:\/\/api.w.org\/{rel}","templated":true}]}}