{"id":6042,"date":"2023-07-28T08:10:52","date_gmt":"2023-07-28T08:10:52","guid":{"rendered":"https:\/\/nissantravelguide.com\/sardaigne\/grotta-di-nettuno\/"},"modified":"2023-07-28T08:10:52","modified_gmt":"2023-07-28T08:10:52","slug":"grotta-di-nettuno","status":"publish","type":"page","link":"https:\/\/nissantravelguide.com\/fr\/sardaigne\/grotta-di-nettuno\/","title":{"rendered":"Grotta di Nettuno"},"content":{"rendered":"<p>Laissez-vous s\u00e9duire par ces grottes mystiques, qui rendent hommage au puissant Dieu romain de la mer. Une aventure inoubliable vous attend\u00a0: vous explorerez ces grottes \u00e0 pied et en mer, et vous vous impr\u00e9gnerez de leur beaut\u00e9 impressionnante. Ces grottes ne sont pas un lieu de visite ordinaire\u00a0: elles incarnent l\u2019essence brute et diversifi\u00e9e de la g\u00e9ographie de la Sardaigne, laissant une impression durable \u00e0 tous ceux qui s\u2019aventurent \u00e0 l\u2019int\u00e9rieur. Vous allez vivre des moments inoubliables qui resteront grav\u00e9s dans votre m\u00e9moire comme un conte captivant de l\u00e9gendes anciennes. Les grottes de Neptune vous appellent, vous invitant \u00e0 embarquer pour un voyage que vous n\u2019\u00eates pas pr\u00eat d\u2019oublier\u00a0!<\/p>\n","protected":false},"excerpt":{"rendered":"<p>Laissez-vous s\u00e9duire par ces grottes mystiques, qui rendent hommage au puissant Dieu romain de la mer. Une aventure inoubliable vous attend\u00a0: vous explorerez ces grottes \u00e0 pied et en mer, et vous vous impr\u00e9gnerez de leur beaut\u00e9 impressionnante. Ces grottes ne sont pas un lieu de visite ordinaire\u00a0: elles incarnent l\u2019essence brute et diversifi\u00e9e de [&hellip;]<\/p>\n","protected":false},"author":1,"featured_media":5794,"parent":6018,"menu_order":0,"comment_status":"closed","ping_status":"closed","template":"tpl-location.php","meta":{"_acf_changed":false,"footnotes":""},"acf":{"address":"07041 Alghero, Province of Sassari, Italy","location_type":"beauty","map_link":"https:\/\/www.google.com\/maps\/place\/Neptune's+Grotto\/@40.5641883,8.1618085,18z\/data=!3m1!4b1!4m6!3m5!1s0x12dce9bb9a8b5129:0xc2b9ceb7b86dc2ac!8m2!3d40.5650296!4d8.1604548!16s%2Fm%2F040833t?entry=ttu","trip_advisor":"https:\/\/www.tripadvisor.co.uk\/Attraction_Review-g187880-d10389400-Reviews-Neptune_s_Grotto-Alghero_Province_of_Sassari_Sardinia.html","coordinates":{"latitude":"40.5641883","longitude":"8.1618085"},"charging_stations":[{"charging_station":"Type 2 22kW: Strada Provinciale 44, 07041 Alghero SS, Italy (22.8Kms \/ 27-min)"}]},"aioseo_notices":[],"_links":{"self":[{"href":"https:\/\/nissantravelguide.com\/fr\/wp-json\/wp\/v2\/pages\/6042"}],"collection":[{"href":"https:\/\/nissantravelguide.com\/fr\/wp-json\/wp\/v2\/pages"}],"about":[{"href":"https:\/\/nissantravelguide.com\/fr\/wp-json\/wp\/v2\/types\/page"}],"author":[{"embeddable":true,"href":"https:\/\/nissantravelguide.com\/fr\/wp-json\/wp\/v2\/users\/1"}],"replies":[{"embeddable":true,"href":"https:\/\/nissantravelguide.com\/fr\/wp-json\/wp\/v2\/comments?post=6042"}],"version-history":[{"count":0,"href":"https:\/\/nissantravelguide.com\/fr\/wp-json\/wp\/v2\/pages\/6042\/revisions"}],"up":[{"embeddable":true,"href":"https:\/\/nissantravelguide.com\/fr\/wp-json\/wp\/v2\/pages\/6018"}],"wp:featuredmedia":[{"embeddable":true,"href":"https:\/\/nissantravelguide.com\/fr\/wp-json\/wp\/v2\/media\/5794"}],"wp:attachment":[{"href":"https:\/\/nissantravelguide.com\/fr\/wp-json\/wp\/v2\/media?parent=6042"}],"curies":[{"name":"wp","href":"https:\/\/api.w.org\/{rel}","templated":true}]}}