{"id":6044,"date":"2023-07-28T08:11:28","date_gmt":"2023-07-28T08:11:28","guid":{"rendered":"https:\/\/nissantravelguide.com\/sardaigne\/la-maddalena-island\/"},"modified":"2023-07-28T08:11:28","modified_gmt":"2023-07-28T08:11:28","slug":"la-maddalena-island","status":"publish","type":"page","link":"https:\/\/nissantravelguide.com\/fr\/sardaigne\/la-maddalena-island\/","title":{"rendered":"La Maddalena Island"},"content":{"rendered":"<p>L\u2019\u00eele de La Maddalena fait partie d\u2019un archipel de sept \u00eeles pittoresques au large de la Sardaigne. Situ\u00e9 au nord-ouest de la mer M\u00e9diterran\u00e9e, l\u2019archipel de La Maddalena se compose de plusieurs \u00eeles de diff\u00e9rentes tailles. Avec leurs eaux limpides, ces \u00eeles paradisiaques sont un rendez-vous incontournable pour tous ceux qui souhaitent \u00e9chapper \u00e0 l\u2019agitation de la vie quotidienne. Devenues officiellement un parc national italien, les \u00eeles offrent aux visiteurs un paysage diversifi\u00e9 et unique. Gr\u00e2ce \u00e0 d\u2019excellentes voies de transport depuis la Sardaigne continentale, l\u2019archipel est une destination de vacances id\u00e9ale pour se d\u00e9tendre, se relaxer et s\u2019immerger dans la nature la plus exquise d\u2019Italie.<\/p>\n","protected":false},"excerpt":{"rendered":"<p>L\u2019\u00eele de La Maddalena fait partie d\u2019un archipel de sept \u00eeles pittoresques au large de la Sardaigne. Situ\u00e9 au nord-ouest de la mer M\u00e9diterran\u00e9e, l\u2019archipel de La Maddalena se compose de plusieurs \u00eeles de diff\u00e9rentes tailles. Avec leurs eaux limpides, ces \u00eeles paradisiaques sont un rendez-vous incontournable pour tous ceux qui souhaitent \u00e9chapper \u00e0 l\u2019agitation [&hellip;]<\/p>\n","protected":false},"author":1,"featured_media":5907,"parent":6018,"menu_order":0,"comment_status":"closed","ping_status":"closed","template":"tpl-location.php","meta":{"_acf_changed":false,"footnotes":""},"acf":{"address":"Province of Sassari","location_type":"interest","map_link":"https:\/\/www.google.com\/maps\/place\/La+Maddalena,+Province+of+Sassari,+Italy\/@41.2197205,9.4099797,14z\/data=!3m1!4b1!4m6!3m5!1s0x12d969d4550eca09:0xfe585f0882dca71c!8m2!3d41.2165538!4d9.4047122!16s%2Fg%2F11bwc571lh?entry=ttu","trip_advisor":"https:\/\/www.tripadvisor.it\/Tourism-g612430-La_Maddalena_Maddalena_Islands_Province_of_Sassari_Sardinia-Vacations.html","coordinates":{"latitude":"41.2197205","longitude":"9.4099797"},"charging_stations":[{"charging_station":"Type 2 22kW, Type 2 11kW: Localit\u00e0 Nido d'Aquila, 07024, La Maddalena SS, Italy (3.6kms \/ 8-min)"}]},"aioseo_notices":[],"_links":{"self":[{"href":"https:\/\/nissantravelguide.com\/fr\/wp-json\/wp\/v2\/pages\/6044"}],"collection":[{"href":"https:\/\/nissantravelguide.com\/fr\/wp-json\/wp\/v2\/pages"}],"about":[{"href":"https:\/\/nissantravelguide.com\/fr\/wp-json\/wp\/v2\/types\/page"}],"author":[{"embeddable":true,"href":"https:\/\/nissantravelguide.com\/fr\/wp-json\/wp\/v2\/users\/1"}],"replies":[{"embeddable":true,"href":"https:\/\/nissantravelguide.com\/fr\/wp-json\/wp\/v2\/comments?post=6044"}],"version-history":[{"count":0,"href":"https:\/\/nissantravelguide.com\/fr\/wp-json\/wp\/v2\/pages\/6044\/revisions"}],"up":[{"embeddable":true,"href":"https:\/\/nissantravelguide.com\/fr\/wp-json\/wp\/v2\/pages\/6018"}],"wp:featuredmedia":[{"embeddable":true,"href":"https:\/\/nissantravelguide.com\/fr\/wp-json\/wp\/v2\/media\/5907"}],"wp:attachment":[{"href":"https:\/\/nissantravelguide.com\/fr\/wp-json\/wp\/v2\/media?parent=6044"}],"curies":[{"name":"wp","href":"https:\/\/api.w.org\/{rel}","templated":true}]}}